{"id":10049,"date":"2021-06-20T10:58:02","date_gmt":"2021-06-20T10:58:02","guid":{"rendered":"https:\/\/www.gartenvip.de\/?product=prosperplast-19549-kompostierer-ikst380c-380literschwarz"},"modified":"2024-01-03T16:56:11","modified_gmt":"2024-01-03T15:56:11","slug":"prosperplast-19549-kompostierer-ikst380c-380literschwarz","status":"publish","type":"product","link":"https:\/\/www.gartenvip.de\/?product=prosperplast-19549-kompostierer-ikst380c-380literschwarz","title":{"rendered":"Compostador 380l prosperplast compogreen de pl\u00e1stico en color negro, 82,6 (alto) x 71,9 (ancho) x 71,9 (profundo) cms"},"content":{"rendered":"<div id='gallery-1' class='gallery galleryid-10049 gallery-columns-3 gallery-size-full'><dl class='gallery-item'>\r\n<dt class='gallery-icon landscape'>\r\n<a rel='gallery-nr'><img loading=\"lazy\" decoding=\"async\" width=\"500\" height=\"500\" src=\"https:\/\/images-na.ssl-images-amazon.com\/images\/I\/417ZScuPx9L.jpg\" class=\"attachment-full size-full\" alt=\"\" srcset=\"https:\/\/images-na.ssl-images-amazon.com\/images\/I\/417ZScuPx9L.jpg 500w, https:\/\/images-na.ssl-images-amazon.com\/images\/I\/417ZScuPx9L._SS150_.jpg 150w, https:\/\/images-na.ssl-images-amazon.com\/images\/I\/417ZScuPx9L._SS300_.jpg 300w, https:\/\/images-na.ssl-images-amazon.com\/images\/I\/417ZScuPx9L._SS768_.jpg 768w, https:\/\/images-na.ssl-images-amazon.com\/images\/I\/417ZScuPx9L._SS1024_.jpg 1024w, https:\/\/images-na.ssl-images-amazon.com\/images\/I\/417ZScuPx9L._SS1536_.jpg 1536w, https:\/\/images-na.ssl-images-amazon.com\/images\/I\/417ZScuPx9L._SS2048_.jpg 2048w, https:\/\/images-na.ssl-images-amazon.com\/images\/I\/417ZScuPx9L._SS145_.jpg 145w, https:\/\/images-na.ssl-images-amazon.com\/images\/I\/417ZScuPx9L._SS1200_.jpg 1200w, https:\/\/images-na.ssl-images-amazon.com\/images\/I\/417ZScuPx9L._SS50_.jpg 50w, https:\/\/images-na.ssl-images-amazon.com\/images\/I\/417ZScuPx9L._SS604_.jpg 604w, https:\/\/images-na.ssl-images-amazon.com\/images\/I\/417ZScuPx9L._SS281_.jpg 281w, https:\/\/images-na.ssl-images-amazon.com\/images\/I\/417ZScuPx9L._SS799_.jpg 799w, https:\/\/images-na.ssl-images-amazon.com\/images\/I\/417ZScuPx9L._SS250_.jpg 250w, https:\/\/images-na.ssl-images-amazon.com\/images\/I\/417ZScuPx9L._SS450_.jpg 450w, https:\/\/images-na.ssl-images-amazon.com\/images\/I\/417ZScuPx9L._SS220_.jpg 220w\" sizes=\"auto, (max-width: 500px) 100vw, 500px\" \/><\/a>\r\n<\/dt>\r\n<dd class='wp-caption-text gallery-caption'>\r\n<div class='gallery-caption-inner'> <div class='wp-caption-text gallery-title'>\r\n\tProsperplast-19549-Kompostierer-IKST380C-380Literschwarz\r\n\t<\/div><div class='wp-caption-text gallery-zoom no-text'>\r\n\t <a href=https:\/\/www.gartenvip.de\/?attachment_id=10050 title='Click to view Full Image' class='icon mustang-gallery'><i class='fa fa-plus'><\/i><\/a>\r\n\t<\/div><div class='wp-caption-text gallery-redirect'>\r\n\t <a href=https:\/\/www.gartenvip.de\/?attachment_id=10050 title='Click to view read more' class='icon readmore'><i class='fa fa-link'><\/i><\/a>\r\n\t<\/div><\/div><\/dd><\/dl>\r\n<\/div>\n<br \/>\n<!-- show up to 2 reviews by default --> <\/p>\n<p>Produktdetails <br \/> * Volumen: 380 l <br \/> * Material: Kunststoff <br \/> * Farbe: schwarz <br \/> * Deckel: Ja <br \/> * Bodengitter: Nein <br \/> * Anzahl Entnahmeklappen: 2 <br \/> * Doppelwandig: Nein <br \/> * Breite: 72 cm <br \/> * Tiefe: 72 cm <br \/> * H\u00f6he: 83 cm <br \/> * Besonderheiten: verschlie\u00dfbarer Deckel <\/p>\n<p> Ma\u00dfangaben <br \/> * Gewicht: 5,6 kg <\/p>\n<p> Hinweise <br \/> * Artikelhinweis: Alle Angaben sind ca.-Angaben<\/p>\n<p>Produkt-Name: 380 l<\/p>\n<p> Wetterbest\u00e4ndig bis: -45 \u00b0C | +55\u00b0C. <\/p>\n<div class=\"main-cross-sell\" data-asin=\"B007VYHEGG\">\n\n\t<div class=\"WooZone-cross-sell-loader\">\n\t\t<div>\n\t\t\t<div id=\"floatingBarsG\">\n\t\t\t\t<div class=\"blockG\" id=\"rotateG_01\"><\/div>\n\t\t\t\t<div class=\"blockG\" id=\"rotateG_02\"><\/div>\n\t\t\t\t<div class=\"blockG\" id=\"rotateG_03\"><\/div>\n\t\t\t\t<div class=\"blockG\" id=\"rotateG_04\"><\/div>\n\t\t\t\t<div class=\"blockG\" id=\"rotateG_05\"><\/div>\n\t\t\t\t<div class=\"blockG\" id=\"rotateG_06\"><\/div>\n\t\t\t\t<div class=\"blockG\" id=\"rotateG_07\"><\/div>\n\t\t\t\t<div class=\"blockG\" id=\"rotateG_08\"><\/div>\n\t\t\t<\/div>\n\t\t\t<div class=\"WooZone-cross-sell-loader-text\"><\/div>\n\t\t<\/div>\n\t<\/div>\n\n\t\t\n<\/div>\n<div style=\"clear:both;\"><\/div>\n","protected":false},"excerpt":{"rendered":"<p>Produktdetails * Volumen: 380 l * Material: Kunststoff * Farbe: schwarz * Deckel: Ja * Bodengitter: Nein * Anzahl Entnahmeklappen: 2 * Doppelwandig: Nein * Breite: 72 cm * Tiefe: 72 cm * H\u00f6he: 83 cm * Besonderheiten: verschlie\u00dfbarer Deckel Ma\u00dfangaben * Gewicht: 5,6 kg Hinweise * Artikelhinweis: Alle Angaben sind ca.-Angaben Produkt-Name: 380 l [&hellip;]<\/p>\n","protected":false},"featured_media":10050,"comment_status":"open","ping_status":"closed","template":"","meta":[],"product_brand":[],"product_cat":[42],"product_tag":[],"class_list":{"0":"post-10049","1":"product","2":"type-product","3":"status-publish","4":"has-post-thumbnail","6":"product_cat-kompost","7":"pa_amazon-bestseller-rang-nr-33460-in-garten-siehe-top-100-in-garten-nr-40-in-komposte","8":"pa_auslaufartikel-produktion-dur-nein","9":"pa_brand-marke-zanvic","10":"pa_durchschnittliche-kundenbewer-40-von-5-sternen-276-sternebewertungen-40-von-5-sternen","11":"pa_hersteller-prosperplast","12":"pa_im-angebot-von-amazon-de-seit-20-april-2012","13":"pa_produktabmessungen-71-9-x-71-9-x-82-6-cm-2-kilogramm","14":"pa_teilenummer-ikst380c-s411","15":"pa_volumen-380-liter","18":"first","19":"instock","20":"shipping-taxable","21":"purchasable","22":"product-type-simple"},"_links":{"self":[{"href":"https:\/\/www.gartenvip.de\/index.php?rest_route=\/wp\/v2\/product\/10049","targetHints":{"allow":["GET"]}}],"collection":[{"href":"https:\/\/www.gartenvip.de\/index.php?rest_route=\/wp\/v2\/product"}],"about":[{"href":"https:\/\/www.gartenvip.de\/index.php?rest_route=\/wp\/v2\/types\/product"}],"replies":[{"embeddable":true,"href":"https:\/\/www.gartenvip.de\/index.php?rest_route=%2Fwp%2Fv2%2Fcomments&post=10049"}],"wp:featuredmedia":[{"embeddable":true,"href":"https:\/\/www.gartenvip.de\/index.php?rest_route=\/wp\/v2\/media\/10050"}],"wp:attachment":[{"href":"https:\/\/www.gartenvip.de\/index.php?rest_route=%2Fwp%2Fv2%2Fmedia&parent=10049"}],"wp:term":[{"taxonomy":"product_brand","embeddable":true,"href":"https:\/\/www.gartenvip.de\/index.php?rest_route=%2Fwp%2Fv2%2Fproduct_brand&post=10049"},{"taxonomy":"product_cat","embeddable":true,"href":"https:\/\/www.gartenvip.de\/index.php?rest_route=%2Fwp%2Fv2%2Fproduct_cat&post=10049"},{"taxonomy":"product_tag","embeddable":true,"href":"https:\/\/www.gartenvip.de\/index.php?rest_route=%2Fwp%2Fv2%2Fproduct_tag&post=10049"}],"curies":[{"name":"wp","href":"https:\/\/api.w.org\/{rel}","templated":true}]}}