{"id":10186,"date":"2021-06-20T10:59:36","date_gmt":"2021-06-20T10:59:36","guid":{"rendered":"https:\/\/www.gartenvip.de\/?product=juwel-20178-bodenrost-fuer-kompostbehaelter"},"modified":"2024-01-03T16:59:21","modified_gmt":"2024-01-03T15:59:21","slug":"juwel-20178-bodenrost-fuer-kompostbehaelter","status":"publish","type":"product","link":"https:\/\/www.gartenvip.de\/?product=juwel-20178-bodenrost-fuer-kompostbehaelter","title":{"rendered":"Juwel 20178 Bodenrost f\u00fcr Kompostbeh\u00e4lter"},"content":{"rendered":"<div id='gallery-1' class='gallery galleryid-10186 gallery-columns-3 gallery-size-full'><dl class='gallery-item'>\r\n<dt class='gallery-icon landscape'>\r\n<a rel='gallery-nr'><img loading=\"lazy\" decoding=\"async\" width=\"500\" height=\"500\" src=\"https:\/\/images-na.ssl-images-amazon.com\/images\/I\/61zXymg-WBL.jpg\" class=\"attachment-full size-full\" alt=\"\" srcset=\"https:\/\/images-na.ssl-images-amazon.com\/images\/I\/61zXymg-WBL.jpg 500w, https:\/\/images-na.ssl-images-amazon.com\/images\/I\/61zXymg-WBL._SS150_.jpg 150w, https:\/\/images-na.ssl-images-amazon.com\/images\/I\/61zXymg-WBL._SS300_.jpg 300w, https:\/\/images-na.ssl-images-amazon.com\/images\/I\/61zXymg-WBL._SS768_.jpg 768w, https:\/\/images-na.ssl-images-amazon.com\/images\/I\/61zXymg-WBL._SS1024_.jpg 1024w, https:\/\/images-na.ssl-images-amazon.com\/images\/I\/61zXymg-WBL._SS1536_.jpg 1536w, https:\/\/images-na.ssl-images-amazon.com\/images\/I\/61zXymg-WBL._SS2048_.jpg 2048w, https:\/\/images-na.ssl-images-amazon.com\/images\/I\/61zXymg-WBL._SS145_.jpg 145w, https:\/\/images-na.ssl-images-amazon.com\/images\/I\/61zXymg-WBL._SS1200_.jpg 1200w, https:\/\/images-na.ssl-images-amazon.com\/images\/I\/61zXymg-WBL._SS50_.jpg 50w, https:\/\/images-na.ssl-images-amazon.com\/images\/I\/61zXymg-WBL._SS604_.jpg 604w, https:\/\/images-na.ssl-images-amazon.com\/images\/I\/61zXymg-WBL._SS281_.jpg 281w, https:\/\/images-na.ssl-images-amazon.com\/images\/I\/61zXymg-WBL._SS799_.jpg 799w, https:\/\/images-na.ssl-images-amazon.com\/images\/I\/61zXymg-WBL._SS250_.jpg 250w, https:\/\/images-na.ssl-images-amazon.com\/images\/I\/61zXymg-WBL._SS450_.jpg 450w, https:\/\/images-na.ssl-images-amazon.com\/images\/I\/61zXymg-WBL._SS220_.jpg 220w\" sizes=\"auto, (max-width: 500px) 100vw, 500px\" \/><\/a>\r\n<\/dt>\r\n<dd class='wp-caption-text gallery-caption'>\r\n<div class='gallery-caption-inner'> <div class='wp-caption-text gallery-title'>\r\n\tJuwel-20178-Bodenrost-fuer-Kompostbehaelter\r\n\t<\/div><div class='wp-caption-text gallery-zoom no-text'>\r\n\t <a href=https:\/\/www.gartenvip.de\/?attachment_id=10187 title='Click to view Full Image' class='icon mustang-gallery'><i class='fa fa-plus'><\/i><\/a>\r\n\t<\/div><div class='wp-caption-text gallery-redirect'>\r\n\t <a href=https:\/\/www.gartenvip.de\/?attachment_id=10187 title='Click to view read more' class='icon readmore'><i class='fa fa-link'><\/i><\/a>\r\n\t<\/div><\/div><\/dd><\/dl>\r\n<\/div>\n<br \/>\n<!-- show up to 2 reviews by default --> <\/p>\n<p>Schutz vor Nagetieren. L\u00e4sst die n\u00fctzlichen Kompostw\u00fcrmer durch. Passend f\u00fcr alle JUWEL Aeroquick- und Bio-Komposter-Modelle sowie f\u00fcr handels\u00fcbliche Komposter. Bis Grundfl\u00e4che 82 x 82 cm. <\/p>\n<p>Das M\u00e4usegitter wird unter den Komposter gelegt und verhindert somit dass M\u00e4use in den Beh\u00e4lter gelangen<br \/>\nDie Montage des Gitters erfolgt \u00fcber ein einfaches Steck-Prinzip und ist in wenigen Handgriffen erledigt<br \/>\nDas Schutzgitter ist f\u00fcr alle Juwel Aeroquick- und Bio-Komposter Modelle sowie f\u00fcr handels\u00fcbliche Komposter geeignet<br \/>\nDas Bodengitter ist f\u00fcr Bio-Komposter bis zu einer Grundfl\u00e4che von 82&#215;82 cm geeignet<br \/>\n<div class=\"main-cross-sell\" data-asin=\"B000VDP6AK\">\n\n\t<div class=\"WooZone-cross-sell-loader\">\n\t\t<div>\n\t\t\t<div id=\"floatingBarsG\">\n\t\t\t\t<div class=\"blockG\" id=\"rotateG_01\"><\/div>\n\t\t\t\t<div class=\"blockG\" id=\"rotateG_02\"><\/div>\n\t\t\t\t<div class=\"blockG\" id=\"rotateG_03\"><\/div>\n\t\t\t\t<div class=\"blockG\" id=\"rotateG_04\"><\/div>\n\t\t\t\t<div class=\"blockG\" id=\"rotateG_05\"><\/div>\n\t\t\t\t<div class=\"blockG\" id=\"rotateG_06\"><\/div>\n\t\t\t\t<div class=\"blockG\" id=\"rotateG_07\"><\/div>\n\t\t\t\t<div class=\"blockG\" id=\"rotateG_08\"><\/div>\n\t\t\t<\/div>\n\t\t\t<div class=\"WooZone-cross-sell-loader-text\"><\/div>\n\t\t<\/div>\n\t<\/div>\n\n\t\t\n<\/div>\n<div style=\"clear:both;\"><\/div>\n","protected":false},"excerpt":{"rendered":"<p>Das M\u00e4usegitter wird unter den Komposter gelegt und verhindert somit dass M\u00e4use in den Beh\u00e4lter gelangen<br \/>\nDie Montage des Gitters erfolgt \u00fcber ein einfaches Steck-Prinzip und ist in wenigen Handgriffen erledigt<br \/>\nDas Schutzgitter ist f\u00fcr alle Juwel Aeroquick- und Bio-Komposter Modelle sowie f\u00fcr handels\u00fcbliche Komposter geeignet<\/p>\n","protected":false},"featured_media":10187,"comment_status":"open","ping_status":"closed","template":"","meta":[],"product_brand":[],"product_cat":[42],"product_tag":[],"class_list":{"0":"post-10186","1":"product","2":"type-product","3":"status-publish","4":"has-post-thumbnail","6":"product_cat-kompost","7":"pa_brand-marke-juwel","10":"first","11":"instock","12":"shipping-taxable","13":"purchasable","14":"product-type-simple"},"_links":{"self":[{"href":"https:\/\/www.gartenvip.de\/index.php?rest_route=\/wp\/v2\/product\/10186","targetHints":{"allow":["GET"]}}],"collection":[{"href":"https:\/\/www.gartenvip.de\/index.php?rest_route=\/wp\/v2\/product"}],"about":[{"href":"https:\/\/www.gartenvip.de\/index.php?rest_route=\/wp\/v2\/types\/product"}],"replies":[{"embeddable":true,"href":"https:\/\/www.gartenvip.de\/index.php?rest_route=%2Fwp%2Fv2%2Fcomments&post=10186"}],"wp:featuredmedia":[{"embeddable":true,"href":"https:\/\/www.gartenvip.de\/index.php?rest_route=\/wp\/v2\/media\/10187"}],"wp:attachment":[{"href":"https:\/\/www.gartenvip.de\/index.php?rest_route=%2Fwp%2Fv2%2Fmedia&parent=10186"}],"wp:term":[{"taxonomy":"product_brand","embeddable":true,"href":"https:\/\/www.gartenvip.de\/index.php?rest_route=%2Fwp%2Fv2%2Fproduct_brand&post=10186"},{"taxonomy":"product_cat","embeddable":true,"href":"https:\/\/www.gartenvip.de\/index.php?rest_route=%2Fwp%2Fv2%2Fproduct_cat&post=10186"},{"taxonomy":"product_tag","embeddable":true,"href":"https:\/\/www.gartenvip.de\/index.php?rest_route=%2Fwp%2Fv2%2Fproduct_tag&post=10186"}],"curies":[{"name":"wp","href":"https:\/\/api.w.org\/{rel}","templated":true}]}}