{"id":10246,"date":"2021-06-21T08:07:33","date_gmt":"2021-06-21T08:07:33","guid":{"rendered":"https:\/\/www.gartenvip.de\/?product=dema-metallkomposter-106x106x81-cm-vollverzinkt"},"modified":"2024-01-03T17:02:28","modified_gmt":"2024-01-03T16:02:28","slug":"dema-metallkomposter-106x106x81-cm-vollverzinkt","status":"publish","type":"product","link":"https:\/\/www.gartenvip.de\/?product=dema-metallkomposter-106x106x81-cm-vollverzinkt","title":{"rendered":"Garten Metallkomposter Gartenkomposter Komposter 107x107x81 cm vollverzinkt"},"content":{"rendered":"<div id='gallery-1' class='gallery galleryid-10246 gallery-columns-3 gallery-size-full'><dl class='gallery-item'>\r\n<dt class='gallery-icon landscape'>\r\n<a rel='gallery-nr'><img loading=\"lazy\" decoding=\"async\" width=\"500\" height=\"500\" src=\"https:\/\/images-na.ssl-images-amazon.com\/images\/I\/51gezCvZYZS.jpg\" class=\"attachment-full size-full\" alt=\"\" srcset=\"https:\/\/images-na.ssl-images-amazon.com\/images\/I\/51gezCvZYZS.jpg 500w, https:\/\/images-na.ssl-images-amazon.com\/images\/I\/51gezCvZYZS._SS150_.jpg 150w, https:\/\/images-na.ssl-images-amazon.com\/images\/I\/51gezCvZYZS._SS300_.jpg 300w, https:\/\/images-na.ssl-images-amazon.com\/images\/I\/51gezCvZYZS._SS768_.jpg 768w, https:\/\/images-na.ssl-images-amazon.com\/images\/I\/51gezCvZYZS._SS1024_.jpg 1024w, https:\/\/images-na.ssl-images-amazon.com\/images\/I\/51gezCvZYZS._SS1536_.jpg 1536w, https:\/\/images-na.ssl-images-amazon.com\/images\/I\/51gezCvZYZS._SS2048_.jpg 2048w, https:\/\/images-na.ssl-images-amazon.com\/images\/I\/51gezCvZYZS._SS145_.jpg 145w, https:\/\/images-na.ssl-images-amazon.com\/images\/I\/51gezCvZYZS._SS1200_.jpg 1200w, https:\/\/images-na.ssl-images-amazon.com\/images\/I\/51gezCvZYZS._SS50_.jpg 50w, https:\/\/images-na.ssl-images-amazon.com\/images\/I\/51gezCvZYZS._SS604_.jpg 604w, https:\/\/images-na.ssl-images-amazon.com\/images\/I\/51gezCvZYZS._SS281_.jpg 281w, https:\/\/images-na.ssl-images-amazon.com\/images\/I\/51gezCvZYZS._SS799_.jpg 799w, https:\/\/images-na.ssl-images-amazon.com\/images\/I\/51gezCvZYZS._SS250_.jpg 250w, https:\/\/images-na.ssl-images-amazon.com\/images\/I\/51gezCvZYZS._SS450_.jpg 450w, https:\/\/images-na.ssl-images-amazon.com\/images\/I\/51gezCvZYZS._SS220_.jpg 220w\" sizes=\"auto, (max-width: 500px) 100vw, 500px\" \/><\/a>\r\n<\/dt>\r\n<dd class='wp-caption-text gallery-caption'>\r\n<div class='gallery-caption-inner'> <div class='wp-caption-text gallery-title'>\r\n\tDEMA-Metallkomposter-106x106x81-cm-vollverzinkt\r\n\t<\/div><div class='wp-caption-text gallery-zoom no-text'>\r\n\t <a href=https:\/\/www.gartenvip.de\/?attachment_id=10247 title='Click to view Full Image' class='icon mustang-gallery'><i class='fa fa-plus'><\/i><\/a>\r\n\t<\/div><div class='wp-caption-text gallery-redirect'>\r\n\t <a href=https:\/\/www.gartenvip.de\/?attachment_id=10247 title='Click to view read more' class='icon readmore'><i class='fa fa-link'><\/i><\/a>\r\n\t<\/div><\/div><\/dd><\/dl><dl class='gallery-item'>\r\n<dt class='gallery-icon landscape'>\r\n<a rel='gallery-nr'><img loading=\"lazy\" decoding=\"async\" width=\"500\" height=\"500\" src=\"https:\/\/images-na.ssl-images-amazon.com\/images\/I\/510bbXIt0QS.jpg\" class=\"attachment-full size-full\" alt=\"\" srcset=\"https:\/\/images-na.ssl-images-amazon.com\/images\/I\/510bbXIt0QS.jpg 500w, https:\/\/images-na.ssl-images-amazon.com\/images\/I\/510bbXIt0QS._SS150_.jpg 150w, https:\/\/images-na.ssl-images-amazon.com\/images\/I\/510bbXIt0QS._SS300_.jpg 300w, https:\/\/images-na.ssl-images-amazon.com\/images\/I\/510bbXIt0QS._SS768_.jpg 768w, https:\/\/images-na.ssl-images-amazon.com\/images\/I\/510bbXIt0QS._SS1024_.jpg 1024w, https:\/\/images-na.ssl-images-amazon.com\/images\/I\/510bbXIt0QS._SS1536_.jpg 1536w, https:\/\/images-na.ssl-images-amazon.com\/images\/I\/510bbXIt0QS._SS2048_.jpg 2048w, https:\/\/images-na.ssl-images-amazon.com\/images\/I\/510bbXIt0QS._SS145_.jpg 145w, https:\/\/images-na.ssl-images-amazon.com\/images\/I\/510bbXIt0QS._SS1200_.jpg 1200w, https:\/\/images-na.ssl-images-amazon.com\/images\/I\/510bbXIt0QS._SS50_.jpg 50w, https:\/\/images-na.ssl-images-amazon.com\/images\/I\/510bbXIt0QS._SS604_.jpg 604w, https:\/\/images-na.ssl-images-amazon.com\/images\/I\/510bbXIt0QS._SS281_.jpg 281w, https:\/\/images-na.ssl-images-amazon.com\/images\/I\/510bbXIt0QS._SS799_.jpg 799w, https:\/\/images-na.ssl-images-amazon.com\/images\/I\/510bbXIt0QS._SS250_.jpg 250w, https:\/\/images-na.ssl-images-amazon.com\/images\/I\/510bbXIt0QS._SS450_.jpg 450w, https:\/\/images-na.ssl-images-amazon.com\/images\/I\/510bbXIt0QS._SS220_.jpg 220w\" sizes=\"auto, (max-width: 500px) 100vw, 500px\" \/><\/a>\r\n<\/dt>\r\n<dd class='wp-caption-text gallery-caption'>\r\n<div class='gallery-caption-inner'> <div class='wp-caption-text gallery-title'>\r\n\tDEMA-Metallkomposter-106x106x81-cm-vollverzinkt\r\n\t<\/div><div class='wp-caption-text gallery-zoom no-text'>\r\n\t <a href=https:\/\/www.gartenvip.de\/?attachment_id=10248 title='Click to view Full Image' class='icon mustang-gallery'><i class='fa fa-plus'><\/i><\/a>\r\n\t<\/div><div class='wp-caption-text gallery-redirect'>\r\n\t <a href=https:\/\/www.gartenvip.de\/?attachment_id=10248 title='Click to view read more' class='icon readmore'><i class='fa fa-link'><\/i><\/a>\r\n\t<\/div><\/div><\/dd><\/dl><dl class='gallery-item'>\r\n<dt class='gallery-icon landscape'>\r\n<a rel='gallery-nr'><img loading=\"lazy\" decoding=\"async\" width=\"500\" height=\"500\" src=\"https:\/\/images-na.ssl-images-amazon.com\/images\/I\/51wYV%2BudjaS.jpg\" class=\"attachment-full size-full\" alt=\"\" srcset=\"https:\/\/images-na.ssl-images-amazon.com\/images\/I\/51wYV%2BudjaS.jpg 500w, https:\/\/images-na.ssl-images-amazon.com\/images\/I\/51wYV%2BudjaS._SS150_.jpg 150w, https:\/\/images-na.ssl-images-amazon.com\/images\/I\/51wYV%2BudjaS._SS300_.jpg 300w, https:\/\/images-na.ssl-images-amazon.com\/images\/I\/51wYV%2BudjaS._SS768_.jpg 768w, https:\/\/images-na.ssl-images-amazon.com\/images\/I\/51wYV%2BudjaS._SS1024_.jpg 1024w, https:\/\/images-na.ssl-images-amazon.com\/images\/I\/51wYV%2BudjaS._SS1536_.jpg 1536w, https:\/\/images-na.ssl-images-amazon.com\/images\/I\/51wYV%2BudjaS._SS2048_.jpg 2048w, https:\/\/images-na.ssl-images-amazon.com\/images\/I\/51wYV%2BudjaS._SS145_.jpg 145w, https:\/\/images-na.ssl-images-amazon.com\/images\/I\/51wYV%2BudjaS._SS1200_.jpg 1200w, https:\/\/images-na.ssl-images-amazon.com\/images\/I\/51wYV%2BudjaS._SS50_.jpg 50w, https:\/\/images-na.ssl-images-amazon.com\/images\/I\/51wYV%2BudjaS._SS604_.jpg 604w, https:\/\/images-na.ssl-images-amazon.com\/images\/I\/51wYV%2BudjaS._SS281_.jpg 281w, https:\/\/images-na.ssl-images-amazon.com\/images\/I\/51wYV%2BudjaS._SS799_.jpg 799w, https:\/\/images-na.ssl-images-amazon.com\/images\/I\/51wYV%2BudjaS._SS250_.jpg 250w, https:\/\/images-na.ssl-images-amazon.com\/images\/I\/51wYV%2BudjaS._SS450_.jpg 450w, https:\/\/images-na.ssl-images-amazon.com\/images\/I\/51wYV%2BudjaS._SS220_.jpg 220w\" sizes=\"auto, (max-width: 500px) 100vw, 500px\" \/><\/a>\r\n<\/dt>\r\n<dd class='wp-caption-text gallery-caption'>\r\n<div class='gallery-caption-inner'> <div class='wp-caption-text gallery-title'>\r\n\tDEMA-Metallkomposter-106x106x81-cm-vollverzinkt\r\n\t<\/div><div class='wp-caption-text gallery-zoom no-text'>\r\n\t <a href=https:\/\/www.gartenvip.de\/?attachment_id=10249 title='Click to view Full Image' class='icon mustang-gallery'><i class='fa fa-plus'><\/i><\/a>\r\n\t<\/div><div class='wp-caption-text gallery-redirect'>\r\n\t <a href=https:\/\/www.gartenvip.de\/?attachment_id=10249 title='Click to view read more' class='icon readmore'><i class='fa fa-link'><\/i><\/a>\r\n\t<\/div><\/div><\/dd><\/dl>\r\n<\/div>\n<br \/>\n<!-- show up to 2 reviews by default --> <\/p>\n<p>Der ideale Helfer f\u00fcr Gartenabf\u00e4lle, Kompost und vieles mehr &#8211; der DEMA Metallkomposter 106x106x81cm vollverzinkt!<br \/> Vollst\u00e4ndig feuerverzinkt und somit gut gegen Rost gesch\u00fctzt &#8211; ein Garant f\u00fcr eine lange Lebensdauer. Durch das einfache Steck-Verbindungssystem l\u00e4sst sich der Metallkomposter auch einfach erweitern.<br \/> Damit macht die Gartenarbeit noch mehr Spa\u00df &#8211; der DEMA Metallkomposter 106x106x81cm vollverzinkt!<\/p>\n<ul>\n<li>Materialst\u00e4rke: 2,2 mm<\/li>\n<li>Innenma\u00dfe: ca. 106x106x81 cm<\/li>\n<li>Ma\u00df der Maschen LxH: 3,6&#215;2,1 cm<\/li>\n<li>Gesamtma\u00dfe LxBxH: ca. 107x107x81 cm<\/li>\n<li>Gewicht: 12,9 kg<\/li>\n<\/ul>\n<ul>\n<li>Feuerverzinkte Seitenelemente<\/li>\n<li>Werkzeugloser Auf- und Abbau<\/li>\n<li>Beliebig erweiterbar durch einfache Steckverbindungen<\/li>\n<li>Flexible Anwendungsbereiche<\/li>\n<li>Stabil gefertigt<\/li>\n<\/ul>\n<p>Innenma\u00dfe: ca.106x106x81 cm<br \/>\nGesamtma\u00dfe LxBxH: ca. 107x107x81 cm<br \/>\nGewicht: 12,9 kg<br \/>\n<div class=\"main-cross-sell\" data-asin=\"B07D9R36DW\">\n\n\t<div class=\"WooZone-cross-sell-loader\">\n\t\t<div>\n\t\t\t<div id=\"floatingBarsG\">\n\t\t\t\t<div class=\"blockG\" id=\"rotateG_01\"><\/div>\n\t\t\t\t<div class=\"blockG\" id=\"rotateG_02\"><\/div>\n\t\t\t\t<div class=\"blockG\" id=\"rotateG_03\"><\/div>\n\t\t\t\t<div class=\"blockG\" id=\"rotateG_04\"><\/div>\n\t\t\t\t<div class=\"blockG\" id=\"rotateG_05\"><\/div>\n\t\t\t\t<div class=\"blockG\" id=\"rotateG_06\"><\/div>\n\t\t\t\t<div class=\"blockG\" id=\"rotateG_07\"><\/div>\n\t\t\t\t<div class=\"blockG\" id=\"rotateG_08\"><\/div>\n\t\t\t<\/div>\n\t\t\t<div class=\"WooZone-cross-sell-loader-text\"><\/div>\n\t\t<\/div>\n\t<\/div>\n\n\t\t\n<\/div>\n<div style=\"clear:both;\"><\/div>\n","protected":false},"excerpt":{"rendered":"<p>Innenma\u00dfe: ca.106x106x81 cm<br \/>\nGesamtma\u00dfe LxBxH: ca. 107x107x81 cm<br \/>\nGewicht: 12,9 kg<\/p>\n","protected":false},"featured_media":10247,"comment_status":"open","ping_status":"closed","template":"","meta":[],"product_brand":[],"product_cat":[42],"product_tag":[],"class_list":{"0":"post-10246","1":"product","2":"type-product","3":"status-publish","4":"has-post-thumbnail","6":"product_cat-kompost","7":"pa_artikelgewicht-14-kg","8":"pa_brand-marke-dema","9":"pa_durchschnittliche-kundenbewer-36-von-5-sternen-32-sternebewertungen-36-von-5-sternen","10":"pa_hersteller-dema","11":"pa_herstellerreferenz-924311-30950","12":"pa_im-angebot-von-amazon-de-seit-2-april-2019","13":"pa_produktabmessungen-106-x-106-x-81-cm-14-kilogramm","16":"first","17":"instock","18":"shipping-taxable","19":"purchasable","20":"product-type-simple"},"_links":{"self":[{"href":"https:\/\/www.gartenvip.de\/index.php?rest_route=\/wp\/v2\/product\/10246","targetHints":{"allow":["GET"]}}],"collection":[{"href":"https:\/\/www.gartenvip.de\/index.php?rest_route=\/wp\/v2\/product"}],"about":[{"href":"https:\/\/www.gartenvip.de\/index.php?rest_route=\/wp\/v2\/types\/product"}],"replies":[{"embeddable":true,"href":"https:\/\/www.gartenvip.de\/index.php?rest_route=%2Fwp%2Fv2%2Fcomments&post=10246"}],"wp:featuredmedia":[{"embeddable":true,"href":"https:\/\/www.gartenvip.de\/index.php?rest_route=\/wp\/v2\/media\/10247"}],"wp:attachment":[{"href":"https:\/\/www.gartenvip.de\/index.php?rest_route=%2Fwp%2Fv2%2Fmedia&parent=10246"}],"wp:term":[{"taxonomy":"product_brand","embeddable":true,"href":"https:\/\/www.gartenvip.de\/index.php?rest_route=%2Fwp%2Fv2%2Fproduct_brand&post=10246"},{"taxonomy":"product_cat","embeddable":true,"href":"https:\/\/www.gartenvip.de\/index.php?rest_route=%2Fwp%2Fv2%2Fproduct_cat&post=10246"},{"taxonomy":"product_tag","embeddable":true,"href":"https:\/\/www.gartenvip.de\/index.php?rest_route=%2Fwp%2Fv2%2Fproduct_tag&post=10246"}],"curies":[{"name":"wp","href":"https:\/\/api.w.org\/{rel}","templated":true}]}}