{"id":10270,"date":"2021-06-21T08:07:41","date_gmt":"2021-06-21T08:07:41","guid":{"rendered":"https:\/\/www.gartenvip.de\/?product=garten-premium-komposter-eichenholz-100x100x89cm-schnellkomposter-verrottungsfest-078-m%c2%b3"},"modified":"2024-01-03T17:02:28","modified_gmt":"2024-01-03T16:02:28","slug":"garten-premium-komposter-eichenholz-100x100x89cm-schnellkomposter-verrottungsfest-078-m%c2%b3","status":"publish","type":"product","link":"https:\/\/www.gartenvip.de\/?product=garten-premium-komposter-eichenholz-100x100x89cm-schnellkomposter-verrottungsfest-078-m%c2%b3","title":{"rendered":"Garten Premium Komposter Eichenholz 100x100x89cm Schnellkomposter Verrottungsfest 0,78 m\u00b3"},"content":{"rendered":"<div id='gallery-1' class='gallery galleryid-10270 gallery-columns-3 gallery-size-full'><dl class='gallery-item'>\r\n<dt class='gallery-icon landscape'>\r\n<a rel='gallery-nr'><img loading=\"lazy\" decoding=\"async\" width=\"500\" height=\"500\" src=\"https:\/\/images-na.ssl-images-amazon.com\/images\/I\/5193NoFyRvS.jpg\" class=\"attachment-full size-full\" alt=\"\" srcset=\"https:\/\/images-na.ssl-images-amazon.com\/images\/I\/5193NoFyRvS.jpg 500w, https:\/\/images-na.ssl-images-amazon.com\/images\/I\/5193NoFyRvS._SS150_.jpg 150w, https:\/\/images-na.ssl-images-amazon.com\/images\/I\/5193NoFyRvS._SS300_.jpg 300w, https:\/\/images-na.ssl-images-amazon.com\/images\/I\/5193NoFyRvS._SS768_.jpg 768w, https:\/\/images-na.ssl-images-amazon.com\/images\/I\/5193NoFyRvS._SS1024_.jpg 1024w, https:\/\/images-na.ssl-images-amazon.com\/images\/I\/5193NoFyRvS._SS1536_.jpg 1536w, https:\/\/images-na.ssl-images-amazon.com\/images\/I\/5193NoFyRvS._SS2048_.jpg 2048w, https:\/\/images-na.ssl-images-amazon.com\/images\/I\/5193NoFyRvS._SS145_.jpg 145w, https:\/\/images-na.ssl-images-amazon.com\/images\/I\/5193NoFyRvS._SS1200_.jpg 1200w, https:\/\/images-na.ssl-images-amazon.com\/images\/I\/5193NoFyRvS._SS50_.jpg 50w, https:\/\/images-na.ssl-images-amazon.com\/images\/I\/5193NoFyRvS._SS604_.jpg 604w, https:\/\/images-na.ssl-images-amazon.com\/images\/I\/5193NoFyRvS._SS281_.jpg 281w, https:\/\/images-na.ssl-images-amazon.com\/images\/I\/5193NoFyRvS._SS799_.jpg 799w, https:\/\/images-na.ssl-images-amazon.com\/images\/I\/5193NoFyRvS._SS250_.jpg 250w, https:\/\/images-na.ssl-images-amazon.com\/images\/I\/5193NoFyRvS._SS450_.jpg 450w, https:\/\/images-na.ssl-images-amazon.com\/images\/I\/5193NoFyRvS._SS220_.jpg 220w\" sizes=\"auto, (max-width: 500px) 100vw, 500px\" \/><\/a>\r\n<\/dt>\r\n<dd class='wp-caption-text gallery-caption'>\r\n<div class='gallery-caption-inner'> <div class='wp-caption-text gallery-title'>\r\n\tGarten-Premium-Komposter-Eichenholz-100x100x89cm-Schnellkomposter-Verrottungsfest-078-m\r\n\t<\/div><div class='wp-caption-text gallery-zoom no-text'>\r\n\t <a href=https:\/\/www.gartenvip.de\/?attachment_id=10271 title='Click to view Full Image' class='icon mustang-gallery'><i class='fa fa-plus'><\/i><\/a>\r\n\t<\/div><div class='wp-caption-text gallery-redirect'>\r\n\t <a href=https:\/\/www.gartenvip.de\/?attachment_id=10271 title='Click to view read more' class='icon readmore'><i class='fa fa-link'><\/i><\/a>\r\n\t<\/div><\/div><\/dd><\/dl><dl class='gallery-item'>\r\n<dt class='gallery-icon landscape'>\r\n<a rel='gallery-nr'><img loading=\"lazy\" decoding=\"async\" width=\"500\" height=\"500\" src=\"https:\/\/images-na.ssl-images-amazon.com\/images\/I\/51aHcwTqrfS.jpg\" class=\"attachment-full size-full\" alt=\"\" srcset=\"https:\/\/images-na.ssl-images-amazon.com\/images\/I\/51aHcwTqrfS.jpg 500w, https:\/\/images-na.ssl-images-amazon.com\/images\/I\/51aHcwTqrfS._SS150_.jpg 150w, https:\/\/images-na.ssl-images-amazon.com\/images\/I\/51aHcwTqrfS._SS300_.jpg 300w, https:\/\/images-na.ssl-images-amazon.com\/images\/I\/51aHcwTqrfS._SS768_.jpg 768w, https:\/\/images-na.ssl-images-amazon.com\/images\/I\/51aHcwTqrfS._SS1024_.jpg 1024w, https:\/\/images-na.ssl-images-amazon.com\/images\/I\/51aHcwTqrfS._SS1536_.jpg 1536w, https:\/\/images-na.ssl-images-amazon.com\/images\/I\/51aHcwTqrfS._SS2048_.jpg 2048w, https:\/\/images-na.ssl-images-amazon.com\/images\/I\/51aHcwTqrfS._SS145_.jpg 145w, https:\/\/images-na.ssl-images-amazon.com\/images\/I\/51aHcwTqrfS._SS1200_.jpg 1200w, https:\/\/images-na.ssl-images-amazon.com\/images\/I\/51aHcwTqrfS._SS50_.jpg 50w, https:\/\/images-na.ssl-images-amazon.com\/images\/I\/51aHcwTqrfS._SS604_.jpg 604w, https:\/\/images-na.ssl-images-amazon.com\/images\/I\/51aHcwTqrfS._SS281_.jpg 281w, https:\/\/images-na.ssl-images-amazon.com\/images\/I\/51aHcwTqrfS._SS799_.jpg 799w, https:\/\/images-na.ssl-images-amazon.com\/images\/I\/51aHcwTqrfS._SS250_.jpg 250w, https:\/\/images-na.ssl-images-amazon.com\/images\/I\/51aHcwTqrfS._SS450_.jpg 450w, https:\/\/images-na.ssl-images-amazon.com\/images\/I\/51aHcwTqrfS._SS220_.jpg 220w\" sizes=\"auto, (max-width: 500px) 100vw, 500px\" \/><\/a>\r\n<\/dt>\r\n<dd class='wp-caption-text gallery-caption'>\r\n<div class='gallery-caption-inner'> <div class='wp-caption-text gallery-title'>\r\n\tGarten-Premium-Komposter-Eichenholz-100x100x89cm-Schnellkomposter-Verrottungsfest-078-m\r\n\t<\/div><div class='wp-caption-text gallery-zoom no-text'>\r\n\t <a href=https:\/\/www.gartenvip.de\/?attachment_id=10272 title='Click to view Full Image' class='icon mustang-gallery'><i class='fa fa-plus'><\/i><\/a>\r\n\t<\/div><div class='wp-caption-text gallery-redirect'>\r\n\t <a href=https:\/\/www.gartenvip.de\/?attachment_id=10272 title='Click to view read more' class='icon readmore'><i class='fa fa-link'><\/i><\/a>\r\n\t<\/div><\/div><\/dd><\/dl><dl class='gallery-item'>\r\n<dt class='gallery-icon landscape'>\r\n<a rel='gallery-nr'><img loading=\"lazy\" decoding=\"async\" width=\"500\" height=\"500\" src=\"https:\/\/images-na.ssl-images-amazon.com\/images\/I\/31UVNEnZzbS.jpg\" class=\"attachment-full size-full\" alt=\"\" srcset=\"https:\/\/images-na.ssl-images-amazon.com\/images\/I\/31UVNEnZzbS.jpg 500w, https:\/\/images-na.ssl-images-amazon.com\/images\/I\/31UVNEnZzbS._SS150_.jpg 150w, https:\/\/images-na.ssl-images-amazon.com\/images\/I\/31UVNEnZzbS._SS300_.jpg 300w, https:\/\/images-na.ssl-images-amazon.com\/images\/I\/31UVNEnZzbS._SS768_.jpg 768w, https:\/\/images-na.ssl-images-amazon.com\/images\/I\/31UVNEnZzbS._SS1024_.jpg 1024w, https:\/\/images-na.ssl-images-amazon.com\/images\/I\/31UVNEnZzbS._SS1536_.jpg 1536w, https:\/\/images-na.ssl-images-amazon.com\/images\/I\/31UVNEnZzbS._SS2048_.jpg 2048w, https:\/\/images-na.ssl-images-amazon.com\/images\/I\/31UVNEnZzbS._SS145_.jpg 145w, https:\/\/images-na.ssl-images-amazon.com\/images\/I\/31UVNEnZzbS._SS1200_.jpg 1200w, https:\/\/images-na.ssl-images-amazon.com\/images\/I\/31UVNEnZzbS._SS50_.jpg 50w, https:\/\/images-na.ssl-images-amazon.com\/images\/I\/31UVNEnZzbS._SS604_.jpg 604w, https:\/\/images-na.ssl-images-amazon.com\/images\/I\/31UVNEnZzbS._SS281_.jpg 281w, https:\/\/images-na.ssl-images-amazon.com\/images\/I\/31UVNEnZzbS._SS799_.jpg 799w, https:\/\/images-na.ssl-images-amazon.com\/images\/I\/31UVNEnZzbS._SS250_.jpg 250w, https:\/\/images-na.ssl-images-amazon.com\/images\/I\/31UVNEnZzbS._SS450_.jpg 450w, https:\/\/images-na.ssl-images-amazon.com\/images\/I\/31UVNEnZzbS._SS220_.jpg 220w\" sizes=\"auto, (max-width: 500px) 100vw, 500px\" \/><\/a>\r\n<\/dt>\r\n<dd class='wp-caption-text gallery-caption'>\r\n<div class='gallery-caption-inner'> <div class='wp-caption-text gallery-title'>\r\n\tGarten-Premium-Komposter-Eichenholz-100x100x89cm-Schnellkomposter-Verrottungsfest-078-m\r\n\t<\/div><div class='wp-caption-text gallery-zoom no-text'>\r\n\t <a href=https:\/\/www.gartenvip.de\/?attachment_id=10273 title='Click to view Full Image' class='icon mustang-gallery'><i class='fa fa-plus'><\/i><\/a>\r\n\t<\/div><div class='wp-caption-text gallery-redirect'>\r\n\t <a href=https:\/\/www.gartenvip.de\/?attachment_id=10273 title='Click to view read more' class='icon readmore'><i class='fa fa-link'><\/i><\/a>\r\n\t<\/div><\/div><\/dd><\/dl>\r\n<\/div>\n<br \/>\n<!-- show up to 2 reviews by default --> <\/p>\n<p> Einzigartiger Komposter mit neuem Stecksystem und 4 Gewindestangen &#8211; eine neue Erfindung die es so auf dem deutschen Markt noch nie gegeben hat. <\/p>\n<p> Dank der einzigartigen Steckverbindung mit 4 Gewindestangen, ist unser Komposter im Handumdrehen Auf- bzw. Abgebaut. Ein weiterer Vorteil dieser Kombination sind die flexiblen Ecken, wodurch die Form des Komposters je nach Bedarf leicht angepasst werden kann.<\/p>\n<p> Eigenschaften\/Merkmale:<\/p>\n<p> Eichenholz aus dem s\u00fcddeutschen Raum <br \/> Abmessungen (BxTxH): ca. 100x100x89 cm <br \/> Bretterst\u00e4rke: ca. 20 mm sauber ges\u00e4gt<br \/> Verrottungsbest\u00e4ndig, da die Latten nicht direkt aufeinanderliegen<br \/> Volumen ca. 0,78 m\u00b3<br \/> Sehr einfache und schnelle Montage<br \/> Verstellbare Ecken\/Form<\/p>\n<p> Komposten ist ganz einfach:<\/p>\n<p> Luft f\u00fcr den Kompost. Neben einem schattigen Standort, ist die ausreichende Zufuhr von Sauerstoff f\u00fcr den Zersetzungsprozess im Innern entscheidend. Achten Sie auf die Spalten zwischen den einzelnen Brettern unserer Komposter. Sie dienen der Bel\u00fcftung. So kann im Kompost erst das richtige Klima entstehen, um unerw\u00fcnschte Sch\u00e4dlinge und Unkrautsamen wirksam und \u00f6kologisch Kompost ansetzen. Der Komposter sollte nicht h\u00f6her als 75 cm bef\u00fcllt werden.<\/p>\n<p> Mit diesem einzigartigen Garten-Komposter erhalten Sie beste Erde aus Ihrem Gartenabfall. Liefern Sie Ihren Pflanzen n\u00e4hrstoffreiche Komposterde. Durch das Kompostieren wird der eigene Abfall reduziert und sinnvoll wiederverwendet.<\/p>\n<p> Die Montage ist sehr einfach und dauert ca. 5-10 Minuten.<\/p>\n<p>Komposter mit einzigartigem Stecksystem und 4 Gewindestangen &#8211; eine neue Erfindung die es so auf dem deutschen Markt noch nie gegeben hat<br \/>\nSehr einfache und schnelle Montage \/ Eichenholz aus dem s\u00fcddeutschen Raum<br \/>\nAbmessungen (BxTxH): ca. 100x100x89 cm \/ Bretterst\u00e4rke: ca. 20 mm sauber ges\u00e4gt<br \/>\nVerrottungsbest\u00e4ndig da die Latten nicht direkt aufeinander liegen<br \/>\nVolumen ca. 0,78 m\u00b3 \/ Verstellbare Ecken\/Form<br \/>\n<div class=\"main-cross-sell\" data-asin=\"B094YF8X3C\">\n\n\t<div class=\"WooZone-cross-sell-loader\">\n\t\t<div>\n\t\t\t<div id=\"floatingBarsG\">\n\t\t\t\t<div class=\"blockG\" id=\"rotateG_01\"><\/div>\n\t\t\t\t<div class=\"blockG\" id=\"rotateG_02\"><\/div>\n\t\t\t\t<div class=\"blockG\" id=\"rotateG_03\"><\/div>\n\t\t\t\t<div class=\"blockG\" id=\"rotateG_04\"><\/div>\n\t\t\t\t<div class=\"blockG\" id=\"rotateG_05\"><\/div>\n\t\t\t\t<div class=\"blockG\" id=\"rotateG_06\"><\/div>\n\t\t\t\t<div class=\"blockG\" id=\"rotateG_07\"><\/div>\n\t\t\t\t<div class=\"blockG\" id=\"rotateG_08\"><\/div>\n\t\t\t<\/div>\n\t\t\t<div class=\"WooZone-cross-sell-loader-text\"><\/div>\n\t\t<\/div>\n\t<\/div>\n\n\t\t\n<\/div>\n<div style=\"clear:both;\"><\/div>\n","protected":false},"excerpt":{"rendered":"<p>Komposter mit einzigartigem Stecksystem und 4 Gewindestangen &#8211; eine neue Erfindung die es so auf dem deutschen Markt noch nie gegeben hat<br \/>\nSehr einfache und schnelle Montage \/ Eichenholz aus dem s\u00fcddeutschen Raum<br \/>\nAbmessungen (BxTxH): ca. 100x100x89 cm \/ Bretterst\u00e4rke: ca. 20 mm sauber ges\u00e4gt<\/p>\n","protected":false},"featured_media":10271,"comment_status":"open","ping_status":"closed","template":"","meta":[],"product_brand":[],"product_cat":[42],"product_tag":[],"class_list":{"0":"post-10270","1":"product","2":"type-product","3":"status-publish","4":"has-post-thumbnail","6":"product_cat-kompost","7":"pa_amazon-bestseller-rang-nr-117641-in-garten-siehe-top-100-in-garten-nr-62-in-kompostbeschleuniger","8":"pa_brand-marke-garten","9":"pa_herstellerreferenz-eiche-100-100-89","10":"pa_im-angebot-von-amazon-de-seit-14-mai-2021","11":"pa_verwendung-garten","14":"first","15":"instock","16":"shipping-taxable","17":"purchasable","18":"product-type-simple"},"_links":{"self":[{"href":"https:\/\/www.gartenvip.de\/index.php?rest_route=\/wp\/v2\/product\/10270","targetHints":{"allow":["GET"]}}],"collection":[{"href":"https:\/\/www.gartenvip.de\/index.php?rest_route=\/wp\/v2\/product"}],"about":[{"href":"https:\/\/www.gartenvip.de\/index.php?rest_route=\/wp\/v2\/types\/product"}],"replies":[{"embeddable":true,"href":"https:\/\/www.gartenvip.de\/index.php?rest_route=%2Fwp%2Fv2%2Fcomments&post=10270"}],"wp:featuredmedia":[{"embeddable":true,"href":"https:\/\/www.gartenvip.de\/index.php?rest_route=\/wp\/v2\/media\/10271"}],"wp:attachment":[{"href":"https:\/\/www.gartenvip.de\/index.php?rest_route=%2Fwp%2Fv2%2Fmedia&parent=10270"}],"wp:term":[{"taxonomy":"product_brand","embeddable":true,"href":"https:\/\/www.gartenvip.de\/index.php?rest_route=%2Fwp%2Fv2%2Fproduct_brand&post=10270"},{"taxonomy":"product_cat","embeddable":true,"href":"https:\/\/www.gartenvip.de\/index.php?rest_route=%2Fwp%2Fv2%2Fproduct_cat&post=10270"},{"taxonomy":"product_tag","embeddable":true,"href":"https:\/\/www.gartenvip.de\/index.php?rest_route=%2Fwp%2Fv2%2Fproduct_tag&post=10270"}],"curies":[{"name":"wp","href":"https:\/\/api.w.org\/{rel}","templated":true}]}}