{"id":10619,"date":"2021-06-21T08:15:55","date_gmt":"2021-06-21T08:15:55","guid":{"rendered":"https:\/\/www.gartenvip.de\/?product=einhell-3413260-diy-18-v-max-200-m%c2%b2-neuheit-2020"},"modified":"2024-01-03T17:02:57","modified_gmt":"2024-01-03T16:02:57","slug":"einhell-3413260-diy-18-v-max-200-m%c2%b2-neuheit-2020","status":"publish","type":"product","link":"https:\/\/www.gartenvip.de\/?product=einhell-3413260-diy-18-v-max-200-m%c2%b2-neuheit-2020","title":{"rendered":"Einhell Akku-Rasenm\u00e4her GE-CM 18\/33 Li Kit Power X-Change (18 V, 33 cm Schnittbreite, bis 200 m\u00b2, Brushless, 30L Fangkorb, 25-65 mm Schnitth\u00f6he, inkl. 4,0 Ah Akku + Ladeger\u00e4t)"},"content":{"rendered":"\n\t\t<div id='gallery-1' class='gallery galleryid-10619 gallery-columns-3 gallery-size-full'><dl class='gallery-item'>\r\n<dt class='gallery-icon landscape'>\r\n<a rel='gallery-nr'><img loading=\"lazy\" decoding=\"async\" width=\"500\" height=\"500\" src=\"https:\/\/images-na.ssl-images-amazon.com\/images\/I\/41DCWXzyeVL.jpg\" class=\"attachment-full size-full\" alt=\"\" srcset=\"https:\/\/images-na.ssl-images-amazon.com\/images\/I\/41DCWXzyeVL.jpg 500w, https:\/\/images-na.ssl-images-amazon.com\/images\/I\/41DCWXzyeVL._SS150_.jpg 150w, https:\/\/images-na.ssl-images-amazon.com\/images\/I\/41DCWXzyeVL._SS300_.jpg 300w, https:\/\/images-na.ssl-images-amazon.com\/images\/I\/41DCWXzyeVL._SS768_.jpg 768w, https:\/\/images-na.ssl-images-amazon.com\/images\/I\/41DCWXzyeVL._SS1024_.jpg 1024w, https:\/\/images-na.ssl-images-amazon.com\/images\/I\/41DCWXzyeVL._SS1536_.jpg 1536w, https:\/\/images-na.ssl-images-amazon.com\/images\/I\/41DCWXzyeVL._SS2048_.jpg 2048w, https:\/\/images-na.ssl-images-amazon.com\/images\/I\/41DCWXzyeVL._SS145_.jpg 145w, https:\/\/images-na.ssl-images-amazon.com\/images\/I\/41DCWXzyeVL._SS1200_.jpg 1200w, https:\/\/images-na.ssl-images-amazon.com\/images\/I\/41DCWXzyeVL._SS50_.jpg 50w, https:\/\/images-na.ssl-images-amazon.com\/images\/I\/41DCWXzyeVL._SS604_.jpg 604w, https:\/\/images-na.ssl-images-amazon.com\/images\/I\/41DCWXzyeVL._SS281_.jpg 281w, https:\/\/images-na.ssl-images-amazon.com\/images\/I\/41DCWXzyeVL._SS799_.jpg 799w, https:\/\/images-na.ssl-images-amazon.com\/images\/I\/41DCWXzyeVL._SS250_.jpg 250w, https:\/\/images-na.ssl-images-amazon.com\/images\/I\/41DCWXzyeVL._SS450_.jpg 450w, https:\/\/images-na.ssl-images-amazon.com\/images\/I\/41DCWXzyeVL._SS220_.jpg 220w\" sizes=\"auto, (max-width: 500px) 100vw, 500px\" \/><\/a>\r\n<\/dt>\r\n<dd class='wp-caption-text gallery-caption'>\r\n<div class='gallery-caption-inner'> <div class='wp-caption-text gallery-title'>\r\n\tEinhell-3413260-DIY-18-Vmax-200-m-Neuheit-2020\r\n\t<\/div><div class='wp-caption-text gallery-zoom no-text'>\r\n\t <a href=https:\/\/www.gartenvip.de\/?attachment_id=10620 title='Click to view Full Image' class='icon mustang-gallery'><i class='fa fa-plus'><\/i><\/a>\r\n\t<\/div><div class='wp-caption-text gallery-redirect'>\r\n\t <a href=https:\/\/www.gartenvip.de\/?attachment_id=10620 title='Click to view read more' class='icon readmore'><i class='fa fa-link'><\/i><\/a>\r\n\t<\/div><\/div><\/dd><\/dl><dl class='gallery-item'>\r\n<dt class='gallery-icon landscape'>\r\n<a rel='gallery-nr'><img loading=\"lazy\" decoding=\"async\" width=\"500\" height=\"500\" src=\"https:\/\/images-na.ssl-images-amazon.com\/images\/I\/51zOrkj1O3L.jpg\" class=\"attachment-full size-full\" alt=\"\" srcset=\"https:\/\/images-na.ssl-images-amazon.com\/images\/I\/51zOrkj1O3L.jpg 500w, https:\/\/images-na.ssl-images-amazon.com\/images\/I\/51zOrkj1O3L._SS150_.jpg 150w, https:\/\/images-na.ssl-images-amazon.com\/images\/I\/51zOrkj1O3L._SS300_.jpg 300w, https:\/\/images-na.ssl-images-amazon.com\/images\/I\/51zOrkj1O3L._SS768_.jpg 768w, https:\/\/images-na.ssl-images-amazon.com\/images\/I\/51zOrkj1O3L._SS1024_.jpg 1024w, https:\/\/images-na.ssl-images-amazon.com\/images\/I\/51zOrkj1O3L._SS1536_.jpg 1536w, https:\/\/images-na.ssl-images-amazon.com\/images\/I\/51zOrkj1O3L._SS2048_.jpg 2048w, https:\/\/images-na.ssl-images-amazon.com\/images\/I\/51zOrkj1O3L._SS145_.jpg 145w, https:\/\/images-na.ssl-images-amazon.com\/images\/I\/51zOrkj1O3L._SS1200_.jpg 1200w, https:\/\/images-na.ssl-images-amazon.com\/images\/I\/51zOrkj1O3L._SS50_.jpg 50w, https:\/\/images-na.ssl-images-amazon.com\/images\/I\/51zOrkj1O3L._SS604_.jpg 604w, https:\/\/images-na.ssl-images-amazon.com\/images\/I\/51zOrkj1O3L._SS281_.jpg 281w, https:\/\/images-na.ssl-images-amazon.com\/images\/I\/51zOrkj1O3L._SS799_.jpg 799w, https:\/\/images-na.ssl-images-amazon.com\/images\/I\/51zOrkj1O3L._SS250_.jpg 250w, https:\/\/images-na.ssl-images-amazon.com\/images\/I\/51zOrkj1O3L._SS450_.jpg 450w, https:\/\/images-na.ssl-images-amazon.com\/images\/I\/51zOrkj1O3L._SS220_.jpg 220w\" sizes=\"auto, (max-width: 500px) 100vw, 500px\" \/><\/a>\r\n<\/dt>\r\n<dd class='wp-caption-text gallery-caption'>\r\n<div class='gallery-caption-inner'> <div class='wp-caption-text gallery-title'>\r\n\tEinhell-3413260-DIY-18-Vmax-200-m-Neuheit-2020\r\n\t<\/div><div class='wp-caption-text gallery-zoom no-text'>\r\n\t <a href=https:\/\/www.gartenvip.de\/?attachment_id=10621 title='Click to view Full Image' class='icon mustang-gallery'><i class='fa fa-plus'><\/i><\/a>\r\n\t<\/div><div class='wp-caption-text gallery-redirect'>\r\n\t <a href=https:\/\/www.gartenvip.de\/?attachment_id=10621 title='Click to view read more' class='icon readmore'><i class='fa fa-link'><\/i><\/a>\r\n\t<\/div><\/div><\/dd><\/dl><dl class='gallery-item'>\r\n<dt class='gallery-icon landscape'>\r\n<a rel='gallery-nr'><img loading=\"lazy\" decoding=\"async\" width=\"500\" height=\"500\" src=\"https:\/\/images-na.ssl-images-amazon.com\/images\/I\/41WdoHiZwEL.jpg\" class=\"attachment-full size-full\" alt=\"\" srcset=\"https:\/\/images-na.ssl-images-amazon.com\/images\/I\/41WdoHiZwEL.jpg 500w, https:\/\/images-na.ssl-images-amazon.com\/images\/I\/41WdoHiZwEL._SS150_.jpg 150w, https:\/\/images-na.ssl-images-amazon.com\/images\/I\/41WdoHiZwEL._SS300_.jpg 300w, https:\/\/images-na.ssl-images-amazon.com\/images\/I\/41WdoHiZwEL._SS768_.jpg 768w, https:\/\/images-na.ssl-images-amazon.com\/images\/I\/41WdoHiZwEL._SS1024_.jpg 1024w, https:\/\/images-na.ssl-images-amazon.com\/images\/I\/41WdoHiZwEL._SS1536_.jpg 1536w, https:\/\/images-na.ssl-images-amazon.com\/images\/I\/41WdoHiZwEL._SS2048_.jpg 2048w, https:\/\/images-na.ssl-images-amazon.com\/images\/I\/41WdoHiZwEL._SS145_.jpg 145w, https:\/\/images-na.ssl-images-amazon.com\/images\/I\/41WdoHiZwEL._SS1200_.jpg 1200w, https:\/\/images-na.ssl-images-amazon.com\/images\/I\/41WdoHiZwEL._SS50_.jpg 50w, https:\/\/images-na.ssl-images-amazon.com\/images\/I\/41WdoHiZwEL._SS604_.jpg 604w, https:\/\/images-na.ssl-images-amazon.com\/images\/I\/41WdoHiZwEL._SS281_.jpg 281w, https:\/\/images-na.ssl-images-amazon.com\/images\/I\/41WdoHiZwEL._SS799_.jpg 799w, https:\/\/images-na.ssl-images-amazon.com\/images\/I\/41WdoHiZwEL._SS250_.jpg 250w, https:\/\/images-na.ssl-images-amazon.com\/images\/I\/41WdoHiZwEL._SS450_.jpg 450w, https:\/\/images-na.ssl-images-amazon.com\/images\/I\/41WdoHiZwEL._SS220_.jpg 220w\" sizes=\"auto, (max-width: 500px) 100vw, 500px\" \/><\/a>\r\n<\/dt>\r\n<dd class='wp-caption-text gallery-caption'>\r\n<div class='gallery-caption-inner'> <div class='wp-caption-text gallery-title'>\r\n\tEinhell-3413260-DIY-18-Vmax-200-m-Neuheit-2020\r\n\t<\/div><div class='wp-caption-text gallery-zoom no-text'>\r\n\t <a href=https:\/\/www.gartenvip.de\/?attachment_id=10622 title='Click to view Full Image' class='icon mustang-gallery'><i class='fa fa-plus'><\/i><\/a>\r\n\t<\/div><div class='wp-caption-text gallery-redirect'>\r\n\t <a href=https:\/\/www.gartenvip.de\/?attachment_id=10622 title='Click to view read more' class='icon readmore'><i class='fa fa-link'><\/i><\/a>\r\n\t<\/div><\/div><\/dd><\/dl>\r\n<\/div>\n\n<div class=\"disclaim\"> Stil:<strong>inkl. 4,0 Ah Akku und Ladeger\u00e4t<\/strong> <\/div>\n<p> <!-- show up to 2 reviews by default --> <\/p>\n<p>Der Einhell Akku-Rasenm\u00e4her GE-CM 18\/33 Li (1&#215;4, 0Ah) ist Mitglied der flexiblen und leistungsstarken Power X-Change-Familie und wird empfohlen bis zu einer Fl\u00e4che von 200 m\u00b2. Der Akku-M\u00e4her wird mit einem 18 Volt 4, 0 Ah-Akku der anwender en PXC-Systemreihe betrieben. Ein Akku und ein Ladeger\u00e4t sind in der Lieferung inklusive. Die Akkus verf\u00fcgen \u00fcber 3 LEDs als F\u00fcllstandsanzeige und k\u00f6nnen mit allen weiteren Ger\u00e4ten der Systemreihe kombiniert werden. Angetrieben wird der starke Akku-M\u00e4her durch einen Einhell Brushless Motor, einen b\u00fcrstenlosen Elektromotor mit l\u00e4ngerer Laufzeit und Lebensdauer als herk\u00f6mmliche Kohleb\u00fcrsten-Motoren. Der Highwheeler mit gro\u00dfen, rasenschonenden R\u00e4dern verf\u00fcgt \u00fcber eine 5-stufige zentrale Schnitth\u00f6henverstellung sowie einen 2-fach h\u00f6henverstellbaren und klappbaren F\u00fchrungsholm f\u00fcr die bequeme Bedienung und einen gro\u00dfz\u00fcgig bemessenen Grasfangkorb mit F\u00fcllstandsanzeige. Der M\u00e4her ist mit einem hochwertigen, schlagz\u00e4hen Kunststoffgeh\u00e4use und \u00fcberdies mit einem integrierten Tragegriff ausger\u00fcstet, mit dem sich dieser einfach transportieren l\u00e4sst. <\/p>\n<p>Der Einhell Akku-Rasenm\u00e4her GE-CM 18\/33 Li ist ein Mitglied der flexiblen und leistungsstarken Power X-Change-Familie und wird empfohlen bis zu einer Fl\u00e4che von 200 m\u00b2. In der Lieferung inklusive ist ein 4, 0 Ah Power X-Change Akku<br \/>\nDer Akku-M\u00e4her wird mit einem 18 Volt-Akku der anwender en Systemreihe betrieben. Jeder Akku der Systemreihe kann mit jedem PXC-Ger\u00e4t kombiniert werden, auch der kraftvolle 4, 0 Ah-Akku kann f\u00fcr weitere Ger\u00e4te verwendet werden<br \/>\nDrei LEDs zeigen den F\u00fcllstand des Power X-Change-Akkus auf einen Blick an. Im Lieferumfang enthalten ist zudem ein Power X-Change System-Ladeger\u00e4t, mit dem alle PXC-Akkus geladen werden k\u00f6nnen<br \/>\nAngetrieben wird der Akku-M\u00e4her durch einen Einhell Brushless Motor, einen b\u00fcrstenlosen Elektromotor, der mit einer l\u00e4ngeren Laufzeit und einer h\u00f6heren Lebensdauer als herk\u00f6mmliche Kohleb\u00fcrsten-Motoren punktet<br \/>\nDer Highwheeler mit gro\u00dfen, rasenschonenden R\u00e4dern verf\u00fcgt \u00fcber eine 5-stufige zentrale Schnitth\u00f6henverstellung, einen 2-fach h\u00f6henverstellbaren F\u00fchrungsholm f\u00fcr die bequeme Bedienung und einen gro\u00dfz\u00fcgig bemessenen Grasfangkorb mit F\u00fcllstandsanzeige<br \/>\nDer M\u00e4her ist mit einem hochwertigen, schlagz\u00e4hen Kunststoffgeh\u00e4use und mit einem klappbaren F\u00fchrungsholm ausger\u00fcstet, mit dem der M\u00e4her platzsparend verstaut werden kann. Mit dem integrierten Tragegriff l\u00e4sst sich der M\u00e4her einfach transportieren.<br \/>\n<div class=\"main-cross-sell\" data-asin=\"B083X2T3MD\">\n\n\t<div class=\"WooZone-cross-sell-loader\">\n\t\t<div>\n\t\t\t<div id=\"floatingBarsG\">\n\t\t\t\t<div class=\"blockG\" id=\"rotateG_01\"><\/div>\n\t\t\t\t<div class=\"blockG\" id=\"rotateG_02\"><\/div>\n\t\t\t\t<div class=\"blockG\" id=\"rotateG_03\"><\/div>\n\t\t\t\t<div class=\"blockG\" id=\"rotateG_04\"><\/div>\n\t\t\t\t<div class=\"blockG\" id=\"rotateG_05\"><\/div>\n\t\t\t\t<div class=\"blockG\" id=\"rotateG_06\"><\/div>\n\t\t\t\t<div class=\"blockG\" id=\"rotateG_07\"><\/div>\n\t\t\t\t<div class=\"blockG\" id=\"rotateG_08\"><\/div>\n\t\t\t<\/div>\n\t\t\t<div class=\"WooZone-cross-sell-loader-text\"><\/div>\n\t\t<\/div>\n\t<\/div>\n\n\t\t\n<\/div>\n<div style=\"clear:both;\"><\/div>\n","protected":false},"excerpt":{"rendered":"<p>Der Einhell Akku-Rasenm\u00e4her GE-CM 18\/33 Li ist ein Mitglied der flexiblen und leistungsstarken Power X-Change-Familie und wird empfohlen bis zu einer Fl\u00e4che von 200 m\u00b2. In der Lieferung inklusive ist ein 4, 0 Ah Power X-Change Akku<br \/>\nDer Akku-M\u00e4her wird mit einem 18 Volt-Akku der anwender en Systemreihe betrieben. Jeder Akku der Systemreihe kann mit jedem PXC-Ger\u00e4t kombiniert werden, auch der kraftvolle 4, 0 Ah-Akku kann f\u00fcr weitere Ger\u00e4te verwendet werden<br \/>\nDrei LEDs zeigen den F\u00fcllstand des Power X-Change-Akkus auf einen Blick an. Im Lieferumfang enthalten ist zudem ein Power X-Change System-Ladeger\u00e4t, mit dem alle PXC-Akkus geladen werden k\u00f6nnen<\/p>\n","protected":false},"featured_media":10620,"comment_status":"open","ping_status":"closed","template":"","meta":[],"product_brand":[],"product_cat":[41],"product_tag":[],"class_list":{"0":"post-10619","1":"product","2":"type-product","3":"status-publish","4":"has-post-thumbnail","6":"product_cat-gartengeraete","7":"pa_amazon-bestseller-rang-nr-5229-in-garten-siehe-top-100-in-garten-nr-25-in-sichelmaeher","8":"pa_antriebsart-handbetrieben","9":"pa_artikelgewicht-10-9-kg","10":"pa_batterieart-lithium-ionen","11":"pa_batterien-1-lithium-ionen-batterien-erforderlich-enthalten","12":"pa_brand-besuchen-sie-den-einhell-store","13":"pa_durchschnittliche-kundenbewer-45-von-5-sternen-780-sternebewertungen-45-von-5-sternen","14":"pa_groesse-18-v-max-200-m-neuheit-2020","15":"pa_hersteller-einhell","16":"pa_im-angebot-von-amazon-de-seit-15-januar-2020","17":"pa_lieferumfang-1-x-3413260","18":"pa_modellnummer-2415","19":"pa_produktabmessungen-121-x-44-x-98-cm-10-9-kilogramm","20":"pa_stil-inkl-40-ah-akku-und-ladegeraet","21":"pa_stueckzahl-96","22":"pa_zusammenbau-noetig-ja","25":"first","26":"instock","27":"shipping-taxable","28":"purchasable","29":"product-type-simple"},"_links":{"self":[{"href":"https:\/\/www.gartenvip.de\/index.php?rest_route=\/wp\/v2\/product\/10619","targetHints":{"allow":["GET"]}}],"collection":[{"href":"https:\/\/www.gartenvip.de\/index.php?rest_route=\/wp\/v2\/product"}],"about":[{"href":"https:\/\/www.gartenvip.de\/index.php?rest_route=\/wp\/v2\/types\/product"}],"replies":[{"embeddable":true,"href":"https:\/\/www.gartenvip.de\/index.php?rest_route=%2Fwp%2Fv2%2Fcomments&post=10619"}],"wp:featuredmedia":[{"embeddable":true,"href":"https:\/\/www.gartenvip.de\/index.php?rest_route=\/wp\/v2\/media\/10620"}],"wp:attachment":[{"href":"https:\/\/www.gartenvip.de\/index.php?rest_route=%2Fwp%2Fv2%2Fmedia&parent=10619"}],"wp:term":[{"taxonomy":"product_brand","embeddable":true,"href":"https:\/\/www.gartenvip.de\/index.php?rest_route=%2Fwp%2Fv2%2Fproduct_brand&post=10619"},{"taxonomy":"product_cat","embeddable":true,"href":"https:\/\/www.gartenvip.de\/index.php?rest_route=%2Fwp%2Fv2%2Fproduct_cat&post=10619"},{"taxonomy":"product_tag","embeddable":true,"href":"https:\/\/www.gartenvip.de\/index.php?rest_route=%2Fwp%2Fv2%2Fproduct_tag&post=10619"}],"curies":[{"name":"wp","href":"https:\/\/api.w.org\/{rel}","templated":true}]}}