{"id":10861,"date":"2021-06-21T10:19:15","date_gmt":"2021-06-21T10:19:15","guid":{"rendered":"https:\/\/www.gartenvip.de\/?product=bestway-family-pool-deluxe-pool-rechteckig-fuer-kinder-leicht-aufbaubar-blau-305x183x56-cm"},"modified":"2024-01-03T17:08:24","modified_gmt":"2024-01-03T16:08:24","slug":"bestway-family-pool-deluxe-pool-rechteckig-fuer-kinder-leicht-aufbaubar-blau-305x183x56-cm","status":"publish","type":"product","link":"https:\/\/www.gartenvip.de\/?product=bestway-family-pool-deluxe-pool-rechteckig-fuer-kinder-leicht-aufbaubar-blau-305x183x56-cm","title":{"rendered":"Bestway Family Pool Deluxe, aufblasbares Kinder-Planschbecken 305 x 183 x 56 cm"},"content":{"rendered":"\n\t\t<div id='gallery-1' class='gallery galleryid-10861 gallery-columns-3 gallery-size-full'><dl class='gallery-item'>\r\n<dt class='gallery-icon landscape'>\r\n<a rel='gallery-nr'><img loading=\"lazy\" decoding=\"async\" width=\"500\" height=\"500\" src=\"https:\/\/images-na.ssl-images-amazon.com\/images\/I\/31%2B-zbGut3L.jpg\" class=\"attachment-full size-full\" alt=\"\" srcset=\"https:\/\/images-na.ssl-images-amazon.com\/images\/I\/31%2B-zbGut3L.jpg 500w, https:\/\/images-na.ssl-images-amazon.com\/images\/I\/31%2B-zbGut3L._SS150_.jpg 150w, https:\/\/images-na.ssl-images-amazon.com\/images\/I\/31%2B-zbGut3L._SS300_.jpg 300w, https:\/\/images-na.ssl-images-amazon.com\/images\/I\/31%2B-zbGut3L._SS768_.jpg 768w, https:\/\/images-na.ssl-images-amazon.com\/images\/I\/31%2B-zbGut3L._SS1024_.jpg 1024w, https:\/\/images-na.ssl-images-amazon.com\/images\/I\/31%2B-zbGut3L._SS1536_.jpg 1536w, https:\/\/images-na.ssl-images-amazon.com\/images\/I\/31%2B-zbGut3L._SS2048_.jpg 2048w, https:\/\/images-na.ssl-images-amazon.com\/images\/I\/31%2B-zbGut3L._SS145_.jpg 145w, https:\/\/images-na.ssl-images-amazon.com\/images\/I\/31%2B-zbGut3L._SS1200_.jpg 1200w, https:\/\/images-na.ssl-images-amazon.com\/images\/I\/31%2B-zbGut3L._SS50_.jpg 50w, https:\/\/images-na.ssl-images-amazon.com\/images\/I\/31%2B-zbGut3L._SS604_.jpg 604w, https:\/\/images-na.ssl-images-amazon.com\/images\/I\/31%2B-zbGut3L._SS281_.jpg 281w, https:\/\/images-na.ssl-images-amazon.com\/images\/I\/31%2B-zbGut3L._SS799_.jpg 799w, https:\/\/images-na.ssl-images-amazon.com\/images\/I\/31%2B-zbGut3L._SS250_.jpg 250w, https:\/\/images-na.ssl-images-amazon.com\/images\/I\/31%2B-zbGut3L._SS450_.jpg 450w, https:\/\/images-na.ssl-images-amazon.com\/images\/I\/31%2B-zbGut3L._SS220_.jpg 220w\" sizes=\"auto, (max-width: 500px) 100vw, 500px\" \/><\/a>\r\n<\/dt>\r\n<dd class='wp-caption-text gallery-caption'>\r\n<div class='gallery-caption-inner'> <div class='wp-caption-text gallery-title'>\r\n\tBestway-Family-Pool-Deluxe-Pool-rechteckig-fuer-Kinder-leicht-aufbaubar-blau-305x183x56-cm\r\n\t<\/div><div class='wp-caption-text gallery-zoom no-text'>\r\n\t <a href=https:\/\/www.gartenvip.de\/?attachment_id=10862 title='Click to view Full Image' class='icon mustang-gallery'><i class='fa fa-plus'><\/i><\/a>\r\n\t<\/div><div class='wp-caption-text gallery-redirect'>\r\n\t <a href=https:\/\/www.gartenvip.de\/?attachment_id=10862 title='Click to view read more' class='icon readmore'><i class='fa fa-link'><\/i><\/a>\r\n\t<\/div><\/div><\/dd><\/dl><dl class='gallery-item'>\r\n<dt class='gallery-icon landscape'>\r\n<a rel='gallery-nr'><img loading=\"lazy\" decoding=\"async\" width=\"500\" height=\"500\" src=\"https:\/\/images-na.ssl-images-amazon.com\/images\/I\/519y13TO-NL.jpg\" class=\"attachment-full size-full\" alt=\"\" srcset=\"https:\/\/images-na.ssl-images-amazon.com\/images\/I\/519y13TO-NL.jpg 500w, https:\/\/images-na.ssl-images-amazon.com\/images\/I\/519y13TO-NL._SS150_.jpg 150w, https:\/\/images-na.ssl-images-amazon.com\/images\/I\/519y13TO-NL._SS300_.jpg 300w, https:\/\/images-na.ssl-images-amazon.com\/images\/I\/519y13TO-NL._SS768_.jpg 768w, https:\/\/images-na.ssl-images-amazon.com\/images\/I\/519y13TO-NL._SS1024_.jpg 1024w, https:\/\/images-na.ssl-images-amazon.com\/images\/I\/519y13TO-NL._SS1536_.jpg 1536w, https:\/\/images-na.ssl-images-amazon.com\/images\/I\/519y13TO-NL._SS2048_.jpg 2048w, https:\/\/images-na.ssl-images-amazon.com\/images\/I\/519y13TO-NL._SS145_.jpg 145w, https:\/\/images-na.ssl-images-amazon.com\/images\/I\/519y13TO-NL._SS1200_.jpg 1200w, https:\/\/images-na.ssl-images-amazon.com\/images\/I\/519y13TO-NL._SS50_.jpg 50w, https:\/\/images-na.ssl-images-amazon.com\/images\/I\/519y13TO-NL._SS604_.jpg 604w, https:\/\/images-na.ssl-images-amazon.com\/images\/I\/519y13TO-NL._SS281_.jpg 281w, https:\/\/images-na.ssl-images-amazon.com\/images\/I\/519y13TO-NL._SS799_.jpg 799w, https:\/\/images-na.ssl-images-amazon.com\/images\/I\/519y13TO-NL._SS250_.jpg 250w, https:\/\/images-na.ssl-images-amazon.com\/images\/I\/519y13TO-NL._SS450_.jpg 450w, https:\/\/images-na.ssl-images-amazon.com\/images\/I\/519y13TO-NL._SS220_.jpg 220w\" sizes=\"auto, (max-width: 500px) 100vw, 500px\" \/><\/a>\r\n<\/dt>\r\n<dd class='wp-caption-text gallery-caption'>\r\n<div class='gallery-caption-inner'> <div class='wp-caption-text gallery-title'>\r\n\tBestway-Family-Pool-Deluxe-Pool-rechteckig-fuer-Kinder-leicht-aufbaubar-blau-305x183x56-cm\r\n\t<\/div><div class='wp-caption-text gallery-zoom no-text'>\r\n\t <a href=https:\/\/www.gartenvip.de\/?attachment_id=10863 title='Click to view Full Image' class='icon mustang-gallery'><i class='fa fa-plus'><\/i><\/a>\r\n\t<\/div><div class='wp-caption-text gallery-redirect'>\r\n\t <a href=https:\/\/www.gartenvip.de\/?attachment_id=10863 title='Click to view read more' class='icon readmore'><i class='fa fa-link'><\/i><\/a>\r\n\t<\/div><\/div><\/dd><\/dl><dl class='gallery-item'>\r\n<dt class='gallery-icon landscape'>\r\n<a rel='gallery-nr'><img loading=\"lazy\" decoding=\"async\" width=\"500\" height=\"500\" src=\"https:\/\/images-na.ssl-images-amazon.com\/images\/I\/31BVWtfHacL.jpg\" class=\"attachment-full size-full\" alt=\"\" srcset=\"https:\/\/images-na.ssl-images-amazon.com\/images\/I\/31BVWtfHacL.jpg 500w, https:\/\/images-na.ssl-images-amazon.com\/images\/I\/31BVWtfHacL._SS150_.jpg 150w, https:\/\/images-na.ssl-images-amazon.com\/images\/I\/31BVWtfHacL._SS300_.jpg 300w, https:\/\/images-na.ssl-images-amazon.com\/images\/I\/31BVWtfHacL._SS768_.jpg 768w, https:\/\/images-na.ssl-images-amazon.com\/images\/I\/31BVWtfHacL._SS1024_.jpg 1024w, https:\/\/images-na.ssl-images-amazon.com\/images\/I\/31BVWtfHacL._SS1536_.jpg 1536w, https:\/\/images-na.ssl-images-amazon.com\/images\/I\/31BVWtfHacL._SS2048_.jpg 2048w, https:\/\/images-na.ssl-images-amazon.com\/images\/I\/31BVWtfHacL._SS145_.jpg 145w, https:\/\/images-na.ssl-images-amazon.com\/images\/I\/31BVWtfHacL._SS1200_.jpg 1200w, https:\/\/images-na.ssl-images-amazon.com\/images\/I\/31BVWtfHacL._SS50_.jpg 50w, https:\/\/images-na.ssl-images-amazon.com\/images\/I\/31BVWtfHacL._SS604_.jpg 604w, https:\/\/images-na.ssl-images-amazon.com\/images\/I\/31BVWtfHacL._SS281_.jpg 281w, https:\/\/images-na.ssl-images-amazon.com\/images\/I\/31BVWtfHacL._SS799_.jpg 799w, https:\/\/images-na.ssl-images-amazon.com\/images\/I\/31BVWtfHacL._SS250_.jpg 250w, https:\/\/images-na.ssl-images-amazon.com\/images\/I\/31BVWtfHacL._SS450_.jpg 450w, https:\/\/images-na.ssl-images-amazon.com\/images\/I\/31BVWtfHacL._SS220_.jpg 220w\" sizes=\"auto, (max-width: 500px) 100vw, 500px\" \/><\/a>\r\n<\/dt>\r\n<dd class='wp-caption-text gallery-caption'>\r\n<div class='gallery-caption-inner'> <div class='wp-caption-text gallery-title'>\r\n\tBestway-Family-Pool-Deluxe-Pool-rechteckig-fuer-Kinder-leicht-aufbaubar-blau-305x183x56-cm\r\n\t<\/div><div class='wp-caption-text gallery-zoom no-text'>\r\n\t <a href=https:\/\/www.gartenvip.de\/?attachment_id=10864 title='Click to view Full Image' class='icon mustang-gallery'><i class='fa fa-plus'><\/i><\/a>\r\n\t<\/div><div class='wp-caption-text gallery-redirect'>\r\n\t <a href=https:\/\/www.gartenvip.de\/?attachment_id=10864 title='Click to view read more' class='icon readmore'><i class='fa fa-link'><\/i><\/a>\r\n\t<\/div><\/div><\/dd><\/dl>\r\n<\/div>\n\n<div class=\"disclaim\"> Gr\u00f6\u00dfe:<strong>305 x 183 x 56 cm<\/strong> <\/div>\n<p> <!-- show up to 2 reviews by default --> <\/p>\n<h3>Produktbeschreibung<\/h3>\n<\/p>\n<p><strong>Unbeschwertes Badevergn\u00fcgen &#8211; mit dem aufblasbaren Gartenpool von Bestway<\/strong><\/p>\n<p>Mit dem Schwimmbecken von Bestway kann der Sommer kommen, denn der aufstellbare Pool verspricht erfrischenden und endlosen Badespa\u00df. Das Schwimmbecken besteht aus robustem, vorgetestetem Vinyl und verspricht so eine hohe Langlebigkeit. Die Konstruktion mit drei gleich gro\u00dfen, aufblasbaren Ringen bietet eine hohe Stabilit\u00e4t, w\u00e4hrend die breiten Seitenw\u00e4nde f\u00fcr mehr Sicherheit sorgen.<\/p>\n<p>Das Planschbecken eignet sich f\u00fcr Kinder ab 6 Jahren, kann jedoch auch von Erwachsenen f\u00fcr eine spritzige Abk\u00fchlung im Sommer genutzt werden. Ist die Badesaison vorbei, kann das Wasser m\u00fchelos mit dem einfach zu handhabenden Ablassventil entleert und der Pool anschlie\u00dfend platzsparend bis zum n\u00e4chsten Einsatz verstaut werden. Im Lieferumfang befindet sich au\u00dferdem ein selbstklebender Unterwasser-Reparaturflicken. Bei 90 % F\u00fcllung hat das Kinder Planschbecken eine Wasserkapazit\u00e4t von 1.161 Litern.<\/p>\n<\/p>\n<p><strong>Die Produktvorteile im Detail: <\/strong><\/p>\n<ul>\n<li>Leicht aufzubauen <\/li>\n<li>Robustes Material<\/li>\n<li>Integriertes Ablassventil<\/li>\n<li>Inklusive selbstklebendem Unterwasser-Reparaturflicken<\/li>\n<li>Ma\u00dfe: 305x183x56 cm<\/li>\n<li>Material: Vinyl<\/li>\n<li>Farbe: blau<\/li>\n<\/ul>\n<h3>Warnhinweise<\/h3>\n<p>keine Warnungen <\/p>\n<p>Einfacher Aufbau &#8211; Der Family Pool l\u00e4sst sich schnell aufpumpen und ist ganz leicht aufgebaut<br \/>\nRobustes Material &#8211; Bestehend aus robustem Vinyl, verspricht der Aufstellpool eine lange Haltbarkeit<br \/>\nAb 6 Jahren &#8211; Der Swimmingpool eignet sich f\u00fcr Kinder ab 6 Jahren und hat ein integriertes Ablassventil<br \/>\nPlatzsparend lagern &#8211; Am Ende der Saison kann der Gartenpool leicht abgebaut und platzsparend gelagert werden<br \/>\nLieferumfang &#8211; Bestway Family Pool Planschbecken, inklusive selbstklebendem Reparaturflicken, Ma\u00dfe: 305x183x56 cm, Material: Vinyl, Farbe: blau<br \/>\n<div class=\"main-cross-sell\" data-asin=\"B000A7J76Q\">\n\n\t<div class=\"WooZone-cross-sell-loader\">\n\t\t<div>\n\t\t\t<div id=\"floatingBarsG\">\n\t\t\t\t<div class=\"blockG\" id=\"rotateG_01\"><\/div>\n\t\t\t\t<div class=\"blockG\" id=\"rotateG_02\"><\/div>\n\t\t\t\t<div class=\"blockG\" id=\"rotateG_03\"><\/div>\n\t\t\t\t<div class=\"blockG\" id=\"rotateG_04\"><\/div>\n\t\t\t\t<div class=\"blockG\" id=\"rotateG_05\"><\/div>\n\t\t\t\t<div class=\"blockG\" id=\"rotateG_06\"><\/div>\n\t\t\t\t<div class=\"blockG\" id=\"rotateG_07\"><\/div>\n\t\t\t\t<div class=\"blockG\" id=\"rotateG_08\"><\/div>\n\t\t\t<\/div>\n\t\t\t<div class=\"WooZone-cross-sell-loader-text\"><\/div>\n\t\t<\/div>\n\t<\/div>\n\n\t\t\n<\/div>\n<div style=\"clear:both;\"><\/div>\n","protected":false},"excerpt":{"rendered":"<p>Einfacher Aufbau &#8211; Der Family Pool l\u00e4sst sich schnell aufpumpen und ist ganz leicht aufgebaut<br \/>\nRobustes Material &#8211; Bestehend aus robustem Vinyl, verspricht der Aufstellpool eine lange Haltbarkeit<br \/>\nAb 6 Jahren &#8211; Der Swimmingpool eignet sich f\u00fcr Kinder ab 6 Jahren und hat ein integriertes Ablassventil<\/p>\n","protected":false},"featured_media":10862,"comment_status":"open","ping_status":"closed","template":"","meta":[],"product_brand":[],"product_cat":[45],"product_tag":[],"class_list":{"0":"post-10861","1":"product","2":"type-product","3":"status-publish","4":"has-post-thumbnail","6":"product_cat-pool","7":"pa_amazon-bestseller-rang-nr-341-in-garten-siehe-top-100-in-garten-nr-6-in-aufblasbare-pools-nr-10-in-planschbecken","8":"pa_auslaufartikel-produktion-dur-nein","9":"pa_brand-besuchen-sie-den-bestway-store","10":"pa_durchschnittliche-kundenbewer-43-von-5-sternen-3-843-sternebewertungen-43-von-5-sternen","11":"pa_gewicht-6-5-kilogramm","12":"pa_hersteller-bestway","13":"pa_im-angebot-von-amazon-de-seit-21-maerz-2007","14":"pa_laenge-1-cm","15":"pa_modellnummer-54009b","16":"pa_produktabmessungen-299-97-x-178-05-x-52-07-cm-5-kilogramm","17":"pa_schirmmaterial-kunststoff","18":"pa_teilenummer-2673","19":"pa_volumen-1302-liter","22":"first","23":"instock","24":"shipping-taxable","25":"purchasable","26":"product-type-simple"},"_links":{"self":[{"href":"https:\/\/www.gartenvip.de\/index.php?rest_route=\/wp\/v2\/product\/10861","targetHints":{"allow":["GET"]}}],"collection":[{"href":"https:\/\/www.gartenvip.de\/index.php?rest_route=\/wp\/v2\/product"}],"about":[{"href":"https:\/\/www.gartenvip.de\/index.php?rest_route=\/wp\/v2\/types\/product"}],"replies":[{"embeddable":true,"href":"https:\/\/www.gartenvip.de\/index.php?rest_route=%2Fwp%2Fv2%2Fcomments&post=10861"}],"wp:featuredmedia":[{"embeddable":true,"href":"https:\/\/www.gartenvip.de\/index.php?rest_route=\/wp\/v2\/media\/10862"}],"wp:attachment":[{"href":"https:\/\/www.gartenvip.de\/index.php?rest_route=%2Fwp%2Fv2%2Fmedia&parent=10861"}],"wp:term":[{"taxonomy":"product_brand","embeddable":true,"href":"https:\/\/www.gartenvip.de\/index.php?rest_route=%2Fwp%2Fv2%2Fproduct_brand&post=10861"},{"taxonomy":"product_cat","embeddable":true,"href":"https:\/\/www.gartenvip.de\/index.php?rest_route=%2Fwp%2Fv2%2Fproduct_cat&post=10861"},{"taxonomy":"product_tag","embeddable":true,"href":"https:\/\/www.gartenvip.de\/index.php?rest_route=%2Fwp%2Fv2%2Fproduct_tag&post=10861"}],"curies":[{"name":"wp","href":"https:\/\/api.w.org\/{rel}","templated":true}]}}