{"id":11465,"date":"2021-06-21T10:55:51","date_gmt":"2021-06-21T10:55:51","guid":{"rendered":"https:\/\/www.gartenvip.de\/?product=zelsius-aluminium-gewaechshaus-fuer-den-garten-inklusive-fundament-380-x-190-cm-6-mm-platten-vielseitig-nutzbar-als-treibhaus-tomatenhaus-fruehbeet-und-pflanzenhaus"},"modified":"2024-01-03T17:18:34","modified_gmt":"2024-01-03T16:18:34","slug":"zelsius-aluminium-gewaechshaus-fuer-den-garten-inklusive-fundament-380-x-190-cm-6-mm-platten-vielseitig-nutzbar-als-treibhaus-tomatenhaus-fruehbeet-und-pflanzenhaus","status":"publish","type":"product","link":"https:\/\/www.gartenvip.de\/?product=zelsius-aluminium-gewaechshaus-fuer-den-garten-inklusive-fundament-380-x-190-cm-6-mm-platten-vielseitig-nutzbar-als-treibhaus-tomatenhaus-fruehbeet-und-pflanzenhaus","title":{"rendered":"Zelsius Aluminium Gew\u00e4chshaus f\u00fcr den Garten | inklusive Fundament | 380 x 190 cm | 6 mm Platten | Vielseitig nutzbar als Treibhaus, Tomatenhaus, Fr\u00fchbeet und Pflanzenhaus"},"content":{"rendered":"\n\t\t<div id='gallery-1' class='gallery galleryid-11465 gallery-columns-3 gallery-size-full'><dl class='gallery-item'>\r\n<dt class='gallery-icon landscape'>\r\n<a rel='gallery-nr'><img loading=\"lazy\" decoding=\"async\" width=\"500\" height=\"500\" src=\"https:\/\/images-na.ssl-images-amazon.com\/images\/I\/41akASGeJiL.jpg\" class=\"attachment-full size-full\" alt=\"\" srcset=\"https:\/\/images-na.ssl-images-amazon.com\/images\/I\/41akASGeJiL.jpg 500w, https:\/\/images-na.ssl-images-amazon.com\/images\/I\/41akASGeJiL._SS150_.jpg 150w, https:\/\/images-na.ssl-images-amazon.com\/images\/I\/41akASGeJiL._SS300_.jpg 300w, https:\/\/images-na.ssl-images-amazon.com\/images\/I\/41akASGeJiL._SS768_.jpg 768w, https:\/\/images-na.ssl-images-amazon.com\/images\/I\/41akASGeJiL._SS1024_.jpg 1024w, https:\/\/images-na.ssl-images-amazon.com\/images\/I\/41akASGeJiL._SS1536_.jpg 1536w, https:\/\/images-na.ssl-images-amazon.com\/images\/I\/41akASGeJiL._SS2048_.jpg 2048w, https:\/\/images-na.ssl-images-amazon.com\/images\/I\/41akASGeJiL._SS145_.jpg 145w, https:\/\/images-na.ssl-images-amazon.com\/images\/I\/41akASGeJiL._SS1200_.jpg 1200w, https:\/\/images-na.ssl-images-amazon.com\/images\/I\/41akASGeJiL._SS50_.jpg 50w, https:\/\/images-na.ssl-images-amazon.com\/images\/I\/41akASGeJiL._SS604_.jpg 604w, https:\/\/images-na.ssl-images-amazon.com\/images\/I\/41akASGeJiL._SS281_.jpg 281w, https:\/\/images-na.ssl-images-amazon.com\/images\/I\/41akASGeJiL._SS799_.jpg 799w, https:\/\/images-na.ssl-images-amazon.com\/images\/I\/41akASGeJiL._SS250_.jpg 250w, https:\/\/images-na.ssl-images-amazon.com\/images\/I\/41akASGeJiL._SS450_.jpg 450w, https:\/\/images-na.ssl-images-amazon.com\/images\/I\/41akASGeJiL._SS220_.jpg 220w\" sizes=\"auto, (max-width: 500px) 100vw, 500px\" \/><\/a>\r\n<\/dt>\r\n<dd class='wp-caption-text gallery-caption'>\r\n<div class='gallery-caption-inner'> <div class='wp-caption-text gallery-title'>\r\n\tZelsius-Aluminium-Gewaechshaus-fuer-den-Garten-inklusive-Fundament-380-x-190-cm-6-mm-Platten-Vielseitig-nutzbar-als-Treibhaus-Tomatenhaus-Fruehbeet-und-Pflanzenhaus\r\n\t<\/div><div class='wp-caption-text gallery-zoom no-text'>\r\n\t <a href=https:\/\/www.gartenvip.de\/?attachment_id=11466 title='Click to view Full Image' class='icon mustang-gallery'><i class='fa fa-plus'><\/i><\/a>\r\n\t<\/div><div class='wp-caption-text gallery-redirect'>\r\n\t <a href=https:\/\/www.gartenvip.de\/?attachment_id=11466 title='Click to view read more' class='icon readmore'><i class='fa fa-link'><\/i><\/a>\r\n\t<\/div><\/div><\/dd><\/dl><dl class='gallery-item'>\r\n<dt class='gallery-icon landscape'>\r\n<a rel='gallery-nr'><img loading=\"lazy\" decoding=\"async\" width=\"500\" height=\"500\" src=\"https:\/\/images-na.ssl-images-amazon.com\/images\/I\/41SLhSFeY7L.jpg\" class=\"attachment-full size-full\" alt=\"\" srcset=\"https:\/\/images-na.ssl-images-amazon.com\/images\/I\/41SLhSFeY7L.jpg 500w, https:\/\/images-na.ssl-images-amazon.com\/images\/I\/41SLhSFeY7L._SS150_.jpg 150w, https:\/\/images-na.ssl-images-amazon.com\/images\/I\/41SLhSFeY7L._SS300_.jpg 300w, https:\/\/images-na.ssl-images-amazon.com\/images\/I\/41SLhSFeY7L._SS768_.jpg 768w, https:\/\/images-na.ssl-images-amazon.com\/images\/I\/41SLhSFeY7L._SS1024_.jpg 1024w, https:\/\/images-na.ssl-images-amazon.com\/images\/I\/41SLhSFeY7L._SS1536_.jpg 1536w, https:\/\/images-na.ssl-images-amazon.com\/images\/I\/41SLhSFeY7L._SS2048_.jpg 2048w, https:\/\/images-na.ssl-images-amazon.com\/images\/I\/41SLhSFeY7L._SS145_.jpg 145w, https:\/\/images-na.ssl-images-amazon.com\/images\/I\/41SLhSFeY7L._SS1200_.jpg 1200w, https:\/\/images-na.ssl-images-amazon.com\/images\/I\/41SLhSFeY7L._SS50_.jpg 50w, https:\/\/images-na.ssl-images-amazon.com\/images\/I\/41SLhSFeY7L._SS604_.jpg 604w, https:\/\/images-na.ssl-images-amazon.com\/images\/I\/41SLhSFeY7L._SS281_.jpg 281w, https:\/\/images-na.ssl-images-amazon.com\/images\/I\/41SLhSFeY7L._SS799_.jpg 799w, https:\/\/images-na.ssl-images-amazon.com\/images\/I\/41SLhSFeY7L._SS250_.jpg 250w, https:\/\/images-na.ssl-images-amazon.com\/images\/I\/41SLhSFeY7L._SS450_.jpg 450w, https:\/\/images-na.ssl-images-amazon.com\/images\/I\/41SLhSFeY7L._SS220_.jpg 220w\" sizes=\"auto, (max-width: 500px) 100vw, 500px\" \/><\/a>\r\n<\/dt>\r\n<dd class='wp-caption-text gallery-caption'>\r\n<div class='gallery-caption-inner'> <div class='wp-caption-text gallery-title'>\r\n\tZelsius-Aluminium-Gewaechshaus-fuer-den-Garten-inklusive-Fundament-380-x-190-cm-6-mm-Platten-Vielseitig-nutzbar-als-Treibhaus-Tomatenhaus-Fruehbeet-und-Pflanzenhaus\r\n\t<\/div><div class='wp-caption-text gallery-zoom no-text'>\r\n\t <a href=https:\/\/www.gartenvip.de\/?attachment_id=11467 title='Click to view Full Image' class='icon mustang-gallery'><i class='fa fa-plus'><\/i><\/a>\r\n\t<\/div><div class='wp-caption-text gallery-redirect'>\r\n\t <a href=https:\/\/www.gartenvip.de\/?attachment_id=11467 title='Click to view read more' class='icon readmore'><i class='fa fa-link'><\/i><\/a>\r\n\t<\/div><\/div><\/dd><\/dl><dl class='gallery-item'>\r\n<dt class='gallery-icon landscape'>\r\n<a rel='gallery-nr'><img loading=\"lazy\" decoding=\"async\" width=\"500\" height=\"500\" src=\"https:\/\/images-na.ssl-images-amazon.com\/images\/I\/41Piz5jI8dL.jpg\" class=\"attachment-full size-full\" alt=\"\" srcset=\"https:\/\/images-na.ssl-images-amazon.com\/images\/I\/41Piz5jI8dL.jpg 500w, https:\/\/images-na.ssl-images-amazon.com\/images\/I\/41Piz5jI8dL._SS150_.jpg 150w, https:\/\/images-na.ssl-images-amazon.com\/images\/I\/41Piz5jI8dL._SS300_.jpg 300w, https:\/\/images-na.ssl-images-amazon.com\/images\/I\/41Piz5jI8dL._SS768_.jpg 768w, https:\/\/images-na.ssl-images-amazon.com\/images\/I\/41Piz5jI8dL._SS1024_.jpg 1024w, https:\/\/images-na.ssl-images-amazon.com\/images\/I\/41Piz5jI8dL._SS1536_.jpg 1536w, https:\/\/images-na.ssl-images-amazon.com\/images\/I\/41Piz5jI8dL._SS2048_.jpg 2048w, https:\/\/images-na.ssl-images-amazon.com\/images\/I\/41Piz5jI8dL._SS145_.jpg 145w, https:\/\/images-na.ssl-images-amazon.com\/images\/I\/41Piz5jI8dL._SS1200_.jpg 1200w, https:\/\/images-na.ssl-images-amazon.com\/images\/I\/41Piz5jI8dL._SS50_.jpg 50w, https:\/\/images-na.ssl-images-amazon.com\/images\/I\/41Piz5jI8dL._SS604_.jpg 604w, https:\/\/images-na.ssl-images-amazon.com\/images\/I\/41Piz5jI8dL._SS281_.jpg 281w, https:\/\/images-na.ssl-images-amazon.com\/images\/I\/41Piz5jI8dL._SS799_.jpg 799w, https:\/\/images-na.ssl-images-amazon.com\/images\/I\/41Piz5jI8dL._SS250_.jpg 250w, https:\/\/images-na.ssl-images-amazon.com\/images\/I\/41Piz5jI8dL._SS450_.jpg 450w, https:\/\/images-na.ssl-images-amazon.com\/images\/I\/41Piz5jI8dL._SS220_.jpg 220w\" sizes=\"auto, (max-width: 500px) 100vw, 500px\" \/><\/a>\r\n<\/dt>\r\n<dd class='wp-caption-text gallery-caption'>\r\n<div class='gallery-caption-inner'> <div class='wp-caption-text gallery-title'>\r\n\tZelsius-Aluminium-Gewaechshaus-fuer-den-Garten-inklusive-Fundament-380-x-190-cm-6-mm-Platten-Vielseitig-nutzbar-als-Treibhaus-Tomatenhaus-Fruehbeet-und-Pflanzenhaus\r\n\t<\/div><div class='wp-caption-text gallery-zoom no-text'>\r\n\t <a href=https:\/\/www.gartenvip.de\/?attachment_id=11468 title='Click to view Full Image' class='icon mustang-gallery'><i class='fa fa-plus'><\/i><\/a>\r\n\t<\/div><div class='wp-caption-text gallery-redirect'>\r\n\t <a href=https:\/\/www.gartenvip.de\/?attachment_id=11468 title='Click to view read more' class='icon readmore'><i class='fa fa-link'><\/i><\/a>\r\n\t<\/div><\/div><\/dd><\/dl>\r\n<\/div>\n\n<div class=\"disclaim\"> Gr\u00f6\u00dfe:<strong>380 x 190 cm &#8211; 6 mm Platten<\/strong> | Farbe:<strong>Mit Fundament<\/strong> <\/div>\n<p> <!-- show up to 2 reviews by default --> <\/p>\n<p><b>Zelsius Aluminium Gew\u00e4chshaus SET (L) 380 cm x (B) 190 cm, 6 mm Hohlkammerstegplatten + Zelsius Fundamentrahmen<\/b><br \/> Gesundes Obst und Gem\u00fcse aus eigenem Anbau &#8211; Aufzucht oder \u00dcberwinterung bestimmter Pflanzen &#8211; Anzucht von Blumen<\/p>\n<p> Mit dem Pflanzenhaus von Zelsius liegen Sie in jedem Fall zu 100% richtig! Durch Aluminiumprofile ist der Aufbau schnell und einfach zu handhaben. Zus\u00e4tzliche Verstrebungen sorgen f\u00fcr Stabilit\u00e4t. Die gro\u00dfen w\u00e4rmed\u00e4mmenden Hohlkammerstegplatten lassen viel Sonne rein und Ihre Pflanzen kr\u00e4ftig gedeien. Praktische Dachfenster zur optimalen Luftzirkulation k\u00f6nnen je nach Bedarf manuell ge\u00f6ffnet oder geschlossen werden. Die gro\u00dfe Schiebet\u00fcr ist leicht zu bedienen und erm\u00f6glicht einfaches Betreten. Winterfestigkeit sowie Temperatur- und UV- Best\u00e4ndigkeit sind nur einige wichtige Merkmale.<\/p>\n<p><b>Ihre Produktvorteile im \u00dcberblick:<\/b><br \/> &#8211; Hochwertiges und besonders langlebiges Material, sto\u00df- und ballwurfsicher<br \/> &#8211; Standhaft und Witterungsbest\u00e4ndig<br \/> &#8211; Viel Platz f\u00fcr Aufzucht<br \/> &#8211; Passendes Zubeh\u00f6r<br \/> &#8211; Temperaturbest\u00e4ndig von -25 bis +60 \u00b0C<\/p>\n<p><b>Inklusive METALL FUNDAMENT!<\/b><br \/> Fundamentrahmen aus verzinktem Stahl. Verst\u00e4rkt, stabilisiert und erh\u00f6ht Ihr Gew\u00e4chshaus.<\/p>\n<p><b>Technische Daten \/ Ma\u00dfe:<\/b><br \/> &#8211; Grund- \/ Stellfl\u00e4che: (L) 380 x (B) 190 cm<br \/> &#8211; Seitenh\u00f6he: 124 cm<br \/> &#8211; Firsth\u00f6he: 195 cm<br \/> &#8211; Schiebet\u00fcr: (B) 61 x (H) 162 cm<br \/> &#8211; Anzahl Fenster: 4<\/p>\n<p><b>Material:<\/b><br \/> Aluminiumprofile<br \/> Polykarbonat (PC) Hohlkammerstegplatten, 6 mm<br \/> Fundament-Rahmen aus Stahlblech, verzinkt<\/p>\n<p><b>Lieferumfang:<\/b><br \/> 1x Gew\u00e4chshaus, zerlegt als Bausatz zur Selbstmontage<br \/> 1x Stahlfundamenrahmen, zerlegt als Bausatz zur Selbstmontage<br \/> 1x Montageanleitung<\/p>\n<p> Der Versand erfolgt gut verpackt in 3 Paketen per Paketdienst.<\/p>\n<p><b>Ihr Projekt f\u00fcr einen tollen Garten!<\/b><\/p>\n<p>STANDFEST BEI JEDEM WETTER | Unser stabiles Gartenhaus trotzt Wind und Wetter! Es ist ausgestattet mit einer lichtbrechenden und UV-best\u00e4ndigen Verglasung, h\u00e4lt Temperaturen bis von -25 C\u00b0 bis zu +60 C\u00b0 stand und besteht aus sto\u00df- und ballwurfsicherem Material.<br \/>\nVIELSEITIGE NUTZUNG | Das Gew\u00e4chshaus kann sowohl f\u00fcr den Anbau verschiedenster Gem\u00fcse- und Kr\u00e4utersorten, als auch f\u00fcr die Aufzucht oder \u00dcberwinterung bestimmter Pflanzen genutzt werden. Die zwei integrierten Dachfenster sorgen zudem f\u00fcr eine ideale Luftzirkulation.<br \/>\nQUALIT\u00c4T VOR QUANTIT\u00c4T | Wir sind der festen \u00dcberzeugung, dass die Qualit\u00e4t eines Produktes alles ist. Deshalb halten wir an unseren Qualit\u00e4tsma\u00dfst\u00e4ben fest und setzen auf ein stabiles Ger\u00fcst aus Aluminium und hochwertige Hohlkammerstegplatten aus Polycarbonat.<br \/>\nINKL. PASSENDES ZUBEH\u00d6R | Das Gew\u00e4chshaus wird direkt mit passendem Fundamentrahmen aus verzinktem Stahl geliefert. Dieser sorgt f\u00fcr zus\u00e4tzliche Stabilit\u00e4t, erh\u00f6ht das Gew\u00e4chshaus und verhindert ein Absinken auf weichem Untergrund.<br \/>\nPLATZ OHNE ENDE | Egal ob Tomaten, Fuchsien, Solanum oder Rosmarin, unser robustes Gew\u00e4chshaus bietet ausreichend Platz zum Wachsen und Gedeihen! Die Stellfl\u00e4che betr\u00e4gt (L) 380 cm x (B) 190 cm, die Seitenh\u00f6he 124 cm und die Firsth\u00f6he 195 cm.<br \/>\n<div class=\"main-cross-sell\" data-asin=\"B014QWKMCS\">\n\n\t<div class=\"WooZone-cross-sell-loader\">\n\t\t<div>\n\t\t\t<div id=\"floatingBarsG\">\n\t\t\t\t<div class=\"blockG\" id=\"rotateG_01\"><\/div>\n\t\t\t\t<div class=\"blockG\" id=\"rotateG_02\"><\/div>\n\t\t\t\t<div class=\"blockG\" id=\"rotateG_03\"><\/div>\n\t\t\t\t<div class=\"blockG\" id=\"rotateG_04\"><\/div>\n\t\t\t\t<div class=\"blockG\" id=\"rotateG_05\"><\/div>\n\t\t\t\t<div class=\"blockG\" id=\"rotateG_06\"><\/div>\n\t\t\t\t<div class=\"blockG\" id=\"rotateG_07\"><\/div>\n\t\t\t\t<div class=\"blockG\" id=\"rotateG_08\"><\/div>\n\t\t\t<\/div>\n\t\t\t<div class=\"WooZone-cross-sell-loader-text\"><\/div>\n\t\t<\/div>\n\t<\/div>\n\n\t\t\n<\/div>\n<div style=\"clear:both;\"><\/div>\n","protected":false},"excerpt":{"rendered":"<p>STANDFEST BEI JEDEM WETTER | Unser stabiles Gartenhaus trotzt Wind und Wetter! Es ist ausgestattet mit einer lichtbrechenden und UV-best\u00e4ndigen Verglasung, h\u00e4lt Temperaturen bis von -25 C\u00b0 bis zu +60 C\u00b0 stand und besteht aus sto\u00df- und ballwurfsicherem Material.<br \/>\nVIELSEITIGE NUTZUNG | Das Gew\u00e4chshaus kann sowohl f\u00fcr den Anbau verschiedenster Gem\u00fcse- und Kr\u00e4utersorten, als auch f\u00fcr die Aufzucht oder \u00dcberwinterung bestimmter Pflanzen genutzt werden. Die zwei integrierten Dachfenster sorgen zudem f\u00fcr eine ideale Luftzirkulation.<br \/>\nQUALIT\u00c4T VOR QUANTIT\u00c4T | Wir sind der festen \u00dcberzeugung, dass die Qualit\u00e4t eines Produktes alles ist. Deshalb halten wir an unseren Qualit\u00e4tsma\u00dfst\u00e4ben fest und setzen auf ein stabiles Ger\u00fcst aus Aluminium und hochwertige Hohlkammerstegplatten aus Polycarbonat.<\/p>\n","protected":false},"featured_media":11466,"comment_status":"open","ping_status":"closed","template":"","meta":[],"product_brand":[],"product_cat":[248],"product_tag":[],"class_list":{"0":"post-11465","1":"product","2":"type-product","3":"status-publish","4":"has-post-thumbnail","6":"product_cat-gewaechshaus","7":"pa_amazon-bestseller-rang-nr-17244-in-garten-siehe-top-100-in-garten-nr-9-in-gartengewaechshaeuser","8":"pa_auslaufartikel-produktion-dur-nein","9":"pa_brand-marke-zelsius","10":"pa_durchschnittliche-kundenbewer-40-von-5-sternen-1-252-sternebewertungen-40-von-5-sternen","11":"pa_hersteller-zelsius","12":"pa_im-angebot-von-amazon-de-seit-1-september-2015","13":"pa_materialart-aluminium","14":"pa_produktabmessungen-380-x-190-x-195-cm-40-kilogramm","15":"pa_teilenummer-gw06plus_fnd","18":"first","19":"instock","20":"shipping-taxable","21":"purchasable","22":"product-type-simple"},"_links":{"self":[{"href":"https:\/\/www.gartenvip.de\/index.php?rest_route=\/wp\/v2\/product\/11465","targetHints":{"allow":["GET"]}}],"collection":[{"href":"https:\/\/www.gartenvip.de\/index.php?rest_route=\/wp\/v2\/product"}],"about":[{"href":"https:\/\/www.gartenvip.de\/index.php?rest_route=\/wp\/v2\/types\/product"}],"replies":[{"embeddable":true,"href":"https:\/\/www.gartenvip.de\/index.php?rest_route=%2Fwp%2Fv2%2Fcomments&post=11465"}],"wp:featuredmedia":[{"embeddable":true,"href":"https:\/\/www.gartenvip.de\/index.php?rest_route=\/wp\/v2\/media\/11466"}],"wp:attachment":[{"href":"https:\/\/www.gartenvip.de\/index.php?rest_route=%2Fwp%2Fv2%2Fmedia&parent=11465"}],"wp:term":[{"taxonomy":"product_brand","embeddable":true,"href":"https:\/\/www.gartenvip.de\/index.php?rest_route=%2Fwp%2Fv2%2Fproduct_brand&post=11465"},{"taxonomy":"product_cat","embeddable":true,"href":"https:\/\/www.gartenvip.de\/index.php?rest_route=%2Fwp%2Fv2%2Fproduct_cat&post=11465"},{"taxonomy":"product_tag","embeddable":true,"href":"https:\/\/www.gartenvip.de\/index.php?rest_route=%2Fwp%2Fv2%2Fproduct_tag&post=11465"}],"curies":[{"name":"wp","href":"https:\/\/api.w.org\/{rel}","templated":true}]}}