{"id":12503,"date":"2021-06-21T12:01:31","date_gmt":"2021-06-21T12:01:31","guid":{"rendered":"https:\/\/www.gartenvip.de\/?product=rettichsamen-rettich-ostergruss-rosa-2-fruehlingsgruss-von-sperli-samen"},"modified":"2024-01-03T17:32:29","modified_gmt":"2024-01-03T16:32:29","slug":"rettichsamen-rettich-ostergruss-rosa-2-fruehlingsgruss-von-sperli-samen","status":"publish","type":"product","link":"https:\/\/www.gartenvip.de\/?product=rettichsamen-rettich-ostergruss-rosa-2-fruehlingsgruss-von-sperli-samen","title":{"rendered":"Rettichsamen &#8211; Rettich Ostergru\u00df rosa 2 \/ Fr\u00fchlingsgru\u00df von Sperli-Samen"},"content":{"rendered":"<div id='gallery-1' class='gallery galleryid-12503 gallery-columns-3 gallery-size-full'><dl class='gallery-item'>\r\n<dt class='gallery-icon landscape'>\r\n<a rel='gallery-nr'><img loading=\"lazy\" decoding=\"async\" width=\"500\" height=\"500\" src=\"https:\/\/images-na.ssl-images-amazon.com\/images\/I\/51WTNpEJY1L.jpg\" class=\"attachment-full size-full\" alt=\"\" srcset=\"https:\/\/images-na.ssl-images-amazon.com\/images\/I\/51WTNpEJY1L.jpg 500w, https:\/\/images-na.ssl-images-amazon.com\/images\/I\/51WTNpEJY1L._SS150_.jpg 150w, https:\/\/images-na.ssl-images-amazon.com\/images\/I\/51WTNpEJY1L._SS300_.jpg 300w, https:\/\/images-na.ssl-images-amazon.com\/images\/I\/51WTNpEJY1L._SS768_.jpg 768w, https:\/\/images-na.ssl-images-amazon.com\/images\/I\/51WTNpEJY1L._SS1024_.jpg 1024w, https:\/\/images-na.ssl-images-amazon.com\/images\/I\/51WTNpEJY1L._SS1536_.jpg 1536w, https:\/\/images-na.ssl-images-amazon.com\/images\/I\/51WTNpEJY1L._SS2048_.jpg 2048w, https:\/\/images-na.ssl-images-amazon.com\/images\/I\/51WTNpEJY1L._SS145_.jpg 145w, https:\/\/images-na.ssl-images-amazon.com\/images\/I\/51WTNpEJY1L._SS1200_.jpg 1200w, https:\/\/images-na.ssl-images-amazon.com\/images\/I\/51WTNpEJY1L._SS50_.jpg 50w, https:\/\/images-na.ssl-images-amazon.com\/images\/I\/51WTNpEJY1L._SS604_.jpg 604w, https:\/\/images-na.ssl-images-amazon.com\/images\/I\/51WTNpEJY1L._SS281_.jpg 281w, https:\/\/images-na.ssl-images-amazon.com\/images\/I\/51WTNpEJY1L._SS799_.jpg 799w, https:\/\/images-na.ssl-images-amazon.com\/images\/I\/51WTNpEJY1L._SS250_.jpg 250w, https:\/\/images-na.ssl-images-amazon.com\/images\/I\/51WTNpEJY1L._SS450_.jpg 450w, https:\/\/images-na.ssl-images-amazon.com\/images\/I\/51WTNpEJY1L._SS220_.jpg 220w\" sizes=\"auto, (max-width: 500px) 100vw, 500px\" \/><\/a>\r\n<\/dt>\r\n<dd class='wp-caption-text gallery-caption'>\r\n<div class='gallery-caption-inner'> <div class='wp-caption-text gallery-title'>\r\n\tRettichsamen-Rettich-Ostergruss-rosa-2-Fruehlingsgruss-von-Sperli-Samen\r\n\t<\/div><div class='wp-caption-text gallery-zoom no-text'>\r\n\t <a href=https:\/\/www.gartenvip.de\/?attachment_id=12504 title='Click to view Full Image' class='icon mustang-gallery'><i class='fa fa-plus'><\/i><\/a>\r\n\t<\/div><div class='wp-caption-text gallery-redirect'>\r\n\t <a href=https:\/\/www.gartenvip.de\/?attachment_id=12504 title='Click to view read more' class='icon readmore'><i class='fa fa-link'><\/i><\/a>\r\n\t<\/div><\/div><\/dd><\/dl><dl class='gallery-item'>\r\n<dt class='gallery-icon landscape'>\r\n<a rel='gallery-nr'><img loading=\"lazy\" decoding=\"async\" width=\"500\" height=\"500\" src=\"https:\/\/images-na.ssl-images-amazon.com\/images\/I\/51z7oDUv0ZL.jpg\" class=\"attachment-full size-full\" alt=\"\" srcset=\"https:\/\/images-na.ssl-images-amazon.com\/images\/I\/51z7oDUv0ZL.jpg 500w, https:\/\/images-na.ssl-images-amazon.com\/images\/I\/51z7oDUv0ZL._SS150_.jpg 150w, https:\/\/images-na.ssl-images-amazon.com\/images\/I\/51z7oDUv0ZL._SS300_.jpg 300w, https:\/\/images-na.ssl-images-amazon.com\/images\/I\/51z7oDUv0ZL._SS768_.jpg 768w, https:\/\/images-na.ssl-images-amazon.com\/images\/I\/51z7oDUv0ZL._SS1024_.jpg 1024w, https:\/\/images-na.ssl-images-amazon.com\/images\/I\/51z7oDUv0ZL._SS1536_.jpg 1536w, https:\/\/images-na.ssl-images-amazon.com\/images\/I\/51z7oDUv0ZL._SS2048_.jpg 2048w, https:\/\/images-na.ssl-images-amazon.com\/images\/I\/51z7oDUv0ZL._SS145_.jpg 145w, https:\/\/images-na.ssl-images-amazon.com\/images\/I\/51z7oDUv0ZL._SS1200_.jpg 1200w, https:\/\/images-na.ssl-images-amazon.com\/images\/I\/51z7oDUv0ZL._SS50_.jpg 50w, https:\/\/images-na.ssl-images-amazon.com\/images\/I\/51z7oDUv0ZL._SS604_.jpg 604w, https:\/\/images-na.ssl-images-amazon.com\/images\/I\/51z7oDUv0ZL._SS281_.jpg 281w, https:\/\/images-na.ssl-images-amazon.com\/images\/I\/51z7oDUv0ZL._SS799_.jpg 799w, https:\/\/images-na.ssl-images-amazon.com\/images\/I\/51z7oDUv0ZL._SS250_.jpg 250w, https:\/\/images-na.ssl-images-amazon.com\/images\/I\/51z7oDUv0ZL._SS450_.jpg 450w, https:\/\/images-na.ssl-images-amazon.com\/images\/I\/51z7oDUv0ZL._SS220_.jpg 220w\" sizes=\"auto, (max-width: 500px) 100vw, 500px\" \/><\/a>\r\n<\/dt>\r\n<dd class='wp-caption-text gallery-caption'>\r\n<div class='gallery-caption-inner'> <div class='wp-caption-text gallery-title'>\r\n\tRettichsamen-Rettich-Ostergruss-rosa-2-Fruehlingsgruss-von-Sperli-Samen\r\n\t<\/div><div class='wp-caption-text gallery-zoom no-text'>\r\n\t <a href=https:\/\/www.gartenvip.de\/?attachment_id=12505 title='Click to view Full Image' class='icon mustang-gallery'><i class='fa fa-plus'><\/i><\/a>\r\n\t<\/div><div class='wp-caption-text gallery-redirect'>\r\n\t <a href=https:\/\/www.gartenvip.de\/?attachment_id=12505 title='Click to view read more' class='icon readmore'><i class='fa fa-link'><\/i><\/a>\r\n\t<\/div><\/div><\/dd><\/dl>\r\n<\/div>\n<br \/>\n<!-- show up to 2 reviews by default --> <\/p>\n<p><strong>Rettich Ostergru\u00df rosa 2 \/ Fr\u00fchlingsgru\u00df<\/strong><br \/><i>Raphanus sativus<\/i><\/p>\n<p>Sehr fr\u00fcher, leuchtend dunkelrosa, halblanger Rettich zum Treiben und f\u00fcr die fr\u00fche Freilandaussaat. 20 cm lange Rettiche<\/p>\n<p>einj\u00e4hrig<\/p>\n<p><b>Aussaat:<\/b><br \/>Februar &#8211; Oktober<\/p>\n<p><b>Pflanzabstand:<\/b><br \/>15 x 30 cm<\/p>\n<p><b>Ernte:<\/b><br \/>Mai &#8211; Oktober<\/p>\n<p><b>Standort:<\/b><br \/>sonnig<\/p>\n<\/p>\n<p>OSTERGRUSS: Sehr fr\u00fcher, leuchtend dunkelrosa, halblanger Rettich zum Treiben und f\u00fcr die fr\u00fche Freilandaussaat. 20 cm lange Rettiche.<br \/>\nPREMIUM: Retich Samen ist Qualit\u00e4ts Rettich Saatgut ist Gem\u00fcse aus traditioneller Pflanzenz\u00fcchtung ohne Einsatz von Gentechnik<br \/>\nVIELSEITIG: Rettichsamen auch ein Spa\u00df f\u00fcr Kinder im Hochbeet, Balkonkasten, Gew\u00e4chshaus auf der Fensterbank und nat\u00fcrlich auch im Garten im normalen Gem\u00fcsebeet<br \/>\nANBAU TIPP: Um deinen Rettich vor hungrigen Sch\u00e4dlingen wie der Rettichfliege zu sch\u00fctzen, spannst du am besten ein Insektenschutznetz \u00fcber das Beet<br \/>\n<div class=\"main-cross-sell\" data-asin=\"B08R83PL8F\">\n\n\t<div class=\"WooZone-cross-sell-loader\">\n\t\t<div>\n\t\t\t<div id=\"floatingBarsG\">\n\t\t\t\t<div class=\"blockG\" id=\"rotateG_01\"><\/div>\n\t\t\t\t<div class=\"blockG\" id=\"rotateG_02\"><\/div>\n\t\t\t\t<div class=\"blockG\" id=\"rotateG_03\"><\/div>\n\t\t\t\t<div class=\"blockG\" id=\"rotateG_04\"><\/div>\n\t\t\t\t<div class=\"blockG\" id=\"rotateG_05\"><\/div>\n\t\t\t\t<div class=\"blockG\" id=\"rotateG_06\"><\/div>\n\t\t\t\t<div class=\"blockG\" id=\"rotateG_07\"><\/div>\n\t\t\t\t<div class=\"blockG\" id=\"rotateG_08\"><\/div>\n\t\t\t<\/div>\n\t\t\t<div class=\"WooZone-cross-sell-loader-text\"><\/div>\n\t\t<\/div>\n\t<\/div>\n\n\t\t\n<\/div>\n<div style=\"clear:both;\"><\/div>\n","protected":false},"excerpt":{"rendered":"<p>OSTERGRUSS: Sehr fr\u00fcher, leuchtend dunkelrosa, halblanger Rettich zum Treiben und f\u00fcr die fr\u00fche Freilandaussaat. 20 cm lange Rettiche.<br \/>\nPREMIUM: Retich Samen ist Qualit\u00e4ts Rettich Saatgut ist Gem\u00fcse aus traditioneller Pflanzenz\u00fcchtung ohne Einsatz von Gentechnik<br \/>\nVIELSEITIG: Rettichsamen auch ein Spa\u00df f\u00fcr Kinder im Hochbeet, Balkonkasten, Gew\u00e4chshaus auf der Fensterbank und nat\u00fcrlich auch im Garten im normalen Gem\u00fcsebeet<\/p>\n","protected":false},"featured_media":12504,"comment_status":"open","ping_status":"closed","template":"","meta":[],"product_brand":[],"product_cat":[76],"product_tag":[],"class_list":{"0":"post-12503","1":"product","2":"type-product","3":"status-publish","4":"has-post-thumbnail","6":"product_cat-sonstiges","7":"pa_amazon-bestseller-rang-nr-20220-in-garten-siehe-top-100-in-garten-nr-1-in-zweige-nr-129-in-gemuesesamen-pflanzen","8":"pa_brand-marke-sperli","9":"pa_durchschnittliche-kundenbewer-33-von-5-sternen-5-sternebewertungen-33-von-5-sternen","10":"pa_hersteller-sperli","11":"pa_im-angebot-von-amazon-de-seit-24-dezember-2020","12":"pa_verpackungsabmessungen-15-7-x-11-5-x-0-2-cm-10-gramm","15":"first","16":"instock","17":"shipping-taxable","18":"purchasable","19":"product-type-simple"},"_links":{"self":[{"href":"https:\/\/www.gartenvip.de\/index.php?rest_route=\/wp\/v2\/product\/12503","targetHints":{"allow":["GET"]}}],"collection":[{"href":"https:\/\/www.gartenvip.de\/index.php?rest_route=\/wp\/v2\/product"}],"about":[{"href":"https:\/\/www.gartenvip.de\/index.php?rest_route=\/wp\/v2\/types\/product"}],"replies":[{"embeddable":true,"href":"https:\/\/www.gartenvip.de\/index.php?rest_route=%2Fwp%2Fv2%2Fcomments&post=12503"}],"wp:featuredmedia":[{"embeddable":true,"href":"https:\/\/www.gartenvip.de\/index.php?rest_route=\/wp\/v2\/media\/12504"}],"wp:attachment":[{"href":"https:\/\/www.gartenvip.de\/index.php?rest_route=%2Fwp%2Fv2%2Fmedia&parent=12503"}],"wp:term":[{"taxonomy":"product_brand","embeddable":true,"href":"https:\/\/www.gartenvip.de\/index.php?rest_route=%2Fwp%2Fv2%2Fproduct_brand&post=12503"},{"taxonomy":"product_cat","embeddable":true,"href":"https:\/\/www.gartenvip.de\/index.php?rest_route=%2Fwp%2Fv2%2Fproduct_cat&post=12503"},{"taxonomy":"product_tag","embeddable":true,"href":"https:\/\/www.gartenvip.de\/index.php?rest_route=%2Fwp%2Fv2%2Fproduct_tag&post=12503"}],"curies":[{"name":"wp","href":"https:\/\/api.w.org\/{rel}","templated":true}]}}