{"id":12706,"date":"2021-06-21T12:11:44","date_gmt":"2021-06-21T12:11:44","guid":{"rendered":"https:\/\/www.gartenvip.de\/?product=bestway-family-pool-pool-rechteckig-fuer-kinder-leicht-aufbaubar-blau-262-x-175-x-51-cm"},"modified":"2024-01-03T17:34:33","modified_gmt":"2024-01-03T16:34:33","slug":"bestway-family-pool-pool-rechteckig-fuer-kinder-leicht-aufbaubar-blau-262-x-175-x-51-cm","status":"publish","type":"product","link":"https:\/\/www.gartenvip.de\/?product=bestway-family-pool-pool-rechteckig-fuer-kinder-leicht-aufbaubar-blau-262-x-175-x-51-cm","title":{"rendered":"Bestway Family Pool, aufblasbares Kinder-Planschbecken 262 x 175 x 51 cm"},"content":{"rendered":"\n\t\t<div id='gallery-1' class='gallery galleryid-12706 gallery-columns-3 gallery-size-full'><dl class='gallery-item'>\r\n<dt class='gallery-icon landscape'>\r\n<a rel='gallery-nr'><img loading=\"lazy\" decoding=\"async\" width=\"500\" height=\"500\" src=\"https:\/\/images-na.ssl-images-amazon.com\/images\/I\/31UMx5TxidL.jpg\" class=\"attachment-full size-full\" alt=\"\" srcset=\"https:\/\/images-na.ssl-images-amazon.com\/images\/I\/31UMx5TxidL.jpg 500w, https:\/\/images-na.ssl-images-amazon.com\/images\/I\/31UMx5TxidL._SS150_.jpg 150w, https:\/\/images-na.ssl-images-amazon.com\/images\/I\/31UMx5TxidL._SS300_.jpg 300w, https:\/\/images-na.ssl-images-amazon.com\/images\/I\/31UMx5TxidL._SS768_.jpg 768w, https:\/\/images-na.ssl-images-amazon.com\/images\/I\/31UMx5TxidL._SS1024_.jpg 1024w, https:\/\/images-na.ssl-images-amazon.com\/images\/I\/31UMx5TxidL._SS1536_.jpg 1536w, https:\/\/images-na.ssl-images-amazon.com\/images\/I\/31UMx5TxidL._SS2048_.jpg 2048w, https:\/\/images-na.ssl-images-amazon.com\/images\/I\/31UMx5TxidL._SS145_.jpg 145w, https:\/\/images-na.ssl-images-amazon.com\/images\/I\/31UMx5TxidL._SS1200_.jpg 1200w, https:\/\/images-na.ssl-images-amazon.com\/images\/I\/31UMx5TxidL._SS50_.jpg 50w, https:\/\/images-na.ssl-images-amazon.com\/images\/I\/31UMx5TxidL._SS604_.jpg 604w, https:\/\/images-na.ssl-images-amazon.com\/images\/I\/31UMx5TxidL._SS281_.jpg 281w, https:\/\/images-na.ssl-images-amazon.com\/images\/I\/31UMx5TxidL._SS799_.jpg 799w, https:\/\/images-na.ssl-images-amazon.com\/images\/I\/31UMx5TxidL._SS250_.jpg 250w, https:\/\/images-na.ssl-images-amazon.com\/images\/I\/31UMx5TxidL._SS450_.jpg 450w, https:\/\/images-na.ssl-images-amazon.com\/images\/I\/31UMx5TxidL._SS220_.jpg 220w\" sizes=\"auto, (max-width: 500px) 100vw, 500px\" \/><\/a>\r\n<\/dt>\r\n<dd class='wp-caption-text gallery-caption'>\r\n<div class='gallery-caption-inner'> <div class='wp-caption-text gallery-title'>\r\n\tBestway-Family-Pool-Pool-rechteckig-fuer-Kinder-leicht-aufbaubar-blau-262-x-175-x-51-cm\r\n\t<\/div><div class='wp-caption-text gallery-zoom no-text'>\r\n\t <a href=https:\/\/www.gartenvip.de\/?attachment_id=12707 title='Click to view Full Image' class='icon mustang-gallery'><i class='fa fa-plus'><\/i><\/a>\r\n\t<\/div><div class='wp-caption-text gallery-redirect'>\r\n\t <a href=https:\/\/www.gartenvip.de\/?attachment_id=12707 title='Click to view read more' class='icon readmore'><i class='fa fa-link'><\/i><\/a>\r\n\t<\/div><\/div><\/dd><\/dl><dl class='gallery-item'>\r\n<dt class='gallery-icon landscape'>\r\n<a rel='gallery-nr'><img loading=\"lazy\" decoding=\"async\" width=\"500\" height=\"500\" src=\"https:\/\/images-na.ssl-images-amazon.com\/images\/I\/31MyYTXnTNL.jpg\" class=\"attachment-full size-full\" alt=\"\" srcset=\"https:\/\/images-na.ssl-images-amazon.com\/images\/I\/31MyYTXnTNL.jpg 500w, https:\/\/images-na.ssl-images-amazon.com\/images\/I\/31MyYTXnTNL._SS150_.jpg 150w, https:\/\/images-na.ssl-images-amazon.com\/images\/I\/31MyYTXnTNL._SS300_.jpg 300w, https:\/\/images-na.ssl-images-amazon.com\/images\/I\/31MyYTXnTNL._SS768_.jpg 768w, https:\/\/images-na.ssl-images-amazon.com\/images\/I\/31MyYTXnTNL._SS1024_.jpg 1024w, https:\/\/images-na.ssl-images-amazon.com\/images\/I\/31MyYTXnTNL._SS1536_.jpg 1536w, https:\/\/images-na.ssl-images-amazon.com\/images\/I\/31MyYTXnTNL._SS2048_.jpg 2048w, https:\/\/images-na.ssl-images-amazon.com\/images\/I\/31MyYTXnTNL._SS145_.jpg 145w, https:\/\/images-na.ssl-images-amazon.com\/images\/I\/31MyYTXnTNL._SS1200_.jpg 1200w, https:\/\/images-na.ssl-images-amazon.com\/images\/I\/31MyYTXnTNL._SS50_.jpg 50w, https:\/\/images-na.ssl-images-amazon.com\/images\/I\/31MyYTXnTNL._SS604_.jpg 604w, https:\/\/images-na.ssl-images-amazon.com\/images\/I\/31MyYTXnTNL._SS281_.jpg 281w, https:\/\/images-na.ssl-images-amazon.com\/images\/I\/31MyYTXnTNL._SS799_.jpg 799w, https:\/\/images-na.ssl-images-amazon.com\/images\/I\/31MyYTXnTNL._SS250_.jpg 250w, https:\/\/images-na.ssl-images-amazon.com\/images\/I\/31MyYTXnTNL._SS450_.jpg 450w, https:\/\/images-na.ssl-images-amazon.com\/images\/I\/31MyYTXnTNL._SS220_.jpg 220w\" sizes=\"auto, (max-width: 500px) 100vw, 500px\" \/><\/a>\r\n<\/dt>\r\n<dd class='wp-caption-text gallery-caption'>\r\n<div class='gallery-caption-inner'> <div class='wp-caption-text gallery-title'>\r\n\tBestway-Family-Pool-Pool-rechteckig-fuer-Kinder-leicht-aufbaubar-blau-262-x-175-x-51-cm\r\n\t<\/div><div class='wp-caption-text gallery-zoom no-text'>\r\n\t <a href=https:\/\/www.gartenvip.de\/?attachment_id=12708 title='Click to view Full Image' class='icon mustang-gallery'><i class='fa fa-plus'><\/i><\/a>\r\n\t<\/div><div class='wp-caption-text gallery-redirect'>\r\n\t <a href=https:\/\/www.gartenvip.de\/?attachment_id=12708 title='Click to view read more' class='icon readmore'><i class='fa fa-link'><\/i><\/a>\r\n\t<\/div><\/div><\/dd><\/dl><dl class='gallery-item'>\r\n<dt class='gallery-icon landscape'>\r\n<a rel='gallery-nr'><img loading=\"lazy\" decoding=\"async\" width=\"500\" height=\"500\" src=\"https:\/\/images-na.ssl-images-amazon.com\/images\/I\/519pWsP3YvL.jpg\" class=\"attachment-full size-full\" alt=\"\" srcset=\"https:\/\/images-na.ssl-images-amazon.com\/images\/I\/519pWsP3YvL.jpg 500w, https:\/\/images-na.ssl-images-amazon.com\/images\/I\/519pWsP3YvL._SS150_.jpg 150w, https:\/\/images-na.ssl-images-amazon.com\/images\/I\/519pWsP3YvL._SS300_.jpg 300w, https:\/\/images-na.ssl-images-amazon.com\/images\/I\/519pWsP3YvL._SS768_.jpg 768w, https:\/\/images-na.ssl-images-amazon.com\/images\/I\/519pWsP3YvL._SS1024_.jpg 1024w, https:\/\/images-na.ssl-images-amazon.com\/images\/I\/519pWsP3YvL._SS1536_.jpg 1536w, https:\/\/images-na.ssl-images-amazon.com\/images\/I\/519pWsP3YvL._SS2048_.jpg 2048w, https:\/\/images-na.ssl-images-amazon.com\/images\/I\/519pWsP3YvL._SS145_.jpg 145w, https:\/\/images-na.ssl-images-amazon.com\/images\/I\/519pWsP3YvL._SS1200_.jpg 1200w, https:\/\/images-na.ssl-images-amazon.com\/images\/I\/519pWsP3YvL._SS50_.jpg 50w, https:\/\/images-na.ssl-images-amazon.com\/images\/I\/519pWsP3YvL._SS604_.jpg 604w, https:\/\/images-na.ssl-images-amazon.com\/images\/I\/519pWsP3YvL._SS281_.jpg 281w, https:\/\/images-na.ssl-images-amazon.com\/images\/I\/519pWsP3YvL._SS799_.jpg 799w, https:\/\/images-na.ssl-images-amazon.com\/images\/I\/519pWsP3YvL._SS250_.jpg 250w, https:\/\/images-na.ssl-images-amazon.com\/images\/I\/519pWsP3YvL._SS450_.jpg 450w, https:\/\/images-na.ssl-images-amazon.com\/images\/I\/519pWsP3YvL._SS220_.jpg 220w\" sizes=\"auto, (max-width: 500px) 100vw, 500px\" \/><\/a>\r\n<\/dt>\r\n<dd class='wp-caption-text gallery-caption'>\r\n<div class='gallery-caption-inner'> <div class='wp-caption-text gallery-title'>\r\n\tBestway-Family-Pool-Pool-rechteckig-fuer-Kinder-leicht-aufbaubar-blau-262-x-175-x-51-cm\r\n\t<\/div><div class='wp-caption-text gallery-zoom no-text'>\r\n\t <a href=https:\/\/www.gartenvip.de\/?attachment_id=12709 title='Click to view Full Image' class='icon mustang-gallery'><i class='fa fa-plus'><\/i><\/a>\r\n\t<\/div><div class='wp-caption-text gallery-redirect'>\r\n\t <a href=https:\/\/www.gartenvip.de\/?attachment_id=12709 title='Click to view read more' class='icon readmore'><i class='fa fa-link'><\/i><\/a>\r\n\t<\/div><\/div><\/dd><\/dl>\r\n<\/div>\n\n<div class=\"disclaim\"> Gr\u00f6\u00dfe:<strong>262 x 175 x 51 cm<\/strong> | Stil:<strong>Pool<\/strong> <\/div>\n<p> <!-- show up to 2 reviews by default --> <\/p>\n<h3>Produktbeschreibung<\/h3>\n<\/p>\n<p><strong>Unbeschwertes Badevergn\u00fcgen &#8211; mit dem aufblasbaren Gartenpool von Bestway<\/strong><\/p>\n<p>Mit dem Schwimmbecken von Bestway kann der Sommer kommen, denn der aufstellbare Pool verspricht erfrischenden und endlosen Badespa\u00df. Das Schwimmbecken besteht aus robustem, vorgetestetem Vinyl und verspricht so eine hohe Langlebigkeit. Die Konstruktion mit zwei gleich gro\u00dfen, aufblasbaren Ringen bietet eine hohe Stabilit\u00e4t, w\u00e4hrend die extra breiten Seitenw\u00e4nde f\u00fcr mehr Sicherheit sorgen.<\/p>\n<p>Das Planschbecken eignet sich f\u00fcr Kinder ab 6 Jahren, kann jedoch auch von Erwachsenen f\u00fcr eine spritzige Abk\u00fchlung im Sommer genutzt werden. Ist die Badesaison vorbei, kann das Wasser m\u00fchelos mit dem einfach zu handhabenden Ablassventil entleert und der Pool anschlie\u00dfend platzsparend bis zum n\u00e4chsten Einsatz verstaut werden. Im Lieferumfang befindet sich au\u00dferdem ein selbstklebender Unterwasser-Reparaturflicken. Bei 90 % F\u00fcllung hat das Kinder Planschbecken eine Wasserkapazit\u00e4t von 778 Litern.<\/p>\n<\/p>\n<p><strong>Die Produktvorteile im Detail: <\/strong><\/p>\n<ul>\n<li>Leicht aufzubauen <\/li>\n<li>Robustes Material<\/li>\n<li>Integriertes Ablassventil<\/li>\n<li>Inklusive selbstklebendem Unterwasser-Reparaturflicken<\/li>\n<li>Ma\u00dfe: 262x175x51 cm<\/li>\n<li>Material: Vinyl<\/li>\n<li>Farbe: blau<\/li>\n<\/ul>\n<h3>Warnhinweise<\/h3>\n<p>unbekannt <\/p>\n<div data-a-expander-name=\"toggle_description\" class=\"a-row a-expander-container a-expander-extend-container\">\n<div class=\"a-expander-content a-expander-extend-content\">\n<h3>Rechtliche Hinweise<\/h3>\n<p>Neu sofort ab Lager <\/p>\n<h3>Set enth\u00e4lt:<\/h3>\n<p>Bestway 54006 Family Pool Planschbecken Blue Rectangular 262x175x51 cm <\/p>\n<\/p><\/div>\n<p> <a href=\"void(0)\" data-action=\"a-expander-toggle\" class=\"a-expander-header a-declarative a-expander-extend-header\" data-a-expander-toggle=\"{\"><i class=\"a-icon a-icon-extender-expand\"><\/i><span class=\"a-expander-prompt\">Mehr<\/span><\/a> <\/div>\n<p>Einfacher Aufbau &#8211; Der Family Pool l\u00e4sst sich schnell aufpumpen und ist ganz leicht aufgebaut<br \/>\nRobustes Material &#8211; Bestehend aus robustem Vinyl, verspricht der Aufstellpool eine lange Haltbarkeit<br \/>\nAb 6 Jahren &#8211; Der Swimmingpool eignet sich f\u00fcr Kinder ab 6 Jahren und hat ein integriertes Ablassventil<br \/>\nPlatzsparend lagern &#8211; Am Ende der Saison kann der Gartenpool leicht abgebaut und platzsparend gelagert werden<br \/>\nLieferumfang &#8211; Bestway Family Pool Planschbecken, inklusive selbstklebendem Reparaturflicken, Ma\u00dfe: 262x175x51 cm cm, Material: Vinyl, Farbe: blau<br \/>\n<div class=\"main-cross-sell\" data-asin=\"B001O9C41O\">\n\n\t<div class=\"WooZone-cross-sell-loader\">\n\t\t<div>\n\t\t\t<div id=\"floatingBarsG\">\n\t\t\t\t<div class=\"blockG\" id=\"rotateG_01\"><\/div>\n\t\t\t\t<div class=\"blockG\" id=\"rotateG_02\"><\/div>\n\t\t\t\t<div class=\"blockG\" id=\"rotateG_03\"><\/div>\n\t\t\t\t<div class=\"blockG\" id=\"rotateG_04\"><\/div>\n\t\t\t\t<div class=\"blockG\" id=\"rotateG_05\"><\/div>\n\t\t\t\t<div class=\"blockG\" id=\"rotateG_06\"><\/div>\n\t\t\t\t<div class=\"blockG\" id=\"rotateG_07\"><\/div>\n\t\t\t\t<div class=\"blockG\" id=\"rotateG_08\"><\/div>\n\t\t\t<\/div>\n\t\t\t<div class=\"WooZone-cross-sell-loader-text\"><\/div>\n\t\t<\/div>\n\t<\/div>\n\n\t\t\n<\/div>\n<div style=\"clear:both;\"><\/div>\n","protected":false},"excerpt":{"rendered":"<p>Einfacher Aufbau &#8211; Der Family Pool l\u00e4sst sich schnell aufpumpen und ist ganz leicht aufgebaut<br \/>\nRobustes Material &#8211; Bestehend aus robustem Vinyl, verspricht der Aufstellpool eine lange Haltbarkeit<br \/>\nAb 6 Jahren &#8211; Der Swimmingpool eignet sich f\u00fcr Kinder ab 6 Jahren und hat ein integriertes Ablassventil<\/p>\n","protected":false},"featured_media":12707,"comment_status":"open","ping_status":"closed","template":"","meta":[],"product_brand":[],"product_cat":[45],"product_tag":[],"class_list":{"0":"post-12706","1":"product","2":"type-product","3":"status-publish","4":"has-post-thumbnail","6":"product_cat-pool","7":"pa_amazon-bestseller-rang-nr-24-in-spielzeug-siehe-top-100-in-spielzeug-nr-3-in-planschbecken","8":"pa_auslaufartikel-produktion-dur-nein","9":"pa_brand-besuchen-sie-den-bestway-store","10":"pa_durchschnittliche-kundenbewer-42-von-5-sternen-8-730-sternebewertungen-42-von-5-sternen","11":"pa_gewicht-0-3-kilogramm","12":"pa_hersteller-bestway","13":"pa_im-angebot-von-amazon-de-seit-1-januar-2007","14":"pa_kategorie-kinder","15":"pa_materialart-pvc","16":"pa_materialart-vinylkunststoff","17":"pa_pflanzzeit-summer","18":"pa_produktabmessungen-175-x-51-x-262-cm-2-13-kilogramm","19":"pa_stofftyp-nicht-zutreffend","20":"pa_teilenummer-5586","21":"pa_volumen-982-liter","24":"first","25":"instock","26":"shipping-taxable","27":"purchasable","28":"product-type-simple"},"_links":{"self":[{"href":"https:\/\/www.gartenvip.de\/index.php?rest_route=\/wp\/v2\/product\/12706","targetHints":{"allow":["GET"]}}],"collection":[{"href":"https:\/\/www.gartenvip.de\/index.php?rest_route=\/wp\/v2\/product"}],"about":[{"href":"https:\/\/www.gartenvip.de\/index.php?rest_route=\/wp\/v2\/types\/product"}],"replies":[{"embeddable":true,"href":"https:\/\/www.gartenvip.de\/index.php?rest_route=%2Fwp%2Fv2%2Fcomments&post=12706"}],"wp:featuredmedia":[{"embeddable":true,"href":"https:\/\/www.gartenvip.de\/index.php?rest_route=\/wp\/v2\/media\/12707"}],"wp:attachment":[{"href":"https:\/\/www.gartenvip.de\/index.php?rest_route=%2Fwp%2Fv2%2Fmedia&parent=12706"}],"wp:term":[{"taxonomy":"product_brand","embeddable":true,"href":"https:\/\/www.gartenvip.de\/index.php?rest_route=%2Fwp%2Fv2%2Fproduct_brand&post=12706"},{"taxonomy":"product_cat","embeddable":true,"href":"https:\/\/www.gartenvip.de\/index.php?rest_route=%2Fwp%2Fv2%2Fproduct_cat&post=12706"},{"taxonomy":"product_tag","embeddable":true,"href":"https:\/\/www.gartenvip.de\/index.php?rest_route=%2Fwp%2Fv2%2Fproduct_tag&post=12706"}],"curies":[{"name":"wp","href":"https:\/\/api.w.org\/{rel}","templated":true}]}}