{"id":12805,"date":"2021-06-21T12:25:27","date_gmt":"2021-06-21T12:25:27","guid":{"rendered":"https:\/\/www.gartenvip.de\/?product=intex-metal-frame-pool-aufstellpool-o-366-x-76-cm-mit-filteranlage"},"modified":"2024-01-03T17:34:35","modified_gmt":"2024-01-03T16:34:35","slug":"intex-metal-frame-pool-aufstellpool-o-366-x-76-cm-mit-filteranlage","status":"publish","type":"product","link":"https:\/\/www.gartenvip.de\/?product=intex-metal-frame-pool-aufstellpool-o-366-x-76-cm-mit-filteranlage","title":{"rendered":"Intex Metal Frame Pool &#8211; Aufstellpool &#8211; \u00d8 366 x 76 cm &#8211; Mit Filteranlage"},"content":{"rendered":"\n\t\t<div id='gallery-1' class='gallery galleryid-12805 gallery-columns-3 gallery-size-full'><dl class='gallery-item'>\r\n<dt class='gallery-icon landscape'>\r\n<a rel='gallery-nr'><img loading=\"lazy\" decoding=\"async\" width=\"500\" height=\"500\" src=\"https:\/\/images-na.ssl-images-amazon.com\/images\/I\/41mr9nCykSL.jpg\" class=\"attachment-full size-full\" alt=\"\" srcset=\"https:\/\/images-na.ssl-images-amazon.com\/images\/I\/41mr9nCykSL.jpg 500w, https:\/\/images-na.ssl-images-amazon.com\/images\/I\/41mr9nCykSL._SS150_.jpg 150w, https:\/\/images-na.ssl-images-amazon.com\/images\/I\/41mr9nCykSL._SS300_.jpg 300w, https:\/\/images-na.ssl-images-amazon.com\/images\/I\/41mr9nCykSL._SS768_.jpg 768w, https:\/\/images-na.ssl-images-amazon.com\/images\/I\/41mr9nCykSL._SS1024_.jpg 1024w, https:\/\/images-na.ssl-images-amazon.com\/images\/I\/41mr9nCykSL._SS1536_.jpg 1536w, https:\/\/images-na.ssl-images-amazon.com\/images\/I\/41mr9nCykSL._SS2048_.jpg 2048w, https:\/\/images-na.ssl-images-amazon.com\/images\/I\/41mr9nCykSL._SS145_.jpg 145w, https:\/\/images-na.ssl-images-amazon.com\/images\/I\/41mr9nCykSL._SS1200_.jpg 1200w, https:\/\/images-na.ssl-images-amazon.com\/images\/I\/41mr9nCykSL._SS50_.jpg 50w, https:\/\/images-na.ssl-images-amazon.com\/images\/I\/41mr9nCykSL._SS604_.jpg 604w, https:\/\/images-na.ssl-images-amazon.com\/images\/I\/41mr9nCykSL._SS281_.jpg 281w, https:\/\/images-na.ssl-images-amazon.com\/images\/I\/41mr9nCykSL._SS799_.jpg 799w, https:\/\/images-na.ssl-images-amazon.com\/images\/I\/41mr9nCykSL._SS250_.jpg 250w, https:\/\/images-na.ssl-images-amazon.com\/images\/I\/41mr9nCykSL._SS450_.jpg 450w, https:\/\/images-na.ssl-images-amazon.com\/images\/I\/41mr9nCykSL._SS220_.jpg 220w\" sizes=\"auto, (max-width: 500px) 100vw, 500px\" \/><\/a>\r\n<\/dt>\r\n<dd class='wp-caption-text gallery-caption'>\r\n<div class='gallery-caption-inner'> <div class='wp-caption-text gallery-title'>\r\n\tIntex-Metal-Frame-Pool-Aufstellpool-O-366-x-76-cm-Mit-Filteranlage\r\n\t<\/div><div class='wp-caption-text gallery-zoom no-text'>\r\n\t <a href=https:\/\/www.gartenvip.de\/?attachment_id=12806 title='Click to view Full Image' class='icon mustang-gallery'><i class='fa fa-plus'><\/i><\/a>\r\n\t<\/div><div class='wp-caption-text gallery-redirect'>\r\n\t <a href=https:\/\/www.gartenvip.de\/?attachment_id=12806 title='Click to view read more' class='icon readmore'><i class='fa fa-link'><\/i><\/a>\r\n\t<\/div><\/div><\/dd><\/dl><dl class='gallery-item'>\r\n<dt class='gallery-icon landscape'>\r\n<a rel='gallery-nr'><img loading=\"lazy\" decoding=\"async\" width=\"500\" height=\"500\" src=\"https:\/\/images-na.ssl-images-amazon.com\/images\/I\/512iD-s4wnL.jpg\" class=\"attachment-full size-full\" alt=\"\" srcset=\"https:\/\/images-na.ssl-images-amazon.com\/images\/I\/512iD-s4wnL.jpg 500w, https:\/\/images-na.ssl-images-amazon.com\/images\/I\/512iD-s4wnL._SS150_.jpg 150w, https:\/\/images-na.ssl-images-amazon.com\/images\/I\/512iD-s4wnL._SS300_.jpg 300w, https:\/\/images-na.ssl-images-amazon.com\/images\/I\/512iD-s4wnL._SS768_.jpg 768w, https:\/\/images-na.ssl-images-amazon.com\/images\/I\/512iD-s4wnL._SS1024_.jpg 1024w, https:\/\/images-na.ssl-images-amazon.com\/images\/I\/512iD-s4wnL._SS1536_.jpg 1536w, https:\/\/images-na.ssl-images-amazon.com\/images\/I\/512iD-s4wnL._SS2048_.jpg 2048w, https:\/\/images-na.ssl-images-amazon.com\/images\/I\/512iD-s4wnL._SS145_.jpg 145w, https:\/\/images-na.ssl-images-amazon.com\/images\/I\/512iD-s4wnL._SS1200_.jpg 1200w, https:\/\/images-na.ssl-images-amazon.com\/images\/I\/512iD-s4wnL._SS50_.jpg 50w, https:\/\/images-na.ssl-images-amazon.com\/images\/I\/512iD-s4wnL._SS604_.jpg 604w, https:\/\/images-na.ssl-images-amazon.com\/images\/I\/512iD-s4wnL._SS281_.jpg 281w, https:\/\/images-na.ssl-images-amazon.com\/images\/I\/512iD-s4wnL._SS799_.jpg 799w, https:\/\/images-na.ssl-images-amazon.com\/images\/I\/512iD-s4wnL._SS250_.jpg 250w, https:\/\/images-na.ssl-images-amazon.com\/images\/I\/512iD-s4wnL._SS450_.jpg 450w, https:\/\/images-na.ssl-images-amazon.com\/images\/I\/512iD-s4wnL._SS220_.jpg 220w\" sizes=\"auto, (max-width: 500px) 100vw, 500px\" \/><\/a>\r\n<\/dt>\r\n<dd class='wp-caption-text gallery-caption'>\r\n<div class='gallery-caption-inner'> <div class='wp-caption-text gallery-title'>\r\n\tIntex-Metal-Frame-Pool-Aufstellpool-O-366-x-76-cm-Mit-Filteranlage\r\n\t<\/div><div class='wp-caption-text gallery-zoom no-text'>\r\n\t <a href=https:\/\/www.gartenvip.de\/?attachment_id=12807 title='Click to view Full Image' class='icon mustang-gallery'><i class='fa fa-plus'><\/i><\/a>\r\n\t<\/div><div class='wp-caption-text gallery-redirect'>\r\n\t <a href=https:\/\/www.gartenvip.de\/?attachment_id=12807 title='Click to view read more' class='icon readmore'><i class='fa fa-link'><\/i><\/a>\r\n\t<\/div><\/div><\/dd><\/dl><dl class='gallery-item'>\r\n<dt class='gallery-icon landscape'>\r\n<a rel='gallery-nr'><img loading=\"lazy\" decoding=\"async\" width=\"500\" height=\"500\" src=\"https:\/\/images-na.ssl-images-amazon.com\/images\/I\/51mzdE6dClL.jpg\" class=\"attachment-full size-full\" alt=\"\" srcset=\"https:\/\/images-na.ssl-images-amazon.com\/images\/I\/51mzdE6dClL.jpg 500w, https:\/\/images-na.ssl-images-amazon.com\/images\/I\/51mzdE6dClL._SS150_.jpg 150w, https:\/\/images-na.ssl-images-amazon.com\/images\/I\/51mzdE6dClL._SS300_.jpg 300w, https:\/\/images-na.ssl-images-amazon.com\/images\/I\/51mzdE6dClL._SS768_.jpg 768w, https:\/\/images-na.ssl-images-amazon.com\/images\/I\/51mzdE6dClL._SS1024_.jpg 1024w, https:\/\/images-na.ssl-images-amazon.com\/images\/I\/51mzdE6dClL._SS1536_.jpg 1536w, https:\/\/images-na.ssl-images-amazon.com\/images\/I\/51mzdE6dClL._SS2048_.jpg 2048w, https:\/\/images-na.ssl-images-amazon.com\/images\/I\/51mzdE6dClL._SS145_.jpg 145w, https:\/\/images-na.ssl-images-amazon.com\/images\/I\/51mzdE6dClL._SS1200_.jpg 1200w, https:\/\/images-na.ssl-images-amazon.com\/images\/I\/51mzdE6dClL._SS50_.jpg 50w, https:\/\/images-na.ssl-images-amazon.com\/images\/I\/51mzdE6dClL._SS604_.jpg 604w, https:\/\/images-na.ssl-images-amazon.com\/images\/I\/51mzdE6dClL._SS281_.jpg 281w, https:\/\/images-na.ssl-images-amazon.com\/images\/I\/51mzdE6dClL._SS799_.jpg 799w, https:\/\/images-na.ssl-images-amazon.com\/images\/I\/51mzdE6dClL._SS250_.jpg 250w, https:\/\/images-na.ssl-images-amazon.com\/images\/I\/51mzdE6dClL._SS450_.jpg 450w, https:\/\/images-na.ssl-images-amazon.com\/images\/I\/51mzdE6dClL._SS220_.jpg 220w\" sizes=\"auto, (max-width: 500px) 100vw, 500px\" \/><\/a>\r\n<\/dt>\r\n<dd class='wp-caption-text gallery-caption'>\r\n<div class='gallery-caption-inner'> <div class='wp-caption-text gallery-title'>\r\n\tIntex-Metal-Frame-Pool-Aufstellpool-O-366-x-76-cm-Mit-Filteranlage\r\n\t<\/div><div class='wp-caption-text gallery-zoom no-text'>\r\n\t <a href=https:\/\/www.gartenvip.de\/?attachment_id=12808 title='Click to view Full Image' class='icon mustang-gallery'><i class='fa fa-plus'><\/i><\/a>\r\n\t<\/div><div class='wp-caption-text gallery-redirect'>\r\n\t <a href=https:\/\/www.gartenvip.de\/?attachment_id=12808 title='Click to view read more' class='icon readmore'><i class='fa fa-link'><\/i><\/a>\r\n\t<\/div><\/div><\/dd><\/dl>\r\n<\/div>\n\n<div class=\"disclaim\"> Stil:<strong>Single<\/strong> <\/div>\n<p> <!-- show up to 2 reviews by default --> <\/p>\n<p>Frame Pool Set Rondo II 366 x 76 cm Kartuschenfilter 2.006 l\/h. Die Alternative zum Stahlwandbecken. INTEX Metallrahmenbecken sind einfach und in k\u00fcrzester Zeit aufzubauen und ebenso einfach wieder abzubauen. Hochwertigste Materialien und ein unschlagbar g\u00fcnstiger Preis sind Garant f\u00fcr die gro\u00dfe Beliebtheit dieser Pools. <\/p>\n<p>preiswerte Alternative zum Stahlwandbecken<br \/>\neinfach und in k\u00fcrzester Zeit aufzubauen und wieder abzubauen<br \/>\nbew\u00e4hrte INTEX Qualit\u00e4t und unschlagbar g\u00fcnstiger Preis<br \/>\ninkl. Kartuschenfilteranlage<br \/>\n<div class=\"main-cross-sell\" data-asin=\"B00FCT5P9K\">\n\n\t<div class=\"WooZone-cross-sell-loader\">\n\t\t<div>\n\t\t\t<div id=\"floatingBarsG\">\n\t\t\t\t<div class=\"blockG\" id=\"rotateG_01\"><\/div>\n\t\t\t\t<div class=\"blockG\" id=\"rotateG_02\"><\/div>\n\t\t\t\t<div class=\"blockG\" id=\"rotateG_03\"><\/div>\n\t\t\t\t<div class=\"blockG\" id=\"rotateG_04\"><\/div>\n\t\t\t\t<div class=\"blockG\" id=\"rotateG_05\"><\/div>\n\t\t\t\t<div class=\"blockG\" id=\"rotateG_06\"><\/div>\n\t\t\t\t<div class=\"blockG\" id=\"rotateG_07\"><\/div>\n\t\t\t\t<div class=\"blockG\" id=\"rotateG_08\"><\/div>\n\t\t\t<\/div>\n\t\t\t<div class=\"WooZone-cross-sell-loader-text\"><\/div>\n\t\t<\/div>\n\t<\/div>\n\n\t\t\n<\/div>\n<div style=\"clear:both;\"><\/div>\n","protected":false},"excerpt":{"rendered":"<p>preiswerte Alternative zum Stahlwandbecken<br \/>\neinfach und in k\u00fcrzester Zeit aufzubauen und wieder abzubauen<br \/>\nbew\u00e4hrte INTEX Qualit\u00e4t und unschlagbar g\u00fcnstiger Preis<\/p>\n","protected":false},"featured_media":12806,"comment_status":"open","ping_status":"closed","template":"","meta":[],"product_brand":[],"product_cat":[45],"product_tag":[],"class_list":{"0":"post-12805","1":"product","2":"type-product","3":"status-publish","4":"has-post-thumbnail","6":"product_cat-pool","7":"pa_amazon-bestseller-rang-nr-11359-in-garten-siehe-top-100-in-garten-nr-65-in-stahlrahmenbecken","8":"pa_auslaufartikel-produktion-dur-nein","9":"pa_brand-besuchen-sie-den-intex-store","10":"pa_durchschnittliche-kundenbewer-45-von-5-sternen-1-042-sternebewertungen-45-von-5-sternen","11":"pa_fuellmenge-6500-liter","12":"pa_im-angebot-von-amazon-de-seit-8-april-2011","13":"pa_marke-intex","14":"pa_materialart-stahl","15":"pa_modellnummer-5710","16":"pa_produktabmessungen-366-x-366-x-76-cm-25-kilogramm","17":"pa_teilenummer-28212uk","18":"pa_volumen-6503-liter","21":"first","22":"instock","23":"shipping-taxable","24":"purchasable","25":"product-type-simple"},"_links":{"self":[{"href":"https:\/\/www.gartenvip.de\/index.php?rest_route=\/wp\/v2\/product\/12805","targetHints":{"allow":["GET"]}}],"collection":[{"href":"https:\/\/www.gartenvip.de\/index.php?rest_route=\/wp\/v2\/product"}],"about":[{"href":"https:\/\/www.gartenvip.de\/index.php?rest_route=\/wp\/v2\/types\/product"}],"replies":[{"embeddable":true,"href":"https:\/\/www.gartenvip.de\/index.php?rest_route=%2Fwp%2Fv2%2Fcomments&post=12805"}],"wp:featuredmedia":[{"embeddable":true,"href":"https:\/\/www.gartenvip.de\/index.php?rest_route=\/wp\/v2\/media\/12806"}],"wp:attachment":[{"href":"https:\/\/www.gartenvip.de\/index.php?rest_route=%2Fwp%2Fv2%2Fmedia&parent=12805"}],"wp:term":[{"taxonomy":"product_brand","embeddable":true,"href":"https:\/\/www.gartenvip.de\/index.php?rest_route=%2Fwp%2Fv2%2Fproduct_brand&post=12805"},{"taxonomy":"product_cat","embeddable":true,"href":"https:\/\/www.gartenvip.de\/index.php?rest_route=%2Fwp%2Fv2%2Fproduct_cat&post=12805"},{"taxonomy":"product_tag","embeddable":true,"href":"https:\/\/www.gartenvip.de\/index.php?rest_route=%2Fwp%2Fv2%2Fproduct_tag&post=12805"}],"curies":[{"name":"wp","href":"https:\/\/api.w.org\/{rel}","templated":true}]}}