{"id":13050,"date":"2021-06-21T12:33:00","date_gmt":"2021-06-21T12:33:00","guid":{"rendered":"https:\/\/www.gartenvip.de\/?product=romberg-style-boqube-gewaechshaus-pflanzkasten-system-41x17x23cm-anthrazit-gruen"},"modified":"2024-01-03T17:40:26","modified_gmt":"2024-01-03T16:40:26","slug":"romberg-style-boqube-gewaechshaus-pflanzkasten-system-41x17x23cm-anthrazit-gruen","status":"publish","type":"product","link":"https:\/\/www.gartenvip.de\/?product=romberg-style-boqube-gewaechshaus-pflanzkasten-system-41x17x23cm-anthrazit-gruen","title":{"rendered":"Romberg BoQube Zimmergew\u00e4chshaus &amp; Pflanzkasten System (1x Haube, 1x Schale, 1x Einsatz, 1x Keramikr\u00f6hrchen) 16294198"},"content":{"rendered":"\n\t\t<div id='gallery-1' class='gallery galleryid-13050 gallery-columns-3 gallery-size-full'><dl class='gallery-item'>\r\n<dt class='gallery-icon landscape'>\r\n<a rel='gallery-nr'><img loading=\"lazy\" decoding=\"async\" width=\"500\" height=\"500\" src=\"https:\/\/images-na.ssl-images-amazon.com\/images\/I\/31DjXfKhxJL.jpg\" class=\"attachment-full size-full\" alt=\"\" srcset=\"https:\/\/images-na.ssl-images-amazon.com\/images\/I\/31DjXfKhxJL.jpg 500w, https:\/\/images-na.ssl-images-amazon.com\/images\/I\/31DjXfKhxJL._SS150_.jpg 150w, https:\/\/images-na.ssl-images-amazon.com\/images\/I\/31DjXfKhxJL._SS300_.jpg 300w, https:\/\/images-na.ssl-images-amazon.com\/images\/I\/31DjXfKhxJL._SS768_.jpg 768w, https:\/\/images-na.ssl-images-amazon.com\/images\/I\/31DjXfKhxJL._SS1024_.jpg 1024w, https:\/\/images-na.ssl-images-amazon.com\/images\/I\/31DjXfKhxJL._SS1536_.jpg 1536w, https:\/\/images-na.ssl-images-amazon.com\/images\/I\/31DjXfKhxJL._SS2048_.jpg 2048w, https:\/\/images-na.ssl-images-amazon.com\/images\/I\/31DjXfKhxJL._SS145_.jpg 145w, https:\/\/images-na.ssl-images-amazon.com\/images\/I\/31DjXfKhxJL._SS1200_.jpg 1200w, https:\/\/images-na.ssl-images-amazon.com\/images\/I\/31DjXfKhxJL._SS50_.jpg 50w, https:\/\/images-na.ssl-images-amazon.com\/images\/I\/31DjXfKhxJL._SS604_.jpg 604w, https:\/\/images-na.ssl-images-amazon.com\/images\/I\/31DjXfKhxJL._SS281_.jpg 281w, https:\/\/images-na.ssl-images-amazon.com\/images\/I\/31DjXfKhxJL._SS799_.jpg 799w, https:\/\/images-na.ssl-images-amazon.com\/images\/I\/31DjXfKhxJL._SS250_.jpg 250w, https:\/\/images-na.ssl-images-amazon.com\/images\/I\/31DjXfKhxJL._SS450_.jpg 450w, https:\/\/images-na.ssl-images-amazon.com\/images\/I\/31DjXfKhxJL._SS220_.jpg 220w\" sizes=\"auto, (max-width: 500px) 100vw, 500px\" \/><\/a>\r\n<\/dt>\r\n<dd class='wp-caption-text gallery-caption'>\r\n<div class='gallery-caption-inner'> <div class='wp-caption-text gallery-title'>\r\n\tRomberg-Style-BoQube-Gewaechshaus-Pflanzkasten-System-41x17x23cm-anthrazitgruen\r\n\t<\/div><div class='wp-caption-text gallery-zoom no-text'>\r\n\t <a href=https:\/\/www.gartenvip.de\/?attachment_id=13051 title='Click to view Full Image' class='icon mustang-gallery'><i class='fa fa-plus'><\/i><\/a>\r\n\t<\/div><div class='wp-caption-text gallery-redirect'>\r\n\t <a href=https:\/\/www.gartenvip.de\/?attachment_id=13051 title='Click to view read more' class='icon readmore'><i class='fa fa-link'><\/i><\/a>\r\n\t<\/div><\/div><\/dd><\/dl><dl class='gallery-item'>\r\n<dt class='gallery-icon landscape'>\r\n<a rel='gallery-nr'><img loading=\"lazy\" decoding=\"async\" width=\"500\" height=\"500\" src=\"https:\/\/images-na.ssl-images-amazon.com\/images\/I\/31lgbYGgT6L.jpg\" class=\"attachment-full size-full\" alt=\"\" srcset=\"https:\/\/images-na.ssl-images-amazon.com\/images\/I\/31lgbYGgT6L.jpg 500w, https:\/\/images-na.ssl-images-amazon.com\/images\/I\/31lgbYGgT6L._SS150_.jpg 150w, https:\/\/images-na.ssl-images-amazon.com\/images\/I\/31lgbYGgT6L._SS300_.jpg 300w, https:\/\/images-na.ssl-images-amazon.com\/images\/I\/31lgbYGgT6L._SS768_.jpg 768w, https:\/\/images-na.ssl-images-amazon.com\/images\/I\/31lgbYGgT6L._SS1024_.jpg 1024w, https:\/\/images-na.ssl-images-amazon.com\/images\/I\/31lgbYGgT6L._SS1536_.jpg 1536w, https:\/\/images-na.ssl-images-amazon.com\/images\/I\/31lgbYGgT6L._SS2048_.jpg 2048w, https:\/\/images-na.ssl-images-amazon.com\/images\/I\/31lgbYGgT6L._SS145_.jpg 145w, https:\/\/images-na.ssl-images-amazon.com\/images\/I\/31lgbYGgT6L._SS1200_.jpg 1200w, https:\/\/images-na.ssl-images-amazon.com\/images\/I\/31lgbYGgT6L._SS50_.jpg 50w, https:\/\/images-na.ssl-images-amazon.com\/images\/I\/31lgbYGgT6L._SS604_.jpg 604w, https:\/\/images-na.ssl-images-amazon.com\/images\/I\/31lgbYGgT6L._SS281_.jpg 281w, https:\/\/images-na.ssl-images-amazon.com\/images\/I\/31lgbYGgT6L._SS799_.jpg 799w, https:\/\/images-na.ssl-images-amazon.com\/images\/I\/31lgbYGgT6L._SS250_.jpg 250w, https:\/\/images-na.ssl-images-amazon.com\/images\/I\/31lgbYGgT6L._SS450_.jpg 450w, https:\/\/images-na.ssl-images-amazon.com\/images\/I\/31lgbYGgT6L._SS220_.jpg 220w\" sizes=\"auto, (max-width: 500px) 100vw, 500px\" \/><\/a>\r\n<\/dt>\r\n<dd class='wp-caption-text gallery-caption'>\r\n<div class='gallery-caption-inner'> <div class='wp-caption-text gallery-title'>\r\n\tRomberg-Style-BoQube-Gewaechshaus-Pflanzkasten-System-41x17x23cm-anthrazitgruen\r\n\t<\/div><div class='wp-caption-text gallery-zoom no-text'>\r\n\t <a href=https:\/\/www.gartenvip.de\/?attachment_id=13052 title='Click to view Full Image' class='icon mustang-gallery'><i class='fa fa-plus'><\/i><\/a>\r\n\t<\/div><div class='wp-caption-text gallery-redirect'>\r\n\t <a href=https:\/\/www.gartenvip.de\/?attachment_id=13052 title='Click to view read more' class='icon readmore'><i class='fa fa-link'><\/i><\/a>\r\n\t<\/div><\/div><\/dd><\/dl><dl class='gallery-item'>\r\n<dt class='gallery-icon landscape'>\r\n<a rel='gallery-nr'><img loading=\"lazy\" decoding=\"async\" width=\"500\" height=\"500\" src=\"https:\/\/images-na.ssl-images-amazon.com\/images\/I\/21g30-ylrVL.jpg\" class=\"attachment-full size-full\" alt=\"\" srcset=\"https:\/\/images-na.ssl-images-amazon.com\/images\/I\/21g30-ylrVL.jpg 500w, https:\/\/images-na.ssl-images-amazon.com\/images\/I\/21g30-ylrVL._SS150_.jpg 150w, https:\/\/images-na.ssl-images-amazon.com\/images\/I\/21g30-ylrVL._SS300_.jpg 300w, https:\/\/images-na.ssl-images-amazon.com\/images\/I\/21g30-ylrVL._SS768_.jpg 768w, https:\/\/images-na.ssl-images-amazon.com\/images\/I\/21g30-ylrVL._SS1024_.jpg 1024w, https:\/\/images-na.ssl-images-amazon.com\/images\/I\/21g30-ylrVL._SS1536_.jpg 1536w, https:\/\/images-na.ssl-images-amazon.com\/images\/I\/21g30-ylrVL._SS2048_.jpg 2048w, https:\/\/images-na.ssl-images-amazon.com\/images\/I\/21g30-ylrVL._SS145_.jpg 145w, https:\/\/images-na.ssl-images-amazon.com\/images\/I\/21g30-ylrVL._SS1200_.jpg 1200w, https:\/\/images-na.ssl-images-amazon.com\/images\/I\/21g30-ylrVL._SS50_.jpg 50w, https:\/\/images-na.ssl-images-amazon.com\/images\/I\/21g30-ylrVL._SS604_.jpg 604w, https:\/\/images-na.ssl-images-amazon.com\/images\/I\/21g30-ylrVL._SS281_.jpg 281w, https:\/\/images-na.ssl-images-amazon.com\/images\/I\/21g30-ylrVL._SS799_.jpg 799w, https:\/\/images-na.ssl-images-amazon.com\/images\/I\/21g30-ylrVL._SS250_.jpg 250w, https:\/\/images-na.ssl-images-amazon.com\/images\/I\/21g30-ylrVL._SS450_.jpg 450w, https:\/\/images-na.ssl-images-amazon.com\/images\/I\/21g30-ylrVL._SS220_.jpg 220w\" sizes=\"auto, (max-width: 500px) 100vw, 500px\" \/><\/a>\r\n<\/dt>\r\n<dd class='wp-caption-text gallery-caption'>\r\n<div class='gallery-caption-inner'> <div class='wp-caption-text gallery-title'>\r\n\tRomberg-Style-BoQube-Gewaechshaus-Pflanzkasten-System-41x17x23cm-anthrazitgruen\r\n\t<\/div><div class='wp-caption-text gallery-zoom no-text'>\r\n\t <a href=https:\/\/www.gartenvip.de\/?attachment_id=13053 title='Click to view Full Image' class='icon mustang-gallery'><i class='fa fa-plus'><\/i><\/a>\r\n\t<\/div><div class='wp-caption-text gallery-redirect'>\r\n\t <a href=https:\/\/www.gartenvip.de\/?attachment_id=13053 title='Click to view read more' class='icon readmore'><i class='fa fa-link'><\/i><\/a>\r\n\t<\/div><\/div><\/dd><\/dl>\r\n<\/div>\n\n<div class=\"disclaim\"> Gr\u00f6\u00dfe:<strong>BoQube<\/strong> | Farbe:<strong>Anthrazit \/Gr\u00fcn<\/strong> <\/div>\n<p> <!-- show up to 2 reviews by default --> <\/p>\n<p><strong>WOHNTREND: GREEN FEELING<\/strong><\/p>\n<p> Blumen, Gem\u00fcse und Kr\u00e4uter selbst anziehen? Unbedingt! Wer die Sehnsucht nach behaglich gr\u00fcner Atmosph\u00e4re mit seiner Passion f\u00fcr cleveres Produkt-Design verbinden m\u00f6chte, findet in dem BoQube Gew\u00e4chshaus die perfekte Kombination. Das kompakte Gew\u00e4chshaus bietet Platz f\u00fcr zehn Quelltabletten und erm\u00f6glicht Kreativit\u00e4t mit Pflanzen in den eigenen vier W\u00e4nden. Organisch geschwungene Formen und eine aufregende Bi-Color-Optik vermitteln entspannte L\u00e4ssigkeit und \u00c4sthetik. Mit stilvoll arrangierten (Jung-)Pflanzen ein echtes Deko-Accessoire, das jedem Raum eine edle Atmosph\u00e4re verleiht!<\/p>\n<p><strong>LIFESTYLE MIT PFLANZEN<\/strong><\/p>\n<p>Gew\u00e4chshaus oder Pflanzkasten? Der besondere Clou: Beides!<\/p>\n<p><strong>1. Gew\u00e4chshaus:<\/strong> Romberg Quelltabletten in die Vertiefungen legen und Wasser hinzugeben. Durch das innovative Abfluss-System sammelt sich \u00fcbersch\u00fcssiges Wasser in der Schale und kann einfach ausgegossen werden.<\/p>\n<p><strong>2. Saatgut und Standort:<\/strong> Haben die Quelltabletten genug Wasser aufgenommen, wird das gew\u00fcnschte Saatgut ausgebracht. Mit der Romberg Pikette lassen sich unterschiedliche Saaten markieren. Haube auflegen und einen Stellplatz mit guten Lichtverh\u00e4ltnissen ausw\u00e4hlen \u2013 fertig!<\/p>\n<p><strong>3. Umzug:<\/strong> Sind die Jungpflanzen kr\u00e4ftig genug, werden sie aus den Vertiefungen im Einlegeboden genommen und in die mit Anzuchterde gef\u00fcllte Schale umgesetzt. Einlegeboden und Schale sind durch ein praktisches Aufsatz-Prinzip verbunden und lassen sich leicht voneinander trennen. Die Schale bietet ausreichend Platz f\u00fcr max. 4 Jungpflanzen. Die Haube sorgt weiterhin f\u00fcr ein optimales Wachstumsklima.<\/p>\n<p><strong>4. Pflanzkasten:<\/strong> Raus an die frische Luft \u2013 ganz bequem und ohne erneutes Umtopfen! BoQube ist nicht nur Gew\u00e4chshaus, sondern auch stylischer Pflanzkasten. Als attraktiver Eyecatcher im In- und Outdoor-Bereich zeigt er sich \u00e4u\u00dferst variabel.<\/p>\n<\/p>\n<p>TWO-IN-ONE: Der innovative BoQube ist zugleich Gew\u00e4chshaus und Pflanzkasten. Der Einlegeboden bietet Platz f\u00fcr 10 Quelltabletten mit idealem Abstand f\u00fcr Keimlinge. Wenn die Jungpflanzen kr\u00e4ftig genug sind, werden sie einfach in die mit Anzuchterde gef\u00fcllte Schale umgesetzt. Der Einlegeboden kann durch ein praktisches Aufsatz-Prinzip leicht entnommen werden. Die Schale bietet gen\u00fcgend Platz f\u00fcr 4 Jungpflanzen.<br \/>\nANZUCHT MIT STIL: Wer die Sehnsucht nach gr\u00fcner Atmosph\u00e4re mit seiner Passion f\u00fcr cleveres Produkt-Design verbinden m\u00f6chte, findet im BoQube die perfekte Kombination. Top-moderne Materialien, organisch geschwungene Formen und aufregende Bi-Color-Optik mit matten und hochgl\u00e4nzenden Elementen vermitteln entspannte L\u00e4ssigkeit und \u00c4sthetik.<br \/>\nCLEVERE BEW\u00c4SSERUNG: Entlang des Wasserkanals sind fiederf\u00f6rmige Vertiefungen f\u00fcr Quelltabletten angelegt. Dank ihrer ovalen, ergonomischen Form lassen sich Quelltabletten besonders leicht einsetzen und entnehmen. Durch die Gie\u00df\u00f6ffnung in der Haube wird Wasser bequem in die Rinne gegeben und verteilt sich von dort aus gleichm\u00e4\u00dfig. Ein effektiver Staun\u00e4sse-Schutz verhindert \u00dcbergie\u00dfen!<br \/>\nSTARK UND STABIL: Der glasklare Deckel hochwertigem Kunststoff ist bruchsicher und seitliche \u00d6ffnungen sowie eine Drehl\u00fcftung im Deckel sorgen f\u00fcr optimale Bel\u00fcftung innerhalb des Gew\u00e4chshauses.<br \/>\nAbmessungen (LxBxH): 41 x 17 x 23 cm | Farbe: anthrazit\/gr\u00fcn | Lieferumfang: 1x Romberg STYLE BoQube, Art.Nr.: 16294198<br \/>\n<div class=\"main-cross-sell\" data-asin=\"B07LG43CVQ\">\n\n\t<div class=\"WooZone-cross-sell-loader\">\n\t\t<div>\n\t\t\t<div id=\"floatingBarsG\">\n\t\t\t\t<div class=\"blockG\" id=\"rotateG_01\"><\/div>\n\t\t\t\t<div class=\"blockG\" id=\"rotateG_02\"><\/div>\n\t\t\t\t<div class=\"blockG\" id=\"rotateG_03\"><\/div>\n\t\t\t\t<div class=\"blockG\" id=\"rotateG_04\"><\/div>\n\t\t\t\t<div class=\"blockG\" id=\"rotateG_05\"><\/div>\n\t\t\t\t<div class=\"blockG\" id=\"rotateG_06\"><\/div>\n\t\t\t\t<div class=\"blockG\" id=\"rotateG_07\"><\/div>\n\t\t\t\t<div class=\"blockG\" id=\"rotateG_08\"><\/div>\n\t\t\t<\/div>\n\t\t\t<div class=\"WooZone-cross-sell-loader-text\"><\/div>\n\t\t<\/div>\n\t<\/div>\n\n\t\t\n<\/div>\n<div style=\"clear:both;\"><\/div>\n","protected":false},"excerpt":{"rendered":"<p>TWO-IN-ONE: Der innovative BoQube ist zugleich Gew\u00e4chshaus und Pflanzkasten. Der Einlegeboden bietet Platz f\u00fcr 10 Quelltabletten mit idealem Abstand f\u00fcr Keimlinge. Wenn die Jungpflanzen kr\u00e4ftig genug sind, werden sie einfach in die mit Anzuchterde gef\u00fcllte Schale umgesetzt. Der Einlegeboden kann durch ein praktisches Aufsatz-Prinzip leicht entnommen werden. Die Schale bietet gen\u00fcgend Platz f\u00fcr 4 Jungpflanzen.<br \/>\nANZUCHT MIT STIL: Wer die Sehnsucht nach gr\u00fcner Atmosph\u00e4re mit seiner Passion f\u00fcr cleveres Produkt-Design verbinden m\u00f6chte, findet im BoQube die perfekte Kombination. Top-moderne Materialien, organisch geschwungene Formen und aufregende Bi-Color-Optik mit matten und hochgl\u00e4nzenden Elementen vermitteln entspannte L\u00e4ssigkeit und \u00c4sthetik.<br \/>\nCLEVERE BEW\u00c4SSERUNG: Entlang des Wasserkanals sind fiederf\u00f6rmige Vertiefungen f\u00fcr Quelltabletten angelegt. Dank ihrer ovalen, ergonomischen Form lassen sich Quelltabletten besonders leicht einsetzen und entnehmen. Durch die Gie\u00df\u00f6ffnung in der Haube wird Wasser bequem in die Rinne gegeben und verteilt sich von dort aus gleichm\u00e4\u00dfig. Ein effektiver Staun\u00e4sse-Schutz verhindert \u00dcbergie\u00dfen!<\/p>\n","protected":false},"featured_media":13051,"comment_status":"open","ping_status":"closed","template":"","meta":[],"product_brand":[],"product_cat":[248],"product_tag":[],"class_list":{"0":"post-13050","1":"product","2":"type-product","3":"status-publish","4":"has-post-thumbnail","6":"product_cat-gewaechshaus","7":"pa_amazon-bestseller-rang-nr-10807-in-garten-siehe-top-100-in-garten-nr-6-in-zimmergewaechshaeuser","8":"pa_auslaufartikel-produktion-dur-nein","9":"pa_brand-besuchen-sie-den-romberg-store","10":"pa_durchschnittliche-kundenbewer-45-von-5-sternen-440-sternebewertungen-45-von-5-sternen","11":"pa_hersteller-romberg","12":"pa_im-angebot-von-amazon-de-seit-17-dezember-2018","13":"pa_schirmmaterial-kunststoff","14":"pa_teilenummer-5945","15":"pa_verpackungsabmessungen-42-2-x-24-1-x-17-9-cm-1-45-kilogramm","18":"first","19":"instock","20":"shipping-taxable","21":"purchasable","22":"product-type-simple"},"_links":{"self":[{"href":"https:\/\/www.gartenvip.de\/index.php?rest_route=\/wp\/v2\/product\/13050","targetHints":{"allow":["GET"]}}],"collection":[{"href":"https:\/\/www.gartenvip.de\/index.php?rest_route=\/wp\/v2\/product"}],"about":[{"href":"https:\/\/www.gartenvip.de\/index.php?rest_route=\/wp\/v2\/types\/product"}],"replies":[{"embeddable":true,"href":"https:\/\/www.gartenvip.de\/index.php?rest_route=%2Fwp%2Fv2%2Fcomments&post=13050"}],"wp:featuredmedia":[{"embeddable":true,"href":"https:\/\/www.gartenvip.de\/index.php?rest_route=\/wp\/v2\/media\/13051"}],"wp:attachment":[{"href":"https:\/\/www.gartenvip.de\/index.php?rest_route=%2Fwp%2Fv2%2Fmedia&parent=13050"}],"wp:term":[{"taxonomy":"product_brand","embeddable":true,"href":"https:\/\/www.gartenvip.de\/index.php?rest_route=%2Fwp%2Fv2%2Fproduct_brand&post=13050"},{"taxonomy":"product_cat","embeddable":true,"href":"https:\/\/www.gartenvip.de\/index.php?rest_route=%2Fwp%2Fv2%2Fproduct_cat&post=13050"},{"taxonomy":"product_tag","embeddable":true,"href":"https:\/\/www.gartenvip.de\/index.php?rest_route=%2Fwp%2Fv2%2Fproduct_tag&post=13050"}],"curies":[{"name":"wp","href":"https:\/\/api.w.org\/{rel}","templated":true}]}}