{"id":13118,"date":"2021-06-21T12:36:00","date_gmt":"2021-06-21T12:36:00","guid":{"rendered":"https:\/\/www.gartenvip.de\/?product=mefro-11140-schubkarre-bully-140-liter-mit-doppeltem-boden"},"modified":"2024-01-03T17:43:55","modified_gmt":"2024-01-03T16:43:55","slug":"mefro-11140-schubkarre-bully-140-liter-mit-doppeltem-boden","status":"publish","type":"product","link":"https:\/\/www.gartenvip.de\/?product=mefro-11140-schubkarre-bully-140-liter-mit-doppeltem-boden","title":{"rendered":"Mefro 11140 Schubkarre Bully 140 Liter mit doppeltem Boden"},"content":{"rendered":"<p><!-- show up to 2 reviews by default --> <\/p>\n<ul>\n<li>einfache Montage durch 3-Komponenten-System <\/li>\n<li>Stahlrohr-Kreuzchassis gegen Durchrostung phosphatiert und kunststoffbeschichtet <\/li>\n<li>rechteckiger Muldenboden und \u2013rahmen zur Minimierung der Durchfahrtsbreite bei gleichzeitiger Optimierung des Fassungsverm\u00f6gens <\/li>\n<li>breit ausgestellte Standbeine f\u00fcr optimale Standsicherheit beim Laden und besonders weite Fu\u00dffreiheit beim Schieben <\/li>\n<li>verzinkte Sch\u00fcssel, aus hochwertigem Tiefziehblech in einem St\u00fcck gezogen <\/li>\n<li>Stahlfelge mit rundum verlaufendem Wulstrand zur zus\u00e4tzlichen Versteifung des Rades bei hohen Traglasten <\/li>\n<li>Luftrad 400 x 100, Kugellager, Schlauchbereifung <\/li>\n<li>mit doppeltem Boden <\/li>\n<li>R\u00e4der mit Kugellager<\/li>\n<\/ul>\n<div class=\"main-cross-sell\" data-asin=\"B000XULXM6\">\n\n\t<div class=\"WooZone-cross-sell-loader\">\n\t\t<div>\n\t\t\t<div id=\"floatingBarsG\">\n\t\t\t\t<div class=\"blockG\" id=\"rotateG_01\"><\/div>\n\t\t\t\t<div class=\"blockG\" id=\"rotateG_02\"><\/div>\n\t\t\t\t<div class=\"blockG\" id=\"rotateG_03\"><\/div>\n\t\t\t\t<div class=\"blockG\" id=\"rotateG_04\"><\/div>\n\t\t\t\t<div class=\"blockG\" id=\"rotateG_05\"><\/div>\n\t\t\t\t<div class=\"blockG\" id=\"rotateG_06\"><\/div>\n\t\t\t\t<div class=\"blockG\" id=\"rotateG_07\"><\/div>\n\t\t\t\t<div class=\"blockG\" id=\"rotateG_08\"><\/div>\n\t\t\t<\/div>\n\t\t\t<div class=\"WooZone-cross-sell-loader-text\"><\/div>\n\t\t<\/div>\n\t<\/div>\n\n\t\t\n<\/div>\n<div style=\"clear:both;\"><\/div>\n","protected":false},"excerpt":{"rendered":"<p>einfache Montage durch 3-Komponenten-System Stahlrohr-Kreuzchassis gegen Durchrostung phosphatiert und kunststoffbeschichtet rechteckiger Muldenboden und \u2013rahmen zur Minimierung der Durchfahrtsbreite bei gleichzeitiger Optimierung des Fassungsverm\u00f6gens breit ausgestellte Standbeine f\u00fcr optimale Standsicherheit beim Laden und besonders weite Fu\u00dffreiheit beim Schieben verzinkte Sch\u00fcssel, aus hochwertigem Tiefziehblech in einem St\u00fcck gezogen Stahlfelge mit rundum verlaufendem Wulstrand zur zus\u00e4tzlichen Versteifung des [&hellip;]<\/p>\n","protected":false},"featured_media":13119,"comment_status":"open","ping_status":"closed","template":"","meta":[],"product_brand":[],"product_cat":[78],"product_tag":[],"class_list":{"0":"post-13118","1":"product","2":"type-product","3":"status-publish","4":"has-post-thumbnail","6":"product_cat-kleingeraete","7":"pa_amazon-bestseller-rang-nr-16445-in-gewerbe-industrie-wissenschaft-siehe-top-100-in-gewerbe-industrie-wissenschaft-nr-115-in-schubkarren","8":"pa_auslaufartikel-produktion-dur-nein","9":"pa_brand-marke-mefro","10":"pa_durchschnittliche-kundenbewer-44-von-5-sternen-42-sternebewertungen-44-von-5-sternen","11":"pa_hersteller-mefro","12":"pa_im-angebot-von-amazon-de-seit-1-maerz-2007","13":"pa_pflanzzeit-spring","14":"pa_produktabmessungen-14-4-x-74-x-74-cm-23-kilogramm","15":"pa_teilenummer-6018","18":"first","19":"instock","20":"shipping-taxable","21":"purchasable","22":"product-type-simple"},"_links":{"self":[{"href":"https:\/\/www.gartenvip.de\/index.php?rest_route=\/wp\/v2\/product\/13118","targetHints":{"allow":["GET"]}}],"collection":[{"href":"https:\/\/www.gartenvip.de\/index.php?rest_route=\/wp\/v2\/product"}],"about":[{"href":"https:\/\/www.gartenvip.de\/index.php?rest_route=\/wp\/v2\/types\/product"}],"replies":[{"embeddable":true,"href":"https:\/\/www.gartenvip.de\/index.php?rest_route=%2Fwp%2Fv2%2Fcomments&post=13118"}],"wp:featuredmedia":[{"embeddable":true,"href":"https:\/\/www.gartenvip.de\/index.php?rest_route=\/wp\/v2\/media\/13119"}],"wp:attachment":[{"href":"https:\/\/www.gartenvip.de\/index.php?rest_route=%2Fwp%2Fv2%2Fmedia&parent=13118"}],"wp:term":[{"taxonomy":"product_brand","embeddable":true,"href":"https:\/\/www.gartenvip.de\/index.php?rest_route=%2Fwp%2Fv2%2Fproduct_brand&post=13118"},{"taxonomy":"product_cat","embeddable":true,"href":"https:\/\/www.gartenvip.de\/index.php?rest_route=%2Fwp%2Fv2%2Fproduct_cat&post=13118"},{"taxonomy":"product_tag","embeddable":true,"href":"https:\/\/www.gartenvip.de\/index.php?rest_route=%2Fwp%2Fv2%2Fproduct_tag&post=13118"}],"curies":[{"name":"wp","href":"https:\/\/api.w.org\/{rel}","templated":true}]}}