{"id":13410,"date":"2021-06-21T12:46:24","date_gmt":"2021-06-21T12:46:24","guid":{"rendered":"https:\/\/www.gartenvip.de\/?product=vidaxl-4tlg-campingstuhl-tisch-sitzgruppe-sonnenschirm-kinder-gartenmoebel-froggy"},"modified":"2024-01-03T17:46:08","modified_gmt":"2024-01-03T16:46:08","slug":"vidaxl-4tlg-campingstuhl-tisch-sitzgruppe-sonnenschirm-kinder-gartenmoebel-froggy","status":"publish","type":"product","link":"https:\/\/www.gartenvip.de\/?product=vidaxl-4tlg-campingstuhl-tisch-sitzgruppe-sonnenschirm-kinder-gartenmoebel-froggy","title":{"rendered":"vidaXL 4tlg Campingstuhl Tisch Sitzgruppe Sonnenschirm Kinder Gartenm\u00f6bel Froggy"},"content":{"rendered":"\n\t\t<div id='gallery-1' class='gallery galleryid-13410 gallery-columns-3 gallery-size-full'><dl class='gallery-item'>\r\n<dt class='gallery-icon landscape'>\r\n<a rel='gallery-nr'><img loading=\"lazy\" decoding=\"async\" width=\"500\" height=\"500\" src=\"https:\/\/images-na.ssl-images-amazon.com\/images\/I\/412ze0pCNWL.jpg\" class=\"attachment-full size-full\" alt=\"\" srcset=\"https:\/\/images-na.ssl-images-amazon.com\/images\/I\/412ze0pCNWL.jpg 500w, https:\/\/images-na.ssl-images-amazon.com\/images\/I\/412ze0pCNWL._SS150_.jpg 150w, https:\/\/images-na.ssl-images-amazon.com\/images\/I\/412ze0pCNWL._SS300_.jpg 300w, https:\/\/images-na.ssl-images-amazon.com\/images\/I\/412ze0pCNWL._SS768_.jpg 768w, https:\/\/images-na.ssl-images-amazon.com\/images\/I\/412ze0pCNWL._SS1024_.jpg 1024w, https:\/\/images-na.ssl-images-amazon.com\/images\/I\/412ze0pCNWL._SS1536_.jpg 1536w, https:\/\/images-na.ssl-images-amazon.com\/images\/I\/412ze0pCNWL._SS2048_.jpg 2048w, https:\/\/images-na.ssl-images-amazon.com\/images\/I\/412ze0pCNWL._SS145_.jpg 145w, https:\/\/images-na.ssl-images-amazon.com\/images\/I\/412ze0pCNWL._SS1200_.jpg 1200w, https:\/\/images-na.ssl-images-amazon.com\/images\/I\/412ze0pCNWL._SS50_.jpg 50w, https:\/\/images-na.ssl-images-amazon.com\/images\/I\/412ze0pCNWL._SS604_.jpg 604w, https:\/\/images-na.ssl-images-amazon.com\/images\/I\/412ze0pCNWL._SS281_.jpg 281w, https:\/\/images-na.ssl-images-amazon.com\/images\/I\/412ze0pCNWL._SS799_.jpg 799w, https:\/\/images-na.ssl-images-amazon.com\/images\/I\/412ze0pCNWL._SS250_.jpg 250w, https:\/\/images-na.ssl-images-amazon.com\/images\/I\/412ze0pCNWL._SS450_.jpg 450w, https:\/\/images-na.ssl-images-amazon.com\/images\/I\/412ze0pCNWL._SS220_.jpg 220w\" sizes=\"auto, (max-width: 500px) 100vw, 500px\" \/><\/a>\r\n<\/dt>\r\n<dd class='wp-caption-text gallery-caption'>\r\n<div class='gallery-caption-inner'> <div class='wp-caption-text gallery-title'>\r\n\tvidaXL-4tlg-Campingstuhl-Tisch-Sitzgruppe-Sonnenschirm-Kinder-Gartenmoebel-Froggy\r\n\t<\/div><div class='wp-caption-text gallery-zoom no-text'>\r\n\t <a href=https:\/\/www.gartenvip.de\/?attachment_id=13411 title='Click to view Full Image' class='icon mustang-gallery'><i class='fa fa-plus'><\/i><\/a>\r\n\t<\/div><div class='wp-caption-text gallery-redirect'>\r\n\t <a href=https:\/\/www.gartenvip.de\/?attachment_id=13411 title='Click to view read more' class='icon readmore'><i class='fa fa-link'><\/i><\/a>\r\n\t<\/div><\/div><\/dd><\/dl><dl class='gallery-item'>\r\n<dt class='gallery-icon landscape'>\r\n<a rel='gallery-nr'><img loading=\"lazy\" decoding=\"async\" width=\"500\" height=\"500\" src=\"https:\/\/images-na.ssl-images-amazon.com\/images\/I\/41YAxof2yBL.jpg\" class=\"attachment-full size-full\" alt=\"\" srcset=\"https:\/\/images-na.ssl-images-amazon.com\/images\/I\/41YAxof2yBL.jpg 500w, https:\/\/images-na.ssl-images-amazon.com\/images\/I\/41YAxof2yBL._SS150_.jpg 150w, https:\/\/images-na.ssl-images-amazon.com\/images\/I\/41YAxof2yBL._SS300_.jpg 300w, https:\/\/images-na.ssl-images-amazon.com\/images\/I\/41YAxof2yBL._SS768_.jpg 768w, https:\/\/images-na.ssl-images-amazon.com\/images\/I\/41YAxof2yBL._SS1024_.jpg 1024w, https:\/\/images-na.ssl-images-amazon.com\/images\/I\/41YAxof2yBL._SS1536_.jpg 1536w, https:\/\/images-na.ssl-images-amazon.com\/images\/I\/41YAxof2yBL._SS2048_.jpg 2048w, https:\/\/images-na.ssl-images-amazon.com\/images\/I\/41YAxof2yBL._SS145_.jpg 145w, https:\/\/images-na.ssl-images-amazon.com\/images\/I\/41YAxof2yBL._SS1200_.jpg 1200w, https:\/\/images-na.ssl-images-amazon.com\/images\/I\/41YAxof2yBL._SS50_.jpg 50w, https:\/\/images-na.ssl-images-amazon.com\/images\/I\/41YAxof2yBL._SS604_.jpg 604w, https:\/\/images-na.ssl-images-amazon.com\/images\/I\/41YAxof2yBL._SS281_.jpg 281w, https:\/\/images-na.ssl-images-amazon.com\/images\/I\/41YAxof2yBL._SS799_.jpg 799w, https:\/\/images-na.ssl-images-amazon.com\/images\/I\/41YAxof2yBL._SS250_.jpg 250w, https:\/\/images-na.ssl-images-amazon.com\/images\/I\/41YAxof2yBL._SS450_.jpg 450w, https:\/\/images-na.ssl-images-amazon.com\/images\/I\/41YAxof2yBL._SS220_.jpg 220w\" sizes=\"auto, (max-width: 500px) 100vw, 500px\" \/><\/a>\r\n<\/dt>\r\n<dd class='wp-caption-text gallery-caption'>\r\n<div class='gallery-caption-inner'> <div class='wp-caption-text gallery-title'>\r\n\tvidaXL-4tlg-Campingstuhl-Tisch-Sitzgruppe-Sonnenschirm-Kinder-Gartenmoebel-Froggy\r\n\t<\/div><div class='wp-caption-text gallery-zoom no-text'>\r\n\t <a href=https:\/\/www.gartenvip.de\/?attachment_id=13412 title='Click to view Full Image' class='icon mustang-gallery'><i class='fa fa-plus'><\/i><\/a>\r\n\t<\/div><div class='wp-caption-text gallery-redirect'>\r\n\t <a href=https:\/\/www.gartenvip.de\/?attachment_id=13412 title='Click to view read more' class='icon readmore'><i class='fa fa-link'><\/i><\/a>\r\n\t<\/div><\/div><\/dd><\/dl><dl class='gallery-item'>\r\n<dt class='gallery-icon landscape'>\r\n<a rel='gallery-nr'><img loading=\"lazy\" decoding=\"async\" width=\"500\" height=\"500\" src=\"https:\/\/images-na.ssl-images-amazon.com\/images\/I\/3102jaeL3PL.jpg\" class=\"attachment-full size-full\" alt=\"\" srcset=\"https:\/\/images-na.ssl-images-amazon.com\/images\/I\/3102jaeL3PL.jpg 500w, https:\/\/images-na.ssl-images-amazon.com\/images\/I\/3102jaeL3PL._SS150_.jpg 150w, https:\/\/images-na.ssl-images-amazon.com\/images\/I\/3102jaeL3PL._SS300_.jpg 300w, https:\/\/images-na.ssl-images-amazon.com\/images\/I\/3102jaeL3PL._SS768_.jpg 768w, https:\/\/images-na.ssl-images-amazon.com\/images\/I\/3102jaeL3PL._SS1024_.jpg 1024w, https:\/\/images-na.ssl-images-amazon.com\/images\/I\/3102jaeL3PL._SS1536_.jpg 1536w, https:\/\/images-na.ssl-images-amazon.com\/images\/I\/3102jaeL3PL._SS2048_.jpg 2048w, https:\/\/images-na.ssl-images-amazon.com\/images\/I\/3102jaeL3PL._SS145_.jpg 145w, https:\/\/images-na.ssl-images-amazon.com\/images\/I\/3102jaeL3PL._SS1200_.jpg 1200w, https:\/\/images-na.ssl-images-amazon.com\/images\/I\/3102jaeL3PL._SS50_.jpg 50w, https:\/\/images-na.ssl-images-amazon.com\/images\/I\/3102jaeL3PL._SS604_.jpg 604w, https:\/\/images-na.ssl-images-amazon.com\/images\/I\/3102jaeL3PL._SS281_.jpg 281w, https:\/\/images-na.ssl-images-amazon.com\/images\/I\/3102jaeL3PL._SS799_.jpg 799w, https:\/\/images-na.ssl-images-amazon.com\/images\/I\/3102jaeL3PL._SS250_.jpg 250w, https:\/\/images-na.ssl-images-amazon.com\/images\/I\/3102jaeL3PL._SS450_.jpg 450w, https:\/\/images-na.ssl-images-amazon.com\/images\/I\/3102jaeL3PL._SS220_.jpg 220w\" sizes=\"auto, (max-width: 500px) 100vw, 500px\" \/><\/a>\r\n<\/dt>\r\n<dd class='wp-caption-text gallery-caption'>\r\n<div class='gallery-caption-inner'> <div class='wp-caption-text gallery-title'>\r\n\tvidaXL-4tlg-Campingstuhl-Tisch-Sitzgruppe-Sonnenschirm-Kinder-Gartenmoebel-Froggy\r\n\t<\/div><div class='wp-caption-text gallery-zoom no-text'>\r\n\t <a href=https:\/\/www.gartenvip.de\/?attachment_id=13413 title='Click to view Full Image' class='icon mustang-gallery'><i class='fa fa-plus'><\/i><\/a>\r\n\t<\/div><div class='wp-caption-text gallery-redirect'>\r\n\t <a href=https:\/\/www.gartenvip.de\/?attachment_id=13413 title='Click to view read more' class='icon readmore'><i class='fa fa-link'><\/i><\/a>\r\n\t<\/div><\/div><\/dd><\/dl>\r\n<\/div>\n\n<div class=\"disclaim\"> Farbe:<strong>Gr\u00fcn<\/strong> <\/div>\n<p> <!-- show up to 2 reviews by default --> <\/p>\n<p>Diese Gartenm\u00f6bel-Set mit einem Tisch, zwei St\u00fchlen und einem Sonnenschirm ist speziell f\u00fcr Ihre Kinder gedacht. Damit macht die Zeit im Freien noch mehr Spa\u00df! Mit einem robusten Stahlrahmen ist dieses Kinderm\u00f6bel-Set stabil und haltbar &#8211; und bietet Ihren Kindern einen gesch\u00fctzten Bereich zum Ausruhen und Entspannen. Der im Lieferumfang enthaltene Sonnenschirm sch\u00fctzt Ihre Kleinen von der Sonne. Die St\u00fchle k\u00f6nnen zusammengeklappt werden, um Stauraum zu sparen, wenn sie nicht in Gebrauch ist. Lieferumfang enth\u00e4lt 1 Tisch, 1 Sonnenschirm und 2 St\u00fchle. Die Montage ist sehr einfach.<\/p>\n<ul>\n<li>Farbe: Gr\u00fcn<\/li>\n<li>Material: Stahlrohr und Textilgewebe<\/li>\n<li>Stuhl-Bespannung: 210D Oxford<\/li>\n<li>Sonnenschirm-Bespannung: 170T Polyestertaft<\/li>\n<li>Rohrdurchmesser: 19\/13 mm<\/li>\n<li>Sonnenschirm Durchmesser: 105 cm<\/li>\n<li>Tischdurchmesser: 50 cm<\/li>\n<li>Stuhl Ma\u00dfe: 38 x 28 x 50 cm (B x T x H)<\/li>\n<li>Sitzfl\u00e4che: 29 x 23 x 26 cm (B x T x H)<\/li>\n<li>Lieferumfang: 1 x Tisch, 1 x Schirm und 2 x Stuhl<\/li>\n<li>Einfache Endmontage<\/li>\n<li>Material: Polyester: 100%<\/li>\n<\/ul>\n<p>Farbe: Gr\u00fcn<br \/>\nMaterial: Stahlrohr und Textilgewebe<br \/>\nStuhl-Bespannung: 210D Oxford<br \/>\nSonnenschirm-Bespannung: 170T Polyestertaft<br \/>\nRohrdurchmesser: 19\/13 mm<br \/>\n<div class=\"main-cross-sell\" data-asin=\"B06XCMRYL8\">\n\n\t<div class=\"WooZone-cross-sell-loader\">\n\t\t<div>\n\t\t\t<div id=\"floatingBarsG\">\n\t\t\t\t<div class=\"blockG\" id=\"rotateG_01\"><\/div>\n\t\t\t\t<div class=\"blockG\" id=\"rotateG_02\"><\/div>\n\t\t\t\t<div class=\"blockG\" id=\"rotateG_03\"><\/div>\n\t\t\t\t<div class=\"blockG\" id=\"rotateG_04\"><\/div>\n\t\t\t\t<div class=\"blockG\" id=\"rotateG_05\"><\/div>\n\t\t\t\t<div class=\"blockG\" id=\"rotateG_06\"><\/div>\n\t\t\t\t<div class=\"blockG\" id=\"rotateG_07\"><\/div>\n\t\t\t\t<div class=\"blockG\" id=\"rotateG_08\"><\/div>\n\t\t\t<\/div>\n\t\t\t<div class=\"WooZone-cross-sell-loader-text\"><\/div>\n\t\t<\/div>\n\t<\/div>\n\n\t\t\n<\/div>\n<div style=\"clear:both;\"><\/div>\n","protected":false},"excerpt":{"rendered":"<p>Farbe: Gr\u00fcn<br \/>\nMaterial: Stahlrohr und Textilgewebe<br \/>\nStuhl-Bespannung: 210D Oxford<\/p>\n","protected":false},"featured_media":13411,"comment_status":"open","ping_status":"closed","template":"","meta":[],"product_brand":[],"product_cat":[246],"product_tag":[],"class_list":{"0":"post-13410","1":"product","2":"type-product","3":"status-publish","4":"has-post-thumbnail","6":"product_cat-gartenmoebel","7":"pa_amazon-bestseller-rang-nr-38425-in-garten-siehe-top-100-in-garten-nr-222-in-moebelsets","8":"pa_artikelgewicht-5-1-kilogramm","9":"pa_auslaufartikel-produktion-dur-nein","10":"pa_brand-besuchen-sie-den-vidaxl-store","11":"pa_durchschnittliche-kundenbewer-45-von-5-sternen-94-sternebewertungen-45-von-5-sternen","12":"pa_im-angebot-von-amazon-de-seit-1-mai-2014","13":"pa_marke-vidaxl","14":"pa_materialart-gewebe","15":"pa_teilenummer-6420","18":"first","19":"instock","20":"shipping-taxable","21":"purchasable","22":"product-type-simple"},"_links":{"self":[{"href":"https:\/\/www.gartenvip.de\/index.php?rest_route=\/wp\/v2\/product\/13410","targetHints":{"allow":["GET"]}}],"collection":[{"href":"https:\/\/www.gartenvip.de\/index.php?rest_route=\/wp\/v2\/product"}],"about":[{"href":"https:\/\/www.gartenvip.de\/index.php?rest_route=\/wp\/v2\/types\/product"}],"replies":[{"embeddable":true,"href":"https:\/\/www.gartenvip.de\/index.php?rest_route=%2Fwp%2Fv2%2Fcomments&post=13410"}],"wp:featuredmedia":[{"embeddable":true,"href":"https:\/\/www.gartenvip.de\/index.php?rest_route=\/wp\/v2\/media\/13411"}],"wp:attachment":[{"href":"https:\/\/www.gartenvip.de\/index.php?rest_route=%2Fwp%2Fv2%2Fmedia&parent=13410"}],"wp:term":[{"taxonomy":"product_brand","embeddable":true,"href":"https:\/\/www.gartenvip.de\/index.php?rest_route=%2Fwp%2Fv2%2Fproduct_brand&post=13410"},{"taxonomy":"product_cat","embeddable":true,"href":"https:\/\/www.gartenvip.de\/index.php?rest_route=%2Fwp%2Fv2%2Fproduct_cat&post=13410"},{"taxonomy":"product_tag","embeddable":true,"href":"https:\/\/www.gartenvip.de\/index.php?rest_route=%2Fwp%2Fv2%2Fproduct_tag&post=13410"}],"curies":[{"name":"wp","href":"https:\/\/api.w.org\/{rel}","templated":true}]}}