{"id":13700,"date":"2021-06-21T12:55:50","date_gmt":"2021-06-21T12:55:50","guid":{"rendered":"https:\/\/www.gartenvip.de\/?product=m-mcombo-3-sitzer-hollywoodschaukel-gartenschaukel-gartenliege-schaukelbank-8003-schwarz"},"modified":"2024-01-03T17:50:14","modified_gmt":"2024-01-03T16:50:14","slug":"m-mcombo-3-sitzer-hollywoodschaukel-gartenschaukel-gartenliege-schaukelbank-8003-schwarz","status":"publish","type":"product","link":"https:\/\/www.gartenvip.de\/?product=m-mcombo-3-sitzer-hollywoodschaukel-gartenschaukel-gartenliege-schaukelbank-8003-schwarz","title":{"rendered":"M MCombo 3-Sitzer Hollywoodschaukel Gartenschaukel Gartenliege Schaukelbank 8003 (Schwarz)"},"content":{"rendered":"\n\t\t<div id='gallery-1' class='gallery galleryid-13700 gallery-columns-3 gallery-size-full'><dl class='gallery-item'>\r\n<dt class='gallery-icon landscape'>\r\n<a rel='gallery-nr'><img loading=\"lazy\" decoding=\"async\" width=\"500\" height=\"500\" src=\"https:\/\/images-na.ssl-images-amazon.com\/images\/I\/41ydKsPkNIL.jpg\" class=\"attachment-full size-full\" alt=\"\" srcset=\"https:\/\/images-na.ssl-images-amazon.com\/images\/I\/41ydKsPkNIL.jpg 500w, https:\/\/images-na.ssl-images-amazon.com\/images\/I\/41ydKsPkNIL._SS150_.jpg 150w, https:\/\/images-na.ssl-images-amazon.com\/images\/I\/41ydKsPkNIL._SS300_.jpg 300w, https:\/\/images-na.ssl-images-amazon.com\/images\/I\/41ydKsPkNIL._SS768_.jpg 768w, https:\/\/images-na.ssl-images-amazon.com\/images\/I\/41ydKsPkNIL._SS1024_.jpg 1024w, https:\/\/images-na.ssl-images-amazon.com\/images\/I\/41ydKsPkNIL._SS1536_.jpg 1536w, https:\/\/images-na.ssl-images-amazon.com\/images\/I\/41ydKsPkNIL._SS2048_.jpg 2048w, https:\/\/images-na.ssl-images-amazon.com\/images\/I\/41ydKsPkNIL._SS145_.jpg 145w, https:\/\/images-na.ssl-images-amazon.com\/images\/I\/41ydKsPkNIL._SS1200_.jpg 1200w, https:\/\/images-na.ssl-images-amazon.com\/images\/I\/41ydKsPkNIL._SS50_.jpg 50w, https:\/\/images-na.ssl-images-amazon.com\/images\/I\/41ydKsPkNIL._SS604_.jpg 604w, https:\/\/images-na.ssl-images-amazon.com\/images\/I\/41ydKsPkNIL._SS281_.jpg 281w, https:\/\/images-na.ssl-images-amazon.com\/images\/I\/41ydKsPkNIL._SS799_.jpg 799w, https:\/\/images-na.ssl-images-amazon.com\/images\/I\/41ydKsPkNIL._SS250_.jpg 250w, https:\/\/images-na.ssl-images-amazon.com\/images\/I\/41ydKsPkNIL._SS450_.jpg 450w, https:\/\/images-na.ssl-images-amazon.com\/images\/I\/41ydKsPkNIL._SS220_.jpg 220w\" sizes=\"auto, (max-width: 500px) 100vw, 500px\" \/><\/a>\r\n<\/dt>\r\n<dd class='wp-caption-text gallery-caption'>\r\n<div class='gallery-caption-inner'> <div class='wp-caption-text gallery-title'>\r\n\tM-MCombo-3-Sitzer-Hollywoodschaukel-Gartenschaukel-Gartenliege-Schaukelbank-8003-Schwarz\r\n\t<\/div><div class='wp-caption-text gallery-zoom no-text'>\r\n\t <a href=https:\/\/www.gartenvip.de\/?attachment_id=13701 title='Click to view Full Image' class='icon mustang-gallery'><i class='fa fa-plus'><\/i><\/a>\r\n\t<\/div><div class='wp-caption-text gallery-redirect'>\r\n\t <a href=https:\/\/www.gartenvip.de\/?attachment_id=13701 title='Click to view read more' class='icon readmore'><i class='fa fa-link'><\/i><\/a>\r\n\t<\/div><\/div><\/dd><\/dl><dl class='gallery-item'>\r\n<dt class='gallery-icon landscape'>\r\n<a rel='gallery-nr'><img loading=\"lazy\" decoding=\"async\" width=\"500\" height=\"500\" src=\"https:\/\/images-na.ssl-images-amazon.com\/images\/I\/415MDkyzToL.jpg\" class=\"attachment-full size-full\" alt=\"\" srcset=\"https:\/\/images-na.ssl-images-amazon.com\/images\/I\/415MDkyzToL.jpg 500w, https:\/\/images-na.ssl-images-amazon.com\/images\/I\/415MDkyzToL._SS150_.jpg 150w, https:\/\/images-na.ssl-images-amazon.com\/images\/I\/415MDkyzToL._SS300_.jpg 300w, https:\/\/images-na.ssl-images-amazon.com\/images\/I\/415MDkyzToL._SS768_.jpg 768w, https:\/\/images-na.ssl-images-amazon.com\/images\/I\/415MDkyzToL._SS1024_.jpg 1024w, https:\/\/images-na.ssl-images-amazon.com\/images\/I\/415MDkyzToL._SS1536_.jpg 1536w, https:\/\/images-na.ssl-images-amazon.com\/images\/I\/415MDkyzToL._SS2048_.jpg 2048w, https:\/\/images-na.ssl-images-amazon.com\/images\/I\/415MDkyzToL._SS145_.jpg 145w, https:\/\/images-na.ssl-images-amazon.com\/images\/I\/415MDkyzToL._SS1200_.jpg 1200w, https:\/\/images-na.ssl-images-amazon.com\/images\/I\/415MDkyzToL._SS50_.jpg 50w, https:\/\/images-na.ssl-images-amazon.com\/images\/I\/415MDkyzToL._SS604_.jpg 604w, https:\/\/images-na.ssl-images-amazon.com\/images\/I\/415MDkyzToL._SS281_.jpg 281w, https:\/\/images-na.ssl-images-amazon.com\/images\/I\/415MDkyzToL._SS799_.jpg 799w, https:\/\/images-na.ssl-images-amazon.com\/images\/I\/415MDkyzToL._SS250_.jpg 250w, https:\/\/images-na.ssl-images-amazon.com\/images\/I\/415MDkyzToL._SS450_.jpg 450w, https:\/\/images-na.ssl-images-amazon.com\/images\/I\/415MDkyzToL._SS220_.jpg 220w\" sizes=\"auto, (max-width: 500px) 100vw, 500px\" \/><\/a>\r\n<\/dt>\r\n<dd class='wp-caption-text gallery-caption'>\r\n<div class='gallery-caption-inner'> <div class='wp-caption-text gallery-title'>\r\n\tM-MCombo-3-Sitzer-Hollywoodschaukel-Gartenschaukel-Gartenliege-Schaukelbank-8003-Schwarz\r\n\t<\/div><div class='wp-caption-text gallery-zoom no-text'>\r\n\t <a href=https:\/\/www.gartenvip.de\/?attachment_id=13702 title='Click to view Full Image' class='icon mustang-gallery'><i class='fa fa-plus'><\/i><\/a>\r\n\t<\/div><div class='wp-caption-text gallery-redirect'>\r\n\t <a href=https:\/\/www.gartenvip.de\/?attachment_id=13702 title='Click to view read more' class='icon readmore'><i class='fa fa-link'><\/i><\/a>\r\n\t<\/div><\/div><\/dd><\/dl><dl class='gallery-item'>\r\n<dt class='gallery-icon landscape'>\r\n<a rel='gallery-nr'><img loading=\"lazy\" decoding=\"async\" width=\"500\" height=\"500\" src=\"https:\/\/images-na.ssl-images-amazon.com\/images\/I\/61fe0H-G5bL.jpg\" class=\"attachment-full size-full\" alt=\"\" srcset=\"https:\/\/images-na.ssl-images-amazon.com\/images\/I\/61fe0H-G5bL.jpg 500w, https:\/\/images-na.ssl-images-amazon.com\/images\/I\/61fe0H-G5bL._SS150_.jpg 150w, https:\/\/images-na.ssl-images-amazon.com\/images\/I\/61fe0H-G5bL._SS300_.jpg 300w, https:\/\/images-na.ssl-images-amazon.com\/images\/I\/61fe0H-G5bL._SS768_.jpg 768w, https:\/\/images-na.ssl-images-amazon.com\/images\/I\/61fe0H-G5bL._SS1024_.jpg 1024w, https:\/\/images-na.ssl-images-amazon.com\/images\/I\/61fe0H-G5bL._SS1536_.jpg 1536w, https:\/\/images-na.ssl-images-amazon.com\/images\/I\/61fe0H-G5bL._SS2048_.jpg 2048w, https:\/\/images-na.ssl-images-amazon.com\/images\/I\/61fe0H-G5bL._SS145_.jpg 145w, https:\/\/images-na.ssl-images-amazon.com\/images\/I\/61fe0H-G5bL._SS1200_.jpg 1200w, https:\/\/images-na.ssl-images-amazon.com\/images\/I\/61fe0H-G5bL._SS50_.jpg 50w, https:\/\/images-na.ssl-images-amazon.com\/images\/I\/61fe0H-G5bL._SS604_.jpg 604w, https:\/\/images-na.ssl-images-amazon.com\/images\/I\/61fe0H-G5bL._SS281_.jpg 281w, https:\/\/images-na.ssl-images-amazon.com\/images\/I\/61fe0H-G5bL._SS799_.jpg 799w, https:\/\/images-na.ssl-images-amazon.com\/images\/I\/61fe0H-G5bL._SS250_.jpg 250w, https:\/\/images-na.ssl-images-amazon.com\/images\/I\/61fe0H-G5bL._SS450_.jpg 450w, https:\/\/images-na.ssl-images-amazon.com\/images\/I\/61fe0H-G5bL._SS220_.jpg 220w\" sizes=\"auto, (max-width: 500px) 100vw, 500px\" \/><\/a>\r\n<\/dt>\r\n<dd class='wp-caption-text gallery-caption'>\r\n<div class='gallery-caption-inner'> <div class='wp-caption-text gallery-title'>\r\n\tM-MCombo-3-Sitzer-Hollywoodschaukel-Gartenschaukel-Gartenliege-Schaukelbank-8003-Schwarz\r\n\t<\/div><div class='wp-caption-text gallery-zoom no-text'>\r\n\t <a href=https:\/\/www.gartenvip.de\/?attachment_id=13703 title='Click to view Full Image' class='icon mustang-gallery'><i class='fa fa-plus'><\/i><\/a>\r\n\t<\/div><div class='wp-caption-text gallery-redirect'>\r\n\t <a href=https:\/\/www.gartenvip.de\/?attachment_id=13703 title='Click to view read more' class='icon readmore'><i class='fa fa-link'><\/i><\/a>\r\n\t<\/div><\/div><\/dd><\/dl>\r\n<\/div>\n\n<div class=\"celwidget aplus-module 3p-module-b aplus-standard\">\n<div class=\"aplus-module-wrapper aplus-3p-fixed-width\"> <img decoding=\"async\" alt=\"Banner -Hollywoodschaukel \" src=\"https:\/\/images-na.ssl-images-amazon.com\/images\/G\/01\/x-locale\/common\/grey-pixel.gif\" class=\"a-spacing-base a-lazy-loaded\" data-src=\"https:\/\/m.media-amazon.com\/images\/S\/aplus-media\/sc\/83109a1e-7db4-4bf9-aa59-ea11cf9543c2.__CR0,0,1940,1200_PT0_SX970_V1___.jpg\"><img decoding=\"async\" alt=\"Banner -Hollywoodschaukel \" src=\"https:\/\/m.media-amazon.com\/images\/S\/aplus-media\/sc\/83109a1e-7db4-4bf9-aa59-ea11cf9543c2.__CR0,0,1940,1200_PT0_SX970_V1___.jpg\"> <\/div><\/div>\n<div class=\"celwidget aplus-module module-1 aplus-standard\">\n<div data-a-expander-name=\"aplus-module-expander\" data-a-expander-collapsed-height=\"700\" class=\"a-expander-collapsed-height a-row a-expander-container a-expander-partial-collapse-container\">\n<div class=\"a-expander-content a-expander-partial-collapse-content\">\n<div class=\"aplus-module-wrapper apm-fixed-width\">\n<div class=\"apm-spacing apm-wrap\">\n<div class=\"apm-floatleft apm-wrap\">\n<div class=\"apm-leftimage\"> <img decoding=\"async\" alt=\"8003BK \" src=\"https:\/\/images-na.ssl-images-amazon.com\/images\/G\/01\/x-locale\/common\/grey-pixel.gif\" class=\"a-spacing-mini a-lazy-loaded\" data-src=\"https:\/\/m.media-amazon.com\/images\/S\/aplus-media\/sc\/b0397fb3-9c2b-49c4-9638-492fe5fdc927.__CR0,0,900,1200_PT0_SX300_V1___.jpg\"><img decoding=\"async\" alt=\"8003BK \" src=\"https:\/\/m.media-amazon.com\/images\/S\/aplus-media\/sc\/b0397fb3-9c2b-49c4-9638-492fe5fdc927.__CR0,0,900,1200_PT0_SX300_V1___.jpg\"> <\/p>\n<\/p><\/div>\n<div class=\"apm-rightthirdcol\">\n<div class=\"apm-rightthirdcol-inner\"> <img decoding=\"async\" alt=\"Logo \" src=\"https:\/\/images-na.ssl-images-amazon.com\/images\/G\/01\/x-locale\/common\/grey-pixel.gif\" class=\"a-spacing-mini a-lazy-loaded\" data-src=\"https:\/\/m.media-amazon.com\/images\/S\/aplus-media\/sc\/7a3e9f67-c4d4-41fd-a177-ef8e5492e3e2.__CR240,0,720,360_PT0_SX350_V1___.jpg\"><img decoding=\"async\" alt=\"Logo \" src=\"https:\/\/m.media-amazon.com\/images\/S\/aplus-media\/sc\/7a3e9f67-c4d4-41fd-a177-ef8e5492e3e2.__CR240,0,720,360_PT0_SX350_V1___.jpg\"> <\/p>\n<p class=\"a-spacing-small a-size-small a-color-secondary\"> Die Schaukel ist eine wunderbare und perfekte Erg\u00e4nzung f\u00fcr jeden Garten oder Au\u00dfenbereich, l\u00e4sst Sie und Ihre G\u00e4ste sich zur\u00fccklehnen, entspannen und genie\u00dfen die gro\u00dfartige Natur. <\/p>\n<\/p><\/div><\/div>\n<div class=\"apm-centerthirdcol apm-wrap\">\n<h3 class=\"a-spacing-mini\"> Produktbeschreibung <\/h3>\n<h4 class=\"a-spacing-mini a-color-secondary a-text-italic\"> Typ: 6055-8003 <\/h4>\n<p class=\"a-spacing-base\"> Farbe: Schwarz \/ Braun <\/p>\n<p class=\"a-spacing-base\"> Abmessungen: 176 cm (L) x 110 cm (B) x155 cm (H) <\/p>\n<p class=\"a-spacing-base\"> R\u00fcckenlehne Gr\u00f6\u00dfe: 132 cm (L) x 44 cm (B) <\/p>\n<p class=\"a-spacing-base\"> Sitz Gr\u00f6\u00dfe: 132cm (L) x 44 cm (B) <\/p>\n<p class=\"a-spacing-base\"> Dach Gr\u00f6\u00dfe: 170 cm (L) x 114 cm (B) <\/p>\n<p class=\"a-spacing-base\"> Armlehne L\u00e4nge: 44 cm <\/p>\n<p class=\"a-spacing-base\"> Kissen Dicke: 5 cm <\/p>\n<p class=\"a-spacing-base\"> Material des Rahmens: pulverbeschichtete Stahlrohre <\/p>\n<p class=\"a-spacing-base\"> Sitzfl\u00e4che Material: Polyestergewebe <\/p>\n<p class=\"a-spacing-base\"> Dach Material: Polyestergewebe <\/p>\n<div class=\"amp-centerthirdcol-listbox\">\n<div class=\"a-box a-spacing-small a-color-alternate-background apm-listbox amp-centerthirdcol-listbox\">\n<div class=\"a-box-inner\">\n<ul class=\"a-unordered-list a-vertical\">\n<li><span class=\"a-list-item\"> <span class=\"a-size-base\"> Bitte legen Sie das Schaukelgestell auf eine harte B\u00f6den um das Kippen zu verhindern. <\/span> <\/span><\/li>\n<li><span class=\"a-list-item\"> <span class=\"a-size-base\"> Bitte beachten Sie die empfolende Belastungsgrenze. <\/span> <\/span><\/li>\n<li><span class=\"a-list-item\"> <span class=\"a-size-base\"> Bitte beachten Sie die Sicherheit, wenn Kinder sich auf dem H\u00e4ngesessel setzen. <\/span> <\/span><\/li>\n<\/ul>\n<\/div>\n<\/div><\/div><\/div><\/div><\/div><\/div>\n<div><\/div><\/div>\n<div class=\"a-expander-header a-expander-partial-collapse-header a-text-left\">\n<div class=\"a-expander-content-fade\"><\/div>\n<p><a href=\"void(0)\" data-action=\"a-expander-toggle\" class=\"a-declarative\" data-a-expander-toggle=\"{\"><i class=\"a-icon a-icon-extender-expand\"><\/i><span class=\"a-expander-prompt\">Mehr lesen<\/span><\/a><\/div><\/div><\/div>\n<div class=\"celwidget aplus-module module-4 aplus-standard\">\n<div data-a-expander-name=\"aplus-module-expander\" data-a-expander-collapsed-height=\"700\" class=\"a-expander-collapsed-height a-row a-expander-container a-expander-partial-collapse-container\">\n<div class=\"a-expander-content a-expander-partial-collapse-content\">\n<div class=\"aplus-module-wrapper apm-fixed-width\">\n<div class=\"apm-spacing\">\n<div class=\"apm-floatleft apm-fixed-width\">\n<div class=\"apm-spacing\">\n<table class=\"apm-fixed-width apm-fourthcol-table\">\n<tbody>\n<tr>\n<th class=\"apm-center\">\n<div class=\"apm-fourthcol\">\n<p> <img decoding=\"async\" alt=\" stabile Feder, die Tragf\u00e4higkeit bis 250 kg \" src=\"https:\/\/images-na.ssl-images-amazon.com\/images\/G\/01\/x-locale\/common\/grey-pixel.gif\" class=\"a-lazy-loaded\" data-src=\"https:\/\/m.media-amazon.com\/images\/S\/aplus-media\/sc\/108488d6-7228-4dee-8b48-f5d4d3d83c23.__CR0,0,1000,1000_PT0_SX220_V1___.jpg\"><\/p>\n<p><img decoding=\"async\" alt=\" stabile Feder, die Tragf\u00e4higkeit bis 250 kg \" src=\"https:\/\/m.media-amazon.com\/images\/S\/aplus-media\/sc\/108488d6-7228-4dee-8b48-f5d4d3d83c23.__CR0,0,1000,1000_PT0_SX220_V1___.jpg\"> <\/div>\n<\/th>\n<th class=\"apm-center\">\n<div class=\"apm-fourthcol\">\n<p> <img decoding=\"async\" alt=\"verstellbare Kappe \" src=\"https:\/\/images-na.ssl-images-amazon.com\/images\/G\/01\/x-locale\/common\/grey-pixel.gif\" class=\"a-lazy-loaded\" data-src=\"https:\/\/m.media-amazon.com\/images\/S\/aplus-media\/sc\/9a65565a-b38e-4f40-b206-59780be9310e.__CR0,0,1000,1000_PT0_SX220_V1___.jpg\"><\/p>\n<p><img decoding=\"async\" alt=\"verstellbare Kappe \" src=\"https:\/\/m.media-amazon.com\/images\/S\/aplus-media\/sc\/9a65565a-b38e-4f40-b206-59780be9310e.__CR0,0,1000,1000_PT0_SX220_V1___.jpg\"> <\/div>\n<\/th>\n<th class=\"apm-center\">\n<div class=\"apm-fourthcol\">\n<p> <img decoding=\"async\" alt=\"weich gepolster Sitz\" src=\"https:\/\/images-na.ssl-images-amazon.com\/images\/G\/01\/x-locale\/common\/grey-pixel.gif\" class=\"a-lazy-loaded\" data-src=\"https:\/\/m.media-amazon.com\/images\/S\/aplus-media\/sc\/b3e1169e-5241-4beb-99ea-f4ac9812c68b.__CR0,0,1000,1000_PT0_SX220_V1___.jpg\"><\/p>\n<p><img decoding=\"async\" alt=\"weich gepolster Sitz\" src=\"https:\/\/m.media-amazon.com\/images\/S\/aplus-media\/sc\/b3e1169e-5241-4beb-99ea-f4ac9812c68b.__CR0,0,1000,1000_PT0_SX220_V1___.jpg\"> <\/div>\n<\/th>\n<th class=\"apm-center\">\n<div class=\"apm-fourthcol\">\n<p> <img decoding=\"async\" alt=\"Anti-Rutsch-F\u00fc\u00dfe \" src=\"https:\/\/images-na.ssl-images-amazon.com\/images\/G\/01\/x-locale\/common\/grey-pixel.gif\" class=\"a-lazy-loaded\" data-src=\"https:\/\/m.media-amazon.com\/images\/S\/aplus-media\/sc\/e10ebbd0-dec6-437e-a72a-1954712ace0d.__CR0,0,1000,1000_PT0_SX220_V1___.jpg\"><\/p>\n<p><img decoding=\"async\" alt=\"Anti-Rutsch-F\u00fc\u00dfe \" src=\"https:\/\/m.media-amazon.com\/images\/S\/aplus-media\/sc\/e10ebbd0-dec6-437e-a72a-1954712ace0d.__CR0,0,1000,1000_PT0_SX220_V1___.jpg\"> <\/div>\n<\/th>\n<\/tr>\n<tr>\n<td class=\"apm-top\">\n<div class=\"apm-fourthcol\">\n<h4 class=\"a-spacing-mini\"> Robuster Stahlrahmen und Feder <\/h4>\n<p class=\"a-size-small\"> Robuster Stahlrahmen und die Feder f\u00fchrt dazu, die Tragf\u00e4higkeit bis zu 250 kg erreichen kann <\/p>\n<\/p><\/div>\n<\/td>\n<td class=\"apm-top\">\n<div class=\"apm-fourthcol\">\n<h4 class=\"a-spacing-mini\"> Neigungsverstellbares Dach <\/h4>\n<p class=\"a-size-small\"> Das Vordach der Schaukel kann nach dem Winkel der Sonne eingestellt werden. Es ist aus verdicktem Polyestergewebe gefertigt, und ist regendicht, UV-best\u00e4ndig und kann das Sonnenlicht verhindern. <\/p>\n<\/p><\/div>\n<\/td>\n<td class=\"apm-top\">\n<div class=\"apm-fourthcol\">\n<h4 class=\"a-spacing-mini\"> Weich gepolster Sitz <\/h4>\n<p class=\"a-size-small\"> Gepolsterte Sitzauflage mit Wasserabweiseidenden Bez\u00fcge sorgt f\u00fcr besten Komfort beim Sitzen. <\/p>\n<\/p><\/div>\n<\/td>\n<td class=\"apm-top\">\n<div class=\"apm-fourthcol\">\n<h4 class=\"a-spacing-mini\"> Anti-Rutsch-F\u00fc\u00dfe <\/h4>\n<p class=\"a-size-small\"> Der dreieckige Unterst\u00fctzung-Rahmen ist aus extra robustem pulverbeschichtetem Stahl gefertigt. Anti-Rutsch-F\u00fc\u00dfe erm\u00f6glichen einen sicheren Stand. <\/p>\n<\/p><\/div>\n<\/td>\n<\/tr>\n<\/tbody>\n<\/table>\n<\/div><\/div><\/div><\/div>\n<div><\/div><\/div>\n<div class=\"a-expander-header a-expander-partial-collapse-header a-text-left\">\n<div class=\"a-expander-content-fade\"><\/div>\n<p><a href=\"void(0)\" data-action=\"a-expander-toggle\" class=\"a-declarative\" data-a-expander-toggle=\"{\"><i class=\"a-icon a-icon-extender-expand\"><\/i><span class=\"a-expander-prompt\">Mehr lesen<\/span><\/a><\/div><\/div><\/div>\n<div class=\"celwidget aplus-module 3p-module-b aplus-standard\">\n<div class=\"aplus-module-wrapper aplus-3p-fixed-width\">\n<h3 class=\"a-spacing-mini\"> Die Schaukel ist eine wunderbare und perfekte Erg\u00e4nzung f\u00fcr jeden Garten oder Au\u00dfenbereich <\/h3>\n<p> <img decoding=\"async\" alt=\"perfekte Erg\u00e4nzung f\u00fcr jeden Garten oder Au\u00dfenbereich\" src=\"https:\/\/images-na.ssl-images-amazon.com\/images\/G\/01\/x-locale\/common\/grey-pixel.gif\" class=\"a-spacing-base a-lazy-loaded\" data-src=\"https:\/\/m.media-amazon.com\/images\/S\/aplus-media\/sc\/8563ee9e-3dab-4709-9e84-3b70664ad7d1.__CR0,0,1940,1200_PT0_SX970_V1___.jpg\"><img decoding=\"async\" alt=\"perfekte Erg\u00e4nzung f\u00fcr jeden Garten oder Au\u00dfenbereich\" src=\"https:\/\/m.media-amazon.com\/images\/S\/aplus-media\/sc\/8563ee9e-3dab-4709-9e84-3b70664ad7d1.__CR0,0,1940,1200_PT0_SX970_V1___.jpg\"> <\/div><\/div>\n<div class=\"celwidget aplus-module module-5 aplus-standard\">\n<div class=\"aplus-module-wrapper apm-fixed-width\">\n<div class=\"apm-spacing aplus-module-content\">\n<div class=\"apm-tablemodule\">\n<table class=\"apm-tablemodule-table\" cellspacing=\"0\" cellpadding=\"0\">\n<tbody>\n<tr class=\"apm-tablemodule-imagerows\">\n<th class=\"apm-tablemodule-blankkeyhead\"> <\/th>\n<th class=\"apm-tablemodule-image \"> <a href=\"\/dp\/B08TTHQKNX\/ref=emc_b_5_i\"> <img decoding=\"async\" alt=\"8003BK \" src=\"https:\/\/m.media-amazon.com\/images\/S\/aplus-media\/sc\/bc78d48c-b925-450f-a596-49a4df2435b3.__CR0,0,300,600_PT0_SX150_V1___.jpg\" width=\"150px\"><\/a> <\/th>\n<th class=\"apm-tablemodule-image \"> <a href=\"\/dp\/B073G8WZ3Y\/ref=emc_b_5_i\"> <img decoding=\"async\" alt=\"8003BR \" src=\"https:\/\/m.media-amazon.com\/images\/S\/aplus-media\/sc\/82ddbf58-ee20-43a1-9111-154887a0dbb3.__CR0,0,300,600_PT0_SX150_V1___.jpg\" width=\"150px\"><\/a> <\/th>\n<th class=\"apm-tablemodule-image \"> <a href=\"\/dp\/B073G63R6B\/ref=emc_b_5_i\"> <img decoding=\"async\" alt=\"8007BK \" src=\"https:\/\/m.media-amazon.com\/images\/S\/aplus-media\/sc\/3e1eb9e1-61df-41f7-b9b1-25c5f207cb62.__CR0,0,300,600_PT0_SX150_V1___.jpg\" width=\"150px\"><\/a> <\/th>\n<\/tr>\n<tr class=\"apm-tablemodule-imagerows\">\n<th class=\"apm-tablemodule-blankkeyhead\"> <\/th>\n<th> <a href=\"\/dp\/B08TTHQKNX\/ref=emc_b_5_t\"> MCombo 3-Sitzer Hollywoodschaukel Gartenschaukel Gartenliege Schaukelbank 8003BK <\/a> <\/th>\n<th> <a href=\"\/dp\/B073G8WZ3Y\/ref=emc_b_5_t\"> MCombo 3-Sitzer Hollywoodschaukel Gartenschaukel Gartenliege Schaukelbank 8003BR <\/a> <\/th>\n<th> <a href=\"\/dp\/B073G63R6B\/ref=emc_b_5_t\"> MCombo 3-Sitzer Hollywoodschaukel Gartenschaukel Gartenliege Schaukelbank 8007BK <\/a> <\/th>\n<\/tr>\n<tr class=\"apm-tablemodule-keyvalue\">\n<th class=\"apm-tablemodule-keyhead\"> <span class=\"a-color-secondary\"> Abmessungen <\/span> <\/th>\n<td class=\"apm-tablemodule-valuecell selected\"> <span class=\"a-size-base\"> 176 cm(L) x 110 cm(B) x155 cm(H) <\/span> <\/td>\n<td class=\"apm-tablemodule-valuecell\"> <span class=\"a-size-base\"> 176 cm(L) x 110 cm(B) x155 cm(H) <\/span> <\/td>\n<td class=\"apm-tablemodule-valuecell\"> <span class=\"a-size-base\"> 176 cm(L) x 110 cm(B) x155 cm(H) <\/span> <\/td>\n<\/tr>\n<tr class=\"apm-tablemodule-keyvalue\">\n<th class=\"apm-tablemodule-keyhead\"> <span class=\"a-color-secondary\"> Dach Gr\u00f6\u00dfe <\/span> <\/th>\n<td class=\"apm-tablemodule-valuecell selected\"> <span class=\"a-size-base\"> 170 cm(L) x 114 cm(B) <\/span> <\/td>\n<td class=\"apm-tablemodule-valuecell\"> <span class=\"a-size-base\"> 170 cm(L) x 114 cm(B) <\/span> <\/td>\n<td class=\"apm-tablemodule-valuecell\"> <span class=\"a-size-base\"> 170 cm(L) x 114 cm(B) <\/span> <\/td>\n<\/tr>\n<tr class=\"apm-tablemodule-keyvalue\">\n<th class=\"apm-tablemodule-keyhead\"> <span class=\"a-color-secondary\"> Tragkraft <\/span> <\/th>\n<td class=\"apm-tablemodule-valuecell selected\"> <span class=\"a-size-base\"> 250 kg <\/span> <\/td>\n<td class=\"apm-tablemodule-valuecell\"> <span class=\"a-size-base\"> 250 kg <\/span> <\/td>\n<td class=\"apm-tablemodule-valuecell\"> <span class=\"a-size-base\"> 250 kg <\/span> <\/td>\n<\/tr>\n<tr class=\"apm-tablemodule-keyvalue\">\n<th class=\"apm-tablemodule-keyhead\"> <span class=\"a-color-secondary\"> geeignet f\u00fcr <\/span> <\/th>\n<td class=\"apm-tablemodule-valuecell selected\"> <span class=\"a-size-base\"> 3 Personen <\/span> <\/td>\n<td class=\"apm-tablemodule-valuecell\"> <span class=\"a-size-base\"> 3 Personen <\/span> <\/td>\n<td class=\"apm-tablemodule-valuecell\"> <span class=\"a-size-base\"> 3 Personen <\/span> <\/td>\n<\/tr>\n<tr class=\"apm-tablemodule-keyvalue\">\n<th class=\"apm-tablemodule-keyhead\"> <span class=\"a-color-secondary\"> Sitzfl\u00e4che Material <\/span> <\/th>\n<td class=\"apm-tablemodule-valuecell selected\"> <span class=\"a-size-base\"> Mit Polstersitzbezug <\/span> <\/td>\n<td class=\"apm-tablemodule-valuecell\"> <span class=\"a-size-base\"> Mit Polstersitzbezug <\/span> <\/td>\n<td class=\"apm-tablemodule-valuecell\"> <span class=\"a-size-base\"> Verdickets Polyestergewebe <\/span> <\/td>\n<\/tr>\n<\/tbody>\n<\/table>\n<\/div><\/div><\/div>\n<div><\/div><\/div>\n<p>Ideal f\u00fcr den Outdoorbereich. 100% witterungsbest\u00e4ndig und pflegeleicht.<br \/>\nDer dreieckige Unterst\u00fctzung-Rahmen ist aus extra robustem pulverbeschichtetem Stahl gefertigt.<br \/>\nSchrauben sind aus rostfreiem Stahl, garantiert die Schaukel sichere Verbindung und starke Stabilit\u00e4t.<br \/>\nDas Vordach der Schaukel kann nach dem Winkel der Sonne eingestellt werden. Es ist aus verdicktem Polyestergewebe gefertigt, und ist regendicht, UV-best\u00e4ndig und kann das Sonnenlicht verhindern.<br \/>\nBequeme und dicke Sitzkissen bieten zus\u00e4tzliche Unterst\u00fctzung.<br \/>\nRobuster Stahlrahmen und die Feder f\u00fchrt dazu, die Tragf\u00e4higkeit bis zu 250 kg erreichen kann.<br \/>\nKann bis zu drei Personen zusammen zu genie\u00dfen.<br \/>\n<div class=\"main-cross-sell\" data-asin=\"B08TTHQKNX\">\n\n\t<div class=\"WooZone-cross-sell-loader\">\n\t\t<div>\n\t\t\t<div id=\"floatingBarsG\">\n\t\t\t\t<div class=\"blockG\" id=\"rotateG_01\"><\/div>\n\t\t\t\t<div class=\"blockG\" id=\"rotateG_02\"><\/div>\n\t\t\t\t<div class=\"blockG\" id=\"rotateG_03\"><\/div>\n\t\t\t\t<div class=\"blockG\" id=\"rotateG_04\"><\/div>\n\t\t\t\t<div class=\"blockG\" id=\"rotateG_05\"><\/div>\n\t\t\t\t<div class=\"blockG\" id=\"rotateG_06\"><\/div>\n\t\t\t\t<div class=\"blockG\" id=\"rotateG_07\"><\/div>\n\t\t\t\t<div class=\"blockG\" id=\"rotateG_08\"><\/div>\n\t\t\t<\/div>\n\t\t\t<div class=\"WooZone-cross-sell-loader-text\"><\/div>\n\t\t<\/div>\n\t<\/div>\n\n\t\t\n<\/div>\n<div style=\"clear:both;\"><\/div>\n","protected":false},"excerpt":{"rendered":"<p>Ideal f\u00fcr den Outdoorbereich. 100% witterungsbest\u00e4ndig und pflegeleicht.<br \/>\nDer dreieckige Unterst\u00fctzung-Rahmen ist aus extra robustem pulverbeschichtetem Stahl gefertigt.<br \/>\nSchrauben sind aus rostfreiem Stahl, garantiert die Schaukel sichere Verbindung und starke Stabilit\u00e4t.<\/p>\n","protected":false},"featured_media":13701,"comment_status":"open","ping_status":"closed","template":"","meta":[],"product_brand":[],"product_cat":[246],"product_tag":[],"class_list":{"0":"post-13700","1":"product","2":"type-product","3":"status-publish","4":"has-post-thumbnail","6":"product_cat-gartenmoebel","7":"pa_amazon-bestseller-rang-nr-11351-in-garten-siehe-top-100-in-garten-nr-12-in-hollywoodschaukeln","8":"pa_brand-marke-m-mcombo","9":"pa_durchschnittliche-kundenbewer-43-von-5-sternen-144-sternebewertungen-43-von-5-sternen","10":"pa_im-angebot-von-amazon-de-seit-27-juni-2017","11":"pa_marke-m-mcombo","12":"pa_modellnummer-6055-8003bk-1","13":"pa_schirmfarbe-schwarz","16":"first","17":"instock","18":"shipping-taxable","19":"purchasable","20":"product-type-simple"},"_links":{"self":[{"href":"https:\/\/www.gartenvip.de\/index.php?rest_route=\/wp\/v2\/product\/13700","targetHints":{"allow":["GET"]}}],"collection":[{"href":"https:\/\/www.gartenvip.de\/index.php?rest_route=\/wp\/v2\/product"}],"about":[{"href":"https:\/\/www.gartenvip.de\/index.php?rest_route=\/wp\/v2\/types\/product"}],"replies":[{"embeddable":true,"href":"https:\/\/www.gartenvip.de\/index.php?rest_route=%2Fwp%2Fv2%2Fcomments&post=13700"}],"wp:featuredmedia":[{"embeddable":true,"href":"https:\/\/www.gartenvip.de\/index.php?rest_route=\/wp\/v2\/media\/13701"}],"wp:attachment":[{"href":"https:\/\/www.gartenvip.de\/index.php?rest_route=%2Fwp%2Fv2%2Fmedia&parent=13700"}],"wp:term":[{"taxonomy":"product_brand","embeddable":true,"href":"https:\/\/www.gartenvip.de\/index.php?rest_route=%2Fwp%2Fv2%2Fproduct_brand&post=13700"},{"taxonomy":"product_cat","embeddable":true,"href":"https:\/\/www.gartenvip.de\/index.php?rest_route=%2Fwp%2Fv2%2Fproduct_cat&post=13700"},{"taxonomy":"product_tag","embeddable":true,"href":"https:\/\/www.gartenvip.de\/index.php?rest_route=%2Fwp%2Fv2%2Fproduct_tag&post=13700"}],"curies":[{"name":"wp","href":"https:\/\/api.w.org\/{rel}","templated":true}]}}