{"id":14493,"date":"2021-06-21T13:40:40","date_gmt":"2021-06-21T13:40:40","guid":{"rendered":"https:\/\/www.gartenvip.de\/?product=bosch-akku-saege-easycut-12-1-akku-nanoblade-technologie-12-volt-system-im-koffer"},"modified":"2024-01-03T18:01:34","modified_gmt":"2024-01-03T17:01:34","slug":"bosch-akku-saege-easycut-12-1-akku-nanoblade-technologie-12-volt-system-im-koffer","status":"publish","type":"product","link":"https:\/\/www.gartenvip.de\/?product=bosch-akku-saege-easycut-12-1-akku-nanoblade-technologie-12-volt-system-im-koffer","title":{"rendered":"Bosch Home and Garden Akku S\u00e4ge EasyCut 12 (1 Akku, NanoBlade Technologie, 12 Volt System, im Koffer), Schwarz, Gr\u00fcn, Rot"},"content":{"rendered":"\n\t\t<div id='gallery-1' class='gallery galleryid-14493 gallery-columns-3 gallery-size-full'><dl class='gallery-item'>\r\n<dt class='gallery-icon landscape'>\r\n<a rel='gallery-nr'><img loading=\"lazy\" decoding=\"async\" width=\"500\" height=\"500\" src=\"https:\/\/images-na.ssl-images-amazon.com\/images\/I\/51JA0dRRvCL.jpg\" class=\"attachment-full size-full\" alt=\"\" srcset=\"https:\/\/images-na.ssl-images-amazon.com\/images\/I\/51JA0dRRvCL.jpg 500w, https:\/\/images-na.ssl-images-amazon.com\/images\/I\/51JA0dRRvCL._SS150_.jpg 150w, https:\/\/images-na.ssl-images-amazon.com\/images\/I\/51JA0dRRvCL._SS300_.jpg 300w, https:\/\/images-na.ssl-images-amazon.com\/images\/I\/51JA0dRRvCL._SS768_.jpg 768w, https:\/\/images-na.ssl-images-amazon.com\/images\/I\/51JA0dRRvCL._SS1024_.jpg 1024w, https:\/\/images-na.ssl-images-amazon.com\/images\/I\/51JA0dRRvCL._SS1536_.jpg 1536w, https:\/\/images-na.ssl-images-amazon.com\/images\/I\/51JA0dRRvCL._SS2048_.jpg 2048w, https:\/\/images-na.ssl-images-amazon.com\/images\/I\/51JA0dRRvCL._SS145_.jpg 145w, https:\/\/images-na.ssl-images-amazon.com\/images\/I\/51JA0dRRvCL._SS1200_.jpg 1200w, https:\/\/images-na.ssl-images-amazon.com\/images\/I\/51JA0dRRvCL._SS50_.jpg 50w, https:\/\/images-na.ssl-images-amazon.com\/images\/I\/51JA0dRRvCL._SS604_.jpg 604w, https:\/\/images-na.ssl-images-amazon.com\/images\/I\/51JA0dRRvCL._SS281_.jpg 281w, https:\/\/images-na.ssl-images-amazon.com\/images\/I\/51JA0dRRvCL._SS799_.jpg 799w, https:\/\/images-na.ssl-images-amazon.com\/images\/I\/51JA0dRRvCL._SS250_.jpg 250w, https:\/\/images-na.ssl-images-amazon.com\/images\/I\/51JA0dRRvCL._SS450_.jpg 450w, https:\/\/images-na.ssl-images-amazon.com\/images\/I\/51JA0dRRvCL._SS220_.jpg 220w\" sizes=\"auto, (max-width: 500px) 100vw, 500px\" \/><\/a>\r\n<\/dt>\r\n<dd class='wp-caption-text gallery-caption'>\r\n<div class='gallery-caption-inner'> <div class='wp-caption-text gallery-title'>\r\n\tBosch-Akku-Saege-EasyCut-12-1-Akku-NanoBlade-Technologie-12-Volt-System-im-Koffer\r\n\t<\/div><div class='wp-caption-text gallery-zoom no-text'>\r\n\t <a href=https:\/\/www.gartenvip.de\/?attachment_id=14494 title='Click to view Full Image' class='icon mustang-gallery'><i class='fa fa-plus'><\/i><\/a>\r\n\t<\/div><div class='wp-caption-text gallery-redirect'>\r\n\t <a href=https:\/\/www.gartenvip.de\/?attachment_id=14494 title='Click to view read more' class='icon readmore'><i class='fa fa-link'><\/i><\/a>\r\n\t<\/div><\/div><\/dd><\/dl><dl class='gallery-item'>\r\n<dt class='gallery-icon landscape'>\r\n<a rel='gallery-nr'><img loading=\"lazy\" decoding=\"async\" width=\"500\" height=\"500\" src=\"https:\/\/images-na.ssl-images-amazon.com\/images\/I\/51n4j950HDL.jpg\" class=\"attachment-full size-full\" alt=\"\" srcset=\"https:\/\/images-na.ssl-images-amazon.com\/images\/I\/51n4j950HDL.jpg 500w, https:\/\/images-na.ssl-images-amazon.com\/images\/I\/51n4j950HDL._SS150_.jpg 150w, https:\/\/images-na.ssl-images-amazon.com\/images\/I\/51n4j950HDL._SS300_.jpg 300w, https:\/\/images-na.ssl-images-amazon.com\/images\/I\/51n4j950HDL._SS768_.jpg 768w, https:\/\/images-na.ssl-images-amazon.com\/images\/I\/51n4j950HDL._SS1024_.jpg 1024w, https:\/\/images-na.ssl-images-amazon.com\/images\/I\/51n4j950HDL._SS1536_.jpg 1536w, https:\/\/images-na.ssl-images-amazon.com\/images\/I\/51n4j950HDL._SS2048_.jpg 2048w, https:\/\/images-na.ssl-images-amazon.com\/images\/I\/51n4j950HDL._SS145_.jpg 145w, https:\/\/images-na.ssl-images-amazon.com\/images\/I\/51n4j950HDL._SS1200_.jpg 1200w, https:\/\/images-na.ssl-images-amazon.com\/images\/I\/51n4j950HDL._SS50_.jpg 50w, https:\/\/images-na.ssl-images-amazon.com\/images\/I\/51n4j950HDL._SS604_.jpg 604w, https:\/\/images-na.ssl-images-amazon.com\/images\/I\/51n4j950HDL._SS281_.jpg 281w, https:\/\/images-na.ssl-images-amazon.com\/images\/I\/51n4j950HDL._SS799_.jpg 799w, https:\/\/images-na.ssl-images-amazon.com\/images\/I\/51n4j950HDL._SS250_.jpg 250w, https:\/\/images-na.ssl-images-amazon.com\/images\/I\/51n4j950HDL._SS450_.jpg 450w, https:\/\/images-na.ssl-images-amazon.com\/images\/I\/51n4j950HDL._SS220_.jpg 220w\" sizes=\"auto, (max-width: 500px) 100vw, 500px\" \/><\/a>\r\n<\/dt>\r\n<dd class='wp-caption-text gallery-caption'>\r\n<div class='gallery-caption-inner'> <div class='wp-caption-text gallery-title'>\r\n\tBosch-Akku-Saege-EasyCut-12-1-Akku-NanoBlade-Technologie-12-Volt-System-im-Koffer\r\n\t<\/div><div class='wp-caption-text gallery-zoom no-text'>\r\n\t <a href=https:\/\/www.gartenvip.de\/?attachment_id=14495 title='Click to view Full Image' class='icon mustang-gallery'><i class='fa fa-plus'><\/i><\/a>\r\n\t<\/div><div class='wp-caption-text gallery-redirect'>\r\n\t <a href=https:\/\/www.gartenvip.de\/?attachment_id=14495 title='Click to view read more' class='icon readmore'><i class='fa fa-link'><\/i><\/a>\r\n\t<\/div><\/div><\/dd><\/dl><dl class='gallery-item'>\r\n<dt class='gallery-icon landscape'>\r\n<a rel='gallery-nr'><img loading=\"lazy\" decoding=\"async\" width=\"500\" height=\"500\" src=\"https:\/\/images-na.ssl-images-amazon.com\/images\/I\/41IdEpuI7PL.jpg\" class=\"attachment-full size-full\" alt=\"\" srcset=\"https:\/\/images-na.ssl-images-amazon.com\/images\/I\/41IdEpuI7PL.jpg 500w, https:\/\/images-na.ssl-images-amazon.com\/images\/I\/41IdEpuI7PL._SS150_.jpg 150w, https:\/\/images-na.ssl-images-amazon.com\/images\/I\/41IdEpuI7PL._SS300_.jpg 300w, https:\/\/images-na.ssl-images-amazon.com\/images\/I\/41IdEpuI7PL._SS768_.jpg 768w, https:\/\/images-na.ssl-images-amazon.com\/images\/I\/41IdEpuI7PL._SS1024_.jpg 1024w, https:\/\/images-na.ssl-images-amazon.com\/images\/I\/41IdEpuI7PL._SS1536_.jpg 1536w, https:\/\/images-na.ssl-images-amazon.com\/images\/I\/41IdEpuI7PL._SS2048_.jpg 2048w, https:\/\/images-na.ssl-images-amazon.com\/images\/I\/41IdEpuI7PL._SS145_.jpg 145w, https:\/\/images-na.ssl-images-amazon.com\/images\/I\/41IdEpuI7PL._SS1200_.jpg 1200w, https:\/\/images-na.ssl-images-amazon.com\/images\/I\/41IdEpuI7PL._SS50_.jpg 50w, https:\/\/images-na.ssl-images-amazon.com\/images\/I\/41IdEpuI7PL._SS604_.jpg 604w, https:\/\/images-na.ssl-images-amazon.com\/images\/I\/41IdEpuI7PL._SS281_.jpg 281w, https:\/\/images-na.ssl-images-amazon.com\/images\/I\/41IdEpuI7PL._SS799_.jpg 799w, https:\/\/images-na.ssl-images-amazon.com\/images\/I\/41IdEpuI7PL._SS250_.jpg 250w, https:\/\/images-na.ssl-images-amazon.com\/images\/I\/41IdEpuI7PL._SS450_.jpg 450w, https:\/\/images-na.ssl-images-amazon.com\/images\/I\/41IdEpuI7PL._SS220_.jpg 220w\" sizes=\"auto, (max-width: 500px) 100vw, 500px\" \/><\/a>\r\n<\/dt>\r\n<dd class='wp-caption-text gallery-caption'>\r\n<div class='gallery-caption-inner'> <div class='wp-caption-text gallery-title'>\r\n\tBosch-Akku-Saege-EasyCut-12-1-Akku-NanoBlade-Technologie-12-Volt-System-im-Koffer\r\n\t<\/div><div class='wp-caption-text gallery-zoom no-text'>\r\n\t <a href=https:\/\/www.gartenvip.de\/?attachment_id=14496 title='Click to view Full Image' class='icon mustang-gallery'><i class='fa fa-plus'><\/i><\/a>\r\n\t<\/div><div class='wp-caption-text gallery-redirect'>\r\n\t <a href=https:\/\/www.gartenvip.de\/?attachment_id=14496 title='Click to view read more' class='icon readmore'><i class='fa fa-link'><\/i><\/a>\r\n\t<\/div><\/div><\/dd><\/dl>\r\n<\/div>\n\n<div class=\"disclaim\"> Stil:<strong>Set | 1 Akku<\/strong> <\/div>\n<p> <!-- show up to 2 reviews by default --> <\/p>\n<p>Bosch DIY S\u00e4ge Easy Cut 12 mit NanoBLADE Technologie, Akku, Koffer, nanoBLADE Wood Speed 65, Schutzkappe, Lader, Handschlaufe (12 V, 2,5 Ah, max. Schnitttiefe 65mm, 0,9 kg) <\/p>\n<p>Die Bosch NanoBlade-S\u00e4ge Easy Cut 12 &#8211; s\u00e4gen so einfach wie nie zuvor<br \/>\nKompakte und handliche Akku-S\u00e4ge f\u00fcr einfaches, vibrationsarmes S\u00e4gen im Innen- und Au\u00dfenbereich<br \/>\nNeues S\u00e4geerlebnis &#8211; vielf\u00e4ltige Anwendungsm\u00f6glichkeiten wie S\u00e4gen frei Hand und Tauschnitte ohne Vorbohren<br \/>\nSchnelle und flexible S\u00e4gearbeiten dank wechselbarem 12 Volt Lithium Ionen Akku (nicht kompatibel mit Akkus von Bosch Professional)<br \/>\nLieferumfang: EasyCut 12, NanoBlade Wood Speed 65, Schutzkappe, Akku, Ladeger\u00e4t, Handschlaufe, Koffer (3165140830829)<br \/>\n<div class=\"main-cross-sell\" data-asin=\"B072NZ1R8G\">\n\n\t<div class=\"WooZone-cross-sell-loader\">\n\t\t<div>\n\t\t\t<div id=\"floatingBarsG\">\n\t\t\t\t<div class=\"blockG\" id=\"rotateG_01\"><\/div>\n\t\t\t\t<div class=\"blockG\" id=\"rotateG_02\"><\/div>\n\t\t\t\t<div class=\"blockG\" id=\"rotateG_03\"><\/div>\n\t\t\t\t<div class=\"blockG\" id=\"rotateG_04\"><\/div>\n\t\t\t\t<div class=\"blockG\" id=\"rotateG_05\"><\/div>\n\t\t\t\t<div class=\"blockG\" id=\"rotateG_06\"><\/div>\n\t\t\t\t<div class=\"blockG\" id=\"rotateG_07\"><\/div>\n\t\t\t\t<div class=\"blockG\" id=\"rotateG_08\"><\/div>\n\t\t\t<\/div>\n\t\t\t<div class=\"WooZone-cross-sell-loader-text\"><\/div>\n\t\t<\/div>\n\t<\/div>\n\n\t\t\n<\/div>\n<div style=\"clear:both;\"><\/div>\n","protected":false},"excerpt":{"rendered":"<p>Die Bosch NanoBlade-S\u00e4ge Easy Cut 12 &#8211; s\u00e4gen so einfach wie nie zuvor<br \/>\nKompakte und handliche Akku-S\u00e4ge f\u00fcr einfaches, vibrationsarmes S\u00e4gen im Innen- und Au\u00dfenbereich<br \/>\nNeues S\u00e4geerlebnis &#8211; vielf\u00e4ltige Anwendungsm\u00f6glichkeiten wie S\u00e4gen frei Hand und Tauschnitte ohne Vorbohren<\/p>\n","protected":false},"featured_media":14494,"comment_status":"open","ping_status":"closed","template":"","meta":[],"product_brand":[],"product_cat":[41],"product_tag":[],"class_list":{"0":"post-14493","1":"product","2":"type-product","3":"status-publish","4":"has-post-thumbnail","6":"product_cat-gartengeraete","7":"pa_amazon-bestseller-rang-nr-3261-in-garten-siehe-top-100-in-garten-nr-2-in-kettensaegen","8":"pa_antriebsart-akku","9":"pa_artikelgewicht-900-g","10":"pa_batterieart-lithium-ionen","11":"pa_batterien-1-aaa-batterien-erforderlich-enthalten","12":"pa_brand-marke-bosch-home-and-garden","13":"pa_durchschnittliche-kundenbewer-42-von-5-sternen-2-853-sternebewertungen-42-von-5-sternen","14":"pa_farbe-schwarz-gruen-rot","15":"pa_hersteller-bosch","16":"pa_im-angebot-von-amazon-de-seit-20-april-2017","17":"pa_lieferumfang-easycut-12koffernanoblade-wood-speed-65schutzkappeakkuladerhandschlaufe","18":"pa_masseinheitensystem-metric","19":"pa_modellnummer-06033c9000","20":"pa_produktabmessungen-38-6-x-9-9-x-29-1-cm-900-gramm","21":"pa_stil-set-1-akku","22":"pa_stueckzahl-96","23":"pa_volt-12-volt","24":"pa_zusammenbau-noetig-ja","25":"pa_zusammenbau-noetig-nein","28":"first","29":"instock","30":"shipping-taxable","31":"purchasable","32":"product-type-simple"},"_links":{"self":[{"href":"https:\/\/www.gartenvip.de\/index.php?rest_route=\/wp\/v2\/product\/14493","targetHints":{"allow":["GET"]}}],"collection":[{"href":"https:\/\/www.gartenvip.de\/index.php?rest_route=\/wp\/v2\/product"}],"about":[{"href":"https:\/\/www.gartenvip.de\/index.php?rest_route=\/wp\/v2\/types\/product"}],"replies":[{"embeddable":true,"href":"https:\/\/www.gartenvip.de\/index.php?rest_route=%2Fwp%2Fv2%2Fcomments&post=14493"}],"wp:featuredmedia":[{"embeddable":true,"href":"https:\/\/www.gartenvip.de\/index.php?rest_route=\/wp\/v2\/media\/14494"}],"wp:attachment":[{"href":"https:\/\/www.gartenvip.de\/index.php?rest_route=%2Fwp%2Fv2%2Fmedia&parent=14493"}],"wp:term":[{"taxonomy":"product_brand","embeddable":true,"href":"https:\/\/www.gartenvip.de\/index.php?rest_route=%2Fwp%2Fv2%2Fproduct_brand&post=14493"},{"taxonomy":"product_cat","embeddable":true,"href":"https:\/\/www.gartenvip.de\/index.php?rest_route=%2Fwp%2Fv2%2Fproduct_cat&post=14493"},{"taxonomy":"product_tag","embeddable":true,"href":"https:\/\/www.gartenvip.de\/index.php?rest_route=%2Fwp%2Fv2%2Fproduct_tag&post=14493"}],"curies":[{"name":"wp","href":"https:\/\/api.w.org\/{rel}","templated":true}]}}