{"id":14638,"date":"2021-06-21T13:46:17","date_gmt":"2021-06-21T13:46:17","guid":{"rendered":"https:\/\/www.gartenvip.de\/?product=arttec-design-eichhoernchen-gross-rost"},"modified":"2024-01-03T18:05:03","modified_gmt":"2024-01-03T17:05:03","slug":"arttec-design-eichhoernchen-gross-rost","status":"publish","type":"product","link":"https:\/\/www.gartenvip.de\/?product=arttec-design-eichhoernchen-gross-rost","title":{"rendered":"ARTTEC Design Eichh\u00f6rnchen (gro\u00df, Rost)"},"content":{"rendered":"\n\t\t<div id='gallery-1' class='gallery galleryid-14638 gallery-columns-3 gallery-size-full'><dl class='gallery-item'>\r\n<dt class='gallery-icon landscape'>\r\n<a rel='gallery-nr'><img loading=\"lazy\" decoding=\"async\" width=\"500\" height=\"500\" src=\"https:\/\/images-na.ssl-images-amazon.com\/images\/I\/41GsQUPjaIL.jpg\" class=\"attachment-full size-full\" alt=\"\" srcset=\"https:\/\/images-na.ssl-images-amazon.com\/images\/I\/41GsQUPjaIL.jpg 500w, https:\/\/images-na.ssl-images-amazon.com\/images\/I\/41GsQUPjaIL._SS150_.jpg 150w, https:\/\/images-na.ssl-images-amazon.com\/images\/I\/41GsQUPjaIL._SS300_.jpg 300w, https:\/\/images-na.ssl-images-amazon.com\/images\/I\/41GsQUPjaIL._SS768_.jpg 768w, https:\/\/images-na.ssl-images-amazon.com\/images\/I\/41GsQUPjaIL._SS1024_.jpg 1024w, https:\/\/images-na.ssl-images-amazon.com\/images\/I\/41GsQUPjaIL._SS1536_.jpg 1536w, https:\/\/images-na.ssl-images-amazon.com\/images\/I\/41GsQUPjaIL._SS2048_.jpg 2048w, https:\/\/images-na.ssl-images-amazon.com\/images\/I\/41GsQUPjaIL._SS145_.jpg 145w, https:\/\/images-na.ssl-images-amazon.com\/images\/I\/41GsQUPjaIL._SS1200_.jpg 1200w, https:\/\/images-na.ssl-images-amazon.com\/images\/I\/41GsQUPjaIL._SS50_.jpg 50w, https:\/\/images-na.ssl-images-amazon.com\/images\/I\/41GsQUPjaIL._SS604_.jpg 604w, https:\/\/images-na.ssl-images-amazon.com\/images\/I\/41GsQUPjaIL._SS281_.jpg 281w, https:\/\/images-na.ssl-images-amazon.com\/images\/I\/41GsQUPjaIL._SS799_.jpg 799w, https:\/\/images-na.ssl-images-amazon.com\/images\/I\/41GsQUPjaIL._SS250_.jpg 250w, https:\/\/images-na.ssl-images-amazon.com\/images\/I\/41GsQUPjaIL._SS450_.jpg 450w, https:\/\/images-na.ssl-images-amazon.com\/images\/I\/41GsQUPjaIL._SS220_.jpg 220w\" sizes=\"auto, (max-width: 500px) 100vw, 500px\" \/><\/a>\r\n<\/dt>\r\n<dd class='wp-caption-text gallery-caption'>\r\n<div class='gallery-caption-inner'> <div class='wp-caption-text gallery-title'>\r\n\tARTTEC-Design-Eichhoernchen-gross-Rost\r\n\t<\/div><div class='wp-caption-text gallery-zoom no-text'>\r\n\t <a href=https:\/\/www.gartenvip.de\/?attachment_id=14639 title='Click to view Full Image' class='icon mustang-gallery'><i class='fa fa-plus'><\/i><\/a>\r\n\t<\/div><div class='wp-caption-text gallery-redirect'>\r\n\t <a href=https:\/\/www.gartenvip.de\/?attachment_id=14639 title='Click to view read more' class='icon readmore'><i class='fa fa-link'><\/i><\/a>\r\n\t<\/div><\/div><\/dd><\/dl><dl class='gallery-item'>\r\n<dt class='gallery-icon landscape'>\r\n<a rel='gallery-nr'><img loading=\"lazy\" decoding=\"async\" width=\"500\" height=\"500\" src=\"https:\/\/images-na.ssl-images-amazon.com\/images\/I\/41gFPDo8VVL.jpg\" class=\"attachment-full size-full\" alt=\"\" srcset=\"https:\/\/images-na.ssl-images-amazon.com\/images\/I\/41gFPDo8VVL.jpg 500w, https:\/\/images-na.ssl-images-amazon.com\/images\/I\/41gFPDo8VVL._SS150_.jpg 150w, https:\/\/images-na.ssl-images-amazon.com\/images\/I\/41gFPDo8VVL._SS300_.jpg 300w, https:\/\/images-na.ssl-images-amazon.com\/images\/I\/41gFPDo8VVL._SS768_.jpg 768w, https:\/\/images-na.ssl-images-amazon.com\/images\/I\/41gFPDo8VVL._SS1024_.jpg 1024w, https:\/\/images-na.ssl-images-amazon.com\/images\/I\/41gFPDo8VVL._SS1536_.jpg 1536w, https:\/\/images-na.ssl-images-amazon.com\/images\/I\/41gFPDo8VVL._SS2048_.jpg 2048w, https:\/\/images-na.ssl-images-amazon.com\/images\/I\/41gFPDo8VVL._SS145_.jpg 145w, https:\/\/images-na.ssl-images-amazon.com\/images\/I\/41gFPDo8VVL._SS1200_.jpg 1200w, https:\/\/images-na.ssl-images-amazon.com\/images\/I\/41gFPDo8VVL._SS50_.jpg 50w, https:\/\/images-na.ssl-images-amazon.com\/images\/I\/41gFPDo8VVL._SS604_.jpg 604w, https:\/\/images-na.ssl-images-amazon.com\/images\/I\/41gFPDo8VVL._SS281_.jpg 281w, https:\/\/images-na.ssl-images-amazon.com\/images\/I\/41gFPDo8VVL._SS799_.jpg 799w, https:\/\/images-na.ssl-images-amazon.com\/images\/I\/41gFPDo8VVL._SS250_.jpg 250w, https:\/\/images-na.ssl-images-amazon.com\/images\/I\/41gFPDo8VVL._SS450_.jpg 450w, https:\/\/images-na.ssl-images-amazon.com\/images\/I\/41gFPDo8VVL._SS220_.jpg 220w\" sizes=\"auto, (max-width: 500px) 100vw, 500px\" \/><\/a>\r\n<\/dt>\r\n<dd class='wp-caption-text gallery-caption'>\r\n<div class='gallery-caption-inner'> <div class='wp-caption-text gallery-title'>\r\n\tARTTEC-Design-Eichhoernchen-gross-Rost\r\n\t<\/div><div class='wp-caption-text gallery-zoom no-text'>\r\n\t <a href=https:\/\/www.gartenvip.de\/?attachment_id=14640 title='Click to view Full Image' class='icon mustang-gallery'><i class='fa fa-plus'><\/i><\/a>\r\n\t<\/div><div class='wp-caption-text gallery-redirect'>\r\n\t <a href=https:\/\/www.gartenvip.de\/?attachment_id=14640 title='Click to view read more' class='icon readmore'><i class='fa fa-link'><\/i><\/a>\r\n\t<\/div><\/div><\/dd><\/dl><dl class='gallery-item'>\r\n<dt class='gallery-icon landscape'>\r\n<a rel='gallery-nr'><img loading=\"lazy\" decoding=\"async\" width=\"500\" height=\"500\" src=\"https:\/\/images-na.ssl-images-amazon.com\/images\/I\/41C8I4PkWPL.jpg\" class=\"attachment-full size-full\" alt=\"\" srcset=\"https:\/\/images-na.ssl-images-amazon.com\/images\/I\/41C8I4PkWPL.jpg 500w, https:\/\/images-na.ssl-images-amazon.com\/images\/I\/41C8I4PkWPL._SS150_.jpg 150w, https:\/\/images-na.ssl-images-amazon.com\/images\/I\/41C8I4PkWPL._SS300_.jpg 300w, https:\/\/images-na.ssl-images-amazon.com\/images\/I\/41C8I4PkWPL._SS768_.jpg 768w, https:\/\/images-na.ssl-images-amazon.com\/images\/I\/41C8I4PkWPL._SS1024_.jpg 1024w, https:\/\/images-na.ssl-images-amazon.com\/images\/I\/41C8I4PkWPL._SS1536_.jpg 1536w, https:\/\/images-na.ssl-images-amazon.com\/images\/I\/41C8I4PkWPL._SS2048_.jpg 2048w, https:\/\/images-na.ssl-images-amazon.com\/images\/I\/41C8I4PkWPL._SS145_.jpg 145w, https:\/\/images-na.ssl-images-amazon.com\/images\/I\/41C8I4PkWPL._SS1200_.jpg 1200w, https:\/\/images-na.ssl-images-amazon.com\/images\/I\/41C8I4PkWPL._SS50_.jpg 50w, https:\/\/images-na.ssl-images-amazon.com\/images\/I\/41C8I4PkWPL._SS604_.jpg 604w, https:\/\/images-na.ssl-images-amazon.com\/images\/I\/41C8I4PkWPL._SS281_.jpg 281w, https:\/\/images-na.ssl-images-amazon.com\/images\/I\/41C8I4PkWPL._SS799_.jpg 799w, https:\/\/images-na.ssl-images-amazon.com\/images\/I\/41C8I4PkWPL._SS250_.jpg 250w, https:\/\/images-na.ssl-images-amazon.com\/images\/I\/41C8I4PkWPL._SS450_.jpg 450w, https:\/\/images-na.ssl-images-amazon.com\/images\/I\/41C8I4PkWPL._SS220_.jpg 220w\" sizes=\"auto, (max-width: 500px) 100vw, 500px\" \/><\/a>\r\n<\/dt>\r\n<dd class='wp-caption-text gallery-caption'>\r\n<div class='gallery-caption-inner'> <div class='wp-caption-text gallery-title'>\r\n\tARTTEC-Design-Eichhoernchen-gross-Rost\r\n\t<\/div><div class='wp-caption-text gallery-zoom no-text'>\r\n\t <a href=https:\/\/www.gartenvip.de\/?attachment_id=14641 title='Click to view Full Image' class='icon mustang-gallery'><i class='fa fa-plus'><\/i><\/a>\r\n\t<\/div><div class='wp-caption-text gallery-redirect'>\r\n\t <a href=https:\/\/www.gartenvip.de\/?attachment_id=14641 title='Click to view read more' class='icon readmore'><i class='fa fa-link'><\/i><\/a>\r\n\t<\/div><\/div><\/dd><\/dl>\r\n<\/div>\n\n<div class=\"disclaim\"> Gr\u00f6\u00dfe:<strong>gro\u00df<\/strong> | Farbe:<strong>Edelrost<\/strong> <\/div>\n<p> <!-- show up to 2 reviews by default --> <\/p>\n<p>!!! Die Lieferung erfolgt OHNE HOLZ \/ DEKO !!! <\/p>\n<p>!!! Die Lieferung erfolgt OHNE HOLZ \/ DEKO !!!<br \/>\nWitterungsbest\u00e4ndig durch Naturrost<br \/>\nTolle Gartendeko f\u00fcr das ganze Jahr<br \/>\nB 32 x H 23 cm<br \/>\n<div class=\"main-cross-sell\" data-asin=\"B01BSS3CCU\">\n\n\t<div class=\"WooZone-cross-sell-loader\">\n\t\t<div>\n\t\t\t<div id=\"floatingBarsG\">\n\t\t\t\t<div class=\"blockG\" id=\"rotateG_01\"><\/div>\n\t\t\t\t<div class=\"blockG\" id=\"rotateG_02\"><\/div>\n\t\t\t\t<div class=\"blockG\" id=\"rotateG_03\"><\/div>\n\t\t\t\t<div class=\"blockG\" id=\"rotateG_04\"><\/div>\n\t\t\t\t<div class=\"blockG\" id=\"rotateG_05\"><\/div>\n\t\t\t\t<div class=\"blockG\" id=\"rotateG_06\"><\/div>\n\t\t\t\t<div class=\"blockG\" id=\"rotateG_07\"><\/div>\n\t\t\t\t<div class=\"blockG\" id=\"rotateG_08\"><\/div>\n\t\t\t<\/div>\n\t\t\t<div class=\"WooZone-cross-sell-loader-text\"><\/div>\n\t\t<\/div>\n\t<\/div>\n\n\t\t\n<\/div>\n<div style=\"clear:both;\"><\/div>\n","protected":false},"excerpt":{"rendered":"<p>!!! Die Lieferung erfolgt OHNE HOLZ \/ DEKO !!!<br \/>\nWitterungsbest\u00e4ndig durch Naturrost<br \/>\nTolle Gartendeko f\u00fcr das ganze Jahr<\/p>\n","protected":false},"featured_media":14639,"comment_status":"open","ping_status":"closed","template":"","meta":[],"product_brand":[],"product_cat":[320],"product_tag":[],"class_list":{"0":"post-14638","1":"product","2":"type-product","3":"status-publish","4":"has-post-thumbnail","6":"product_cat-gartendeko","7":"pa_amazon-bestseller-rang-nr-9653-in-garten-siehe-top-100-in-garten-nr-18-in-gartenfiguren","8":"pa_auslaufartikel-produktion-dur-nein","9":"pa_brand-marke-arttec-design","10":"pa_durchschnittliche-kundenbewer-48-von-5-sternen-484-sternebewertungen-48-von-5-sternen","11":"pa_hersteller-arttec-design","12":"pa_im-angebot-von-amazon-de-seit-11-februar-2016","13":"pa_schirmmaterial-metall","14":"pa_teilenummer-16fe24","17":"first","18":"instock","19":"shipping-taxable","20":"purchasable","21":"product-type-simple"},"_links":{"self":[{"href":"https:\/\/www.gartenvip.de\/index.php?rest_route=\/wp\/v2\/product\/14638","targetHints":{"allow":["GET"]}}],"collection":[{"href":"https:\/\/www.gartenvip.de\/index.php?rest_route=\/wp\/v2\/product"}],"about":[{"href":"https:\/\/www.gartenvip.de\/index.php?rest_route=\/wp\/v2\/types\/product"}],"replies":[{"embeddable":true,"href":"https:\/\/www.gartenvip.de\/index.php?rest_route=%2Fwp%2Fv2%2Fcomments&post=14638"}],"wp:featuredmedia":[{"embeddable":true,"href":"https:\/\/www.gartenvip.de\/index.php?rest_route=\/wp\/v2\/media\/14639"}],"wp:attachment":[{"href":"https:\/\/www.gartenvip.de\/index.php?rest_route=%2Fwp%2Fv2%2Fmedia&parent=14638"}],"wp:term":[{"taxonomy":"product_brand","embeddable":true,"href":"https:\/\/www.gartenvip.de\/index.php?rest_route=%2Fwp%2Fv2%2Fproduct_brand&post=14638"},{"taxonomy":"product_cat","embeddable":true,"href":"https:\/\/www.gartenvip.de\/index.php?rest_route=%2Fwp%2Fv2%2Fproduct_cat&post=14638"},{"taxonomy":"product_tag","embeddable":true,"href":"https:\/\/www.gartenvip.de\/index.php?rest_route=%2Fwp%2Fv2%2Fproduct_tag&post=14638"}],"curies":[{"name":"wp","href":"https:\/\/api.w.org\/{rel}","templated":true}]}}