{"id":14652,"date":"2021-06-21T13:46:23","date_gmt":"2021-06-21T13:46:23","guid":{"rendered":"https:\/\/www.gartenvip.de\/?product=gartendekoparadies-de-massive-steinfigur-katze-raumdeko-gartendeko-aus-steinguss-frostfest"},"modified":"2024-01-03T18:05:04","modified_gmt":"2024-01-03T17:05:04","slug":"gartendekoparadies-de-massive-steinfigur-katze-raumdeko-gartendeko-aus-steinguss-frostfest","status":"publish","type":"product","link":"https:\/\/www.gartenvip.de\/?product=gartendekoparadies-de-massive-steinfigur-katze-raumdeko-gartendeko-aus-steinguss-frostfest","title":{"rendered":"gartendekoparadies.de Massive Steinfigur Katze, H\u00f6he 11 cm, 28 x 22 cm, 7 kg, aus Steinguss frostsicher f\u00fcr Innen- und Au\u00dfenbereich (Grau)"},"content":{"rendered":"<div id='gallery-1' class='gallery galleryid-14652 gallery-columns-3 gallery-size-full'><dl class='gallery-item'>\r\n<dt class='gallery-icon landscape'>\r\n<a rel='gallery-nr'><img loading=\"lazy\" decoding=\"async\" width=\"500\" height=\"500\" src=\"https:\/\/images-na.ssl-images-amazon.com\/images\/I\/419ddYTKY1L.jpg\" class=\"attachment-full size-full\" alt=\"\" srcset=\"https:\/\/images-na.ssl-images-amazon.com\/images\/I\/419ddYTKY1L.jpg 500w, https:\/\/images-na.ssl-images-amazon.com\/images\/I\/419ddYTKY1L._SS150_.jpg 150w, https:\/\/images-na.ssl-images-amazon.com\/images\/I\/419ddYTKY1L._SS300_.jpg 300w, https:\/\/images-na.ssl-images-amazon.com\/images\/I\/419ddYTKY1L._SS768_.jpg 768w, https:\/\/images-na.ssl-images-amazon.com\/images\/I\/419ddYTKY1L._SS1024_.jpg 1024w, https:\/\/images-na.ssl-images-amazon.com\/images\/I\/419ddYTKY1L._SS1536_.jpg 1536w, https:\/\/images-na.ssl-images-amazon.com\/images\/I\/419ddYTKY1L._SS2048_.jpg 2048w, https:\/\/images-na.ssl-images-amazon.com\/images\/I\/419ddYTKY1L._SS145_.jpg 145w, https:\/\/images-na.ssl-images-amazon.com\/images\/I\/419ddYTKY1L._SS1200_.jpg 1200w, https:\/\/images-na.ssl-images-amazon.com\/images\/I\/419ddYTKY1L._SS50_.jpg 50w, https:\/\/images-na.ssl-images-amazon.com\/images\/I\/419ddYTKY1L._SS604_.jpg 604w, https:\/\/images-na.ssl-images-amazon.com\/images\/I\/419ddYTKY1L._SS281_.jpg 281w, https:\/\/images-na.ssl-images-amazon.com\/images\/I\/419ddYTKY1L._SS799_.jpg 799w, https:\/\/images-na.ssl-images-amazon.com\/images\/I\/419ddYTKY1L._SS250_.jpg 250w, https:\/\/images-na.ssl-images-amazon.com\/images\/I\/419ddYTKY1L._SS450_.jpg 450w, https:\/\/images-na.ssl-images-amazon.com\/images\/I\/419ddYTKY1L._SS220_.jpg 220w\" sizes=\"auto, (max-width: 500px) 100vw, 500px\" \/><\/a>\r\n<\/dt>\r\n<dd class='wp-caption-text gallery-caption'>\r\n<div class='gallery-caption-inner'> <div class='wp-caption-text gallery-title'>\r\n\tgartendekoparadiesde-Massive-Steinfigur-Katze-Raumdeko-Gartendeko-aus-Steinguss-frostfest\r\n\t<\/div><div class='wp-caption-text gallery-zoom no-text'>\r\n\t <a href=https:\/\/www.gartenvip.de\/?attachment_id=14653 title='Click to view Full Image' class='icon mustang-gallery'><i class='fa fa-plus'><\/i><\/a>\r\n\t<\/div><div class='wp-caption-text gallery-redirect'>\r\n\t <a href=https:\/\/www.gartenvip.de\/?attachment_id=14653 title='Click to view read more' class='icon readmore'><i class='fa fa-link'><\/i><\/a>\r\n\t<\/div><\/div><\/dd><\/dl><dl class='gallery-item'>\r\n<dt class='gallery-icon landscape'>\r\n<a rel='gallery-nr'><img loading=\"lazy\" decoding=\"async\" width=\"500\" height=\"500\" src=\"https:\/\/images-na.ssl-images-amazon.com\/images\/I\/61iuZRQlt2L.jpg\" class=\"attachment-full size-full\" alt=\"\" srcset=\"https:\/\/images-na.ssl-images-amazon.com\/images\/I\/61iuZRQlt2L.jpg 500w, https:\/\/images-na.ssl-images-amazon.com\/images\/I\/61iuZRQlt2L._SS150_.jpg 150w, https:\/\/images-na.ssl-images-amazon.com\/images\/I\/61iuZRQlt2L._SS300_.jpg 300w, https:\/\/images-na.ssl-images-amazon.com\/images\/I\/61iuZRQlt2L._SS768_.jpg 768w, https:\/\/images-na.ssl-images-amazon.com\/images\/I\/61iuZRQlt2L._SS1024_.jpg 1024w, https:\/\/images-na.ssl-images-amazon.com\/images\/I\/61iuZRQlt2L._SS1536_.jpg 1536w, https:\/\/images-na.ssl-images-amazon.com\/images\/I\/61iuZRQlt2L._SS2048_.jpg 2048w, https:\/\/images-na.ssl-images-amazon.com\/images\/I\/61iuZRQlt2L._SS145_.jpg 145w, https:\/\/images-na.ssl-images-amazon.com\/images\/I\/61iuZRQlt2L._SS1200_.jpg 1200w, https:\/\/images-na.ssl-images-amazon.com\/images\/I\/61iuZRQlt2L._SS50_.jpg 50w, https:\/\/images-na.ssl-images-amazon.com\/images\/I\/61iuZRQlt2L._SS604_.jpg 604w, https:\/\/images-na.ssl-images-amazon.com\/images\/I\/61iuZRQlt2L._SS281_.jpg 281w, https:\/\/images-na.ssl-images-amazon.com\/images\/I\/61iuZRQlt2L._SS799_.jpg 799w, https:\/\/images-na.ssl-images-amazon.com\/images\/I\/61iuZRQlt2L._SS250_.jpg 250w, https:\/\/images-na.ssl-images-amazon.com\/images\/I\/61iuZRQlt2L._SS450_.jpg 450w, https:\/\/images-na.ssl-images-amazon.com\/images\/I\/61iuZRQlt2L._SS220_.jpg 220w\" sizes=\"auto, (max-width: 500px) 100vw, 500px\" \/><\/a>\r\n<\/dt>\r\n<dd class='wp-caption-text gallery-caption'>\r\n<div class='gallery-caption-inner'> <div class='wp-caption-text gallery-title'>\r\n\tgartendekoparadiesde-Massive-Steinfigur-Katze-Raumdeko-Gartendeko-aus-Steinguss-frostfest\r\n\t<\/div><div class='wp-caption-text gallery-zoom no-text'>\r\n\t <a href=https:\/\/www.gartenvip.de\/?attachment_id=14654 title='Click to view Full Image' class='icon mustang-gallery'><i class='fa fa-plus'><\/i><\/a>\r\n\t<\/div><div class='wp-caption-text gallery-redirect'>\r\n\t <a href=https:\/\/www.gartenvip.de\/?attachment_id=14654 title='Click to view read more' class='icon readmore'><i class='fa fa-link'><\/i><\/a>\r\n\t<\/div><\/div><\/dd><\/dl><dl class='gallery-item'>\r\n<dt class='gallery-icon landscape'>\r\n<a rel='gallery-nr'><img loading=\"lazy\" decoding=\"async\" width=\"500\" height=\"500\" src=\"https:\/\/images-na.ssl-images-amazon.com\/images\/I\/61QokQEt3zL.jpg\" class=\"attachment-full size-full\" alt=\"\" srcset=\"https:\/\/images-na.ssl-images-amazon.com\/images\/I\/61QokQEt3zL.jpg 500w, https:\/\/images-na.ssl-images-amazon.com\/images\/I\/61QokQEt3zL._SS150_.jpg 150w, https:\/\/images-na.ssl-images-amazon.com\/images\/I\/61QokQEt3zL._SS300_.jpg 300w, https:\/\/images-na.ssl-images-amazon.com\/images\/I\/61QokQEt3zL._SS768_.jpg 768w, https:\/\/images-na.ssl-images-amazon.com\/images\/I\/61QokQEt3zL._SS1024_.jpg 1024w, https:\/\/images-na.ssl-images-amazon.com\/images\/I\/61QokQEt3zL._SS1536_.jpg 1536w, https:\/\/images-na.ssl-images-amazon.com\/images\/I\/61QokQEt3zL._SS2048_.jpg 2048w, https:\/\/images-na.ssl-images-amazon.com\/images\/I\/61QokQEt3zL._SS145_.jpg 145w, https:\/\/images-na.ssl-images-amazon.com\/images\/I\/61QokQEt3zL._SS1200_.jpg 1200w, https:\/\/images-na.ssl-images-amazon.com\/images\/I\/61QokQEt3zL._SS50_.jpg 50w, https:\/\/images-na.ssl-images-amazon.com\/images\/I\/61QokQEt3zL._SS604_.jpg 604w, https:\/\/images-na.ssl-images-amazon.com\/images\/I\/61QokQEt3zL._SS281_.jpg 281w, https:\/\/images-na.ssl-images-amazon.com\/images\/I\/61QokQEt3zL._SS799_.jpg 799w, https:\/\/images-na.ssl-images-amazon.com\/images\/I\/61QokQEt3zL._SS250_.jpg 250w, https:\/\/images-na.ssl-images-amazon.com\/images\/I\/61QokQEt3zL._SS450_.jpg 450w, https:\/\/images-na.ssl-images-amazon.com\/images\/I\/61QokQEt3zL._SS220_.jpg 220w\" sizes=\"auto, (max-width: 500px) 100vw, 500px\" \/><\/a>\r\n<\/dt>\r\n<dd class='wp-caption-text gallery-caption'>\r\n<div class='gallery-caption-inner'> <div class='wp-caption-text gallery-title'>\r\n\tgartendekoparadiesde-Massive-Steinfigur-Katze-Raumdeko-Gartendeko-aus-Steinguss-frostfest\r\n\t<\/div><div class='wp-caption-text gallery-zoom no-text'>\r\n\t <a href=https:\/\/www.gartenvip.de\/?attachment_id=14655 title='Click to view Full Image' class='icon mustang-gallery'><i class='fa fa-plus'><\/i><\/a>\r\n\t<\/div><div class='wp-caption-text gallery-redirect'>\r\n\t <a href=https:\/\/www.gartenvip.de\/?attachment_id=14655 title='Click to view read more' class='icon readmore'><i class='fa fa-link'><\/i><\/a>\r\n\t<\/div><\/div><\/dd><\/dl>\r\n<\/div>\n<br \/>\nGr\u00f6\u00dfe: 11 cm, Ma\u00dfe: 28 x 22 cm, Farbe: Grau, Gewicht: 7 kg, Werkstoff: Wei\u00dfbeton \/ Steinguss.<br \/>\nAlle Elemente werden aus hochklassigen, gegen s\u00e4mtliche Witterungsbedingungen (Frost, Regen, Sonne) best\u00e4ndigem Beton hergestellt. Frost- und wetterfest bis -30\u00b0C<br \/>\nDie Figuren, Statuen und Pflanzgef\u00e4\u00dfe eignen sich perfekt f\u00fcr die Dekoration Ihres Gartens \/ Aussenbereich, Ihrer Wohnung oder als Geschenk.<br \/>\ngartendekoparadies.de Markenqualit\u00e4t mit sehr hoher Kundenzufriedenheit.<br \/>\nAlle Elemente werden in aufwendiger Handarbeit hergestellt. Abweichungen in der Oberfl\u00e4chenstruktur und Farbgebung (Patina) sind daher m\u00f6glich.<br \/>\n<div class=\"main-cross-sell\" data-asin=\"B06XHVNMH8\">\n\n\t<div class=\"WooZone-cross-sell-loader\">\n\t\t<div>\n\t\t\t<div id=\"floatingBarsG\">\n\t\t\t\t<div class=\"blockG\" id=\"rotateG_01\"><\/div>\n\t\t\t\t<div class=\"blockG\" id=\"rotateG_02\"><\/div>\n\t\t\t\t<div class=\"blockG\" id=\"rotateG_03\"><\/div>\n\t\t\t\t<div class=\"blockG\" id=\"rotateG_04\"><\/div>\n\t\t\t\t<div class=\"blockG\" id=\"rotateG_05\"><\/div>\n\t\t\t\t<div class=\"blockG\" id=\"rotateG_06\"><\/div>\n\t\t\t\t<div class=\"blockG\" id=\"rotateG_07\"><\/div>\n\t\t\t\t<div class=\"blockG\" id=\"rotateG_08\"><\/div>\n\t\t\t<\/div>\n\t\t\t<div class=\"WooZone-cross-sell-loader-text\"><\/div>\n\t\t<\/div>\n\t<\/div>\n\n\t\t\n<\/div>\n<div style=\"clear:both;\"><\/div>\n","protected":false},"excerpt":{"rendered":"<p>Gr\u00f6\u00dfe: 11 cm, Ma\u00dfe: 28 x 22 cm, Farbe: Grau, Gewicht: 7 kg, Werkstoff: Wei\u00dfbeton \/ Steinguss.<br \/>\nAlle Elemente werden aus hochklassigen, gegen s\u00e4mtliche Witterungsbedingungen (Frost, Regen, Sonne) best\u00e4ndigem Beton hergestellt. Frost- und wetterfest bis -30\u00b0C<br \/>\nDie Figuren, Statuen und Pflanzgef\u00e4\u00dfe eignen sich perfekt f\u00fcr die Dekoration Ihres Gartens \/ Aussenbereich, Ihrer Wohnung oder als Geschenk.<\/p>\n","protected":false},"featured_media":14653,"comment_status":"open","ping_status":"closed","template":"","meta":[],"product_brand":[],"product_cat":[320],"product_tag":[],"class_list":{"0":"post-14652","1":"product","2":"type-product","3":"status-publish","4":"has-post-thumbnail","6":"product_cat-gartendeko","7":"pa_amazon-bestseller-rang-nr-74905-in-garten-siehe-top-100-in-garten-nr-376-in-tierfiguren-tierstatuen","8":"pa_auslaufartikel-produktion-dur-nein","9":"pa_brand-besuchen-sie-den-gartendekoparadies-de-store","10":"pa_durchschnittliche-kundenbewer-47-von-5-sternen-32-sternebewertungen-47-von-5-sternen","11":"pa_hersteller-gartendekoparadies-de","12":"pa_im-angebot-von-amazon-de-seit-8-maerz-2017","13":"pa_materialart-steinguss-beton","14":"pa_produktabmessungen-27-5-x-20-x-9-cm-7-kilogramm","15":"pa_teilenummer-st103107","18":"first","19":"instock","20":"shipping-taxable","21":"purchasable","22":"product-type-simple"},"_links":{"self":[{"href":"https:\/\/www.gartenvip.de\/index.php?rest_route=\/wp\/v2\/product\/14652","targetHints":{"allow":["GET"]}}],"collection":[{"href":"https:\/\/www.gartenvip.de\/index.php?rest_route=\/wp\/v2\/product"}],"about":[{"href":"https:\/\/www.gartenvip.de\/index.php?rest_route=\/wp\/v2\/types\/product"}],"replies":[{"embeddable":true,"href":"https:\/\/www.gartenvip.de\/index.php?rest_route=%2Fwp%2Fv2%2Fcomments&post=14652"}],"wp:featuredmedia":[{"embeddable":true,"href":"https:\/\/www.gartenvip.de\/index.php?rest_route=\/wp\/v2\/media\/14653"}],"wp:attachment":[{"href":"https:\/\/www.gartenvip.de\/index.php?rest_route=%2Fwp%2Fv2%2Fmedia&parent=14652"}],"wp:term":[{"taxonomy":"product_brand","embeddable":true,"href":"https:\/\/www.gartenvip.de\/index.php?rest_route=%2Fwp%2Fv2%2Fproduct_brand&post=14652"},{"taxonomy":"product_cat","embeddable":true,"href":"https:\/\/www.gartenvip.de\/index.php?rest_route=%2Fwp%2Fv2%2Fproduct_cat&post=14652"},{"taxonomy":"product_tag","embeddable":true,"href":"https:\/\/www.gartenvip.de\/index.php?rest_route=%2Fwp%2Fv2%2Fproduct_tag&post=14652"}],"curies":[{"name":"wp","href":"https:\/\/api.w.org\/{rel}","templated":true}]}}