{"id":14668,"date":"2021-06-21T13:46:31","date_gmt":"2021-06-21T13:46:31","guid":{"rendered":"https:\/\/www.gartenvip.de\/?product=gartendekoparadies-de-massive-steinfigur-schmaler-moench-buddha-aus-steinguss-frostfest-grau"},"modified":"2024-01-03T18:05:04","modified_gmt":"2024-01-03T17:05:04","slug":"gartendekoparadies-de-massive-steinfigur-schmaler-moench-buddha-aus-steinguss-frostfest-grau","status":"publish","type":"product","link":"https:\/\/www.gartenvip.de\/?product=gartendekoparadies-de-massive-steinfigur-schmaler-moench-buddha-aus-steinguss-frostfest-grau","title":{"rendered":"gartendekoparadies.de Massive Steinfigur schmaler M\u00f6nch Buddha aus Steinguss frostsicher (Grau)"},"content":{"rendered":"\n\t\t<div id='gallery-1' class='gallery galleryid-14668 gallery-columns-3 gallery-size-full'><dl class='gallery-item'>\r\n<dt class='gallery-icon landscape'>\r\n<a rel='gallery-nr'><img loading=\"lazy\" decoding=\"async\" width=\"500\" height=\"500\" src=\"https:\/\/images-na.ssl-images-amazon.com\/images\/I\/314a6VtYxWL.jpg\" class=\"attachment-full size-full\" alt=\"\" srcset=\"https:\/\/images-na.ssl-images-amazon.com\/images\/I\/314a6VtYxWL.jpg 500w, https:\/\/images-na.ssl-images-amazon.com\/images\/I\/314a6VtYxWL._SS150_.jpg 150w, https:\/\/images-na.ssl-images-amazon.com\/images\/I\/314a6VtYxWL._SS300_.jpg 300w, https:\/\/images-na.ssl-images-amazon.com\/images\/I\/314a6VtYxWL._SS768_.jpg 768w, https:\/\/images-na.ssl-images-amazon.com\/images\/I\/314a6VtYxWL._SS1024_.jpg 1024w, https:\/\/images-na.ssl-images-amazon.com\/images\/I\/314a6VtYxWL._SS1536_.jpg 1536w, https:\/\/images-na.ssl-images-amazon.com\/images\/I\/314a6VtYxWL._SS2048_.jpg 2048w, https:\/\/images-na.ssl-images-amazon.com\/images\/I\/314a6VtYxWL._SS145_.jpg 145w, https:\/\/images-na.ssl-images-amazon.com\/images\/I\/314a6VtYxWL._SS1200_.jpg 1200w, https:\/\/images-na.ssl-images-amazon.com\/images\/I\/314a6VtYxWL._SS50_.jpg 50w, https:\/\/images-na.ssl-images-amazon.com\/images\/I\/314a6VtYxWL._SS604_.jpg 604w, https:\/\/images-na.ssl-images-amazon.com\/images\/I\/314a6VtYxWL._SS281_.jpg 281w, https:\/\/images-na.ssl-images-amazon.com\/images\/I\/314a6VtYxWL._SS799_.jpg 799w, https:\/\/images-na.ssl-images-amazon.com\/images\/I\/314a6VtYxWL._SS250_.jpg 250w, https:\/\/images-na.ssl-images-amazon.com\/images\/I\/314a6VtYxWL._SS450_.jpg 450w, https:\/\/images-na.ssl-images-amazon.com\/images\/I\/314a6VtYxWL._SS220_.jpg 220w\" sizes=\"auto, (max-width: 500px) 100vw, 500px\" \/><\/a>\r\n<\/dt>\r\n<dd class='wp-caption-text gallery-caption'>\r\n<div class='gallery-caption-inner'> <div class='wp-caption-text gallery-title'>\r\n\tgartendekoparadiesde-Massive-Steinfigur-schmaler-Moench-Buddha-aus-Steinguss-frostfest-Grau\r\n\t<\/div><div class='wp-caption-text gallery-zoom no-text'>\r\n\t <a href=https:\/\/www.gartenvip.de\/?attachment_id=14669 title='Click to view Full Image' class='icon mustang-gallery'><i class='fa fa-plus'><\/i><\/a>\r\n\t<\/div><div class='wp-caption-text gallery-redirect'>\r\n\t <a href=https:\/\/www.gartenvip.de\/?attachment_id=14669 title='Click to view read more' class='icon readmore'><i class='fa fa-link'><\/i><\/a>\r\n\t<\/div><\/div><\/dd><\/dl><dl class='gallery-item'>\r\n<dt class='gallery-icon landscape'>\r\n<a rel='gallery-nr'><img loading=\"lazy\" decoding=\"async\" width=\"500\" height=\"500\" src=\"https:\/\/images-na.ssl-images-amazon.com\/images\/I\/51cAiaxj%2BQL.jpg\" class=\"attachment-full size-full\" alt=\"\" srcset=\"https:\/\/images-na.ssl-images-amazon.com\/images\/I\/51cAiaxj%2BQL.jpg 500w, https:\/\/images-na.ssl-images-amazon.com\/images\/I\/51cAiaxj%2BQL._SS150_.jpg 150w, https:\/\/images-na.ssl-images-amazon.com\/images\/I\/51cAiaxj%2BQL._SS300_.jpg 300w, https:\/\/images-na.ssl-images-amazon.com\/images\/I\/51cAiaxj%2BQL._SS768_.jpg 768w, https:\/\/images-na.ssl-images-amazon.com\/images\/I\/51cAiaxj%2BQL._SS1024_.jpg 1024w, https:\/\/images-na.ssl-images-amazon.com\/images\/I\/51cAiaxj%2BQL._SS1536_.jpg 1536w, https:\/\/images-na.ssl-images-amazon.com\/images\/I\/51cAiaxj%2BQL._SS2048_.jpg 2048w, https:\/\/images-na.ssl-images-amazon.com\/images\/I\/51cAiaxj%2BQL._SS145_.jpg 145w, https:\/\/images-na.ssl-images-amazon.com\/images\/I\/51cAiaxj%2BQL._SS1200_.jpg 1200w, https:\/\/images-na.ssl-images-amazon.com\/images\/I\/51cAiaxj%2BQL._SS50_.jpg 50w, https:\/\/images-na.ssl-images-amazon.com\/images\/I\/51cAiaxj%2BQL._SS604_.jpg 604w, https:\/\/images-na.ssl-images-amazon.com\/images\/I\/51cAiaxj%2BQL._SS281_.jpg 281w, https:\/\/images-na.ssl-images-amazon.com\/images\/I\/51cAiaxj%2BQL._SS799_.jpg 799w, https:\/\/images-na.ssl-images-amazon.com\/images\/I\/51cAiaxj%2BQL._SS250_.jpg 250w, https:\/\/images-na.ssl-images-amazon.com\/images\/I\/51cAiaxj%2BQL._SS450_.jpg 450w, https:\/\/images-na.ssl-images-amazon.com\/images\/I\/51cAiaxj%2BQL._SS220_.jpg 220w\" sizes=\"auto, (max-width: 500px) 100vw, 500px\" \/><\/a>\r\n<\/dt>\r\n<dd class='wp-caption-text gallery-caption'>\r\n<div class='gallery-caption-inner'> <div class='wp-caption-text gallery-title'>\r\n\tgartendekoparadiesde-Massive-Steinfigur-schmaler-Moench-Buddha-aus-Steinguss-frostfest-Grau\r\n\t<\/div><div class='wp-caption-text gallery-zoom no-text'>\r\n\t <a href=https:\/\/www.gartenvip.de\/?attachment_id=14670 title='Click to view Full Image' class='icon mustang-gallery'><i class='fa fa-plus'><\/i><\/a>\r\n\t<\/div><div class='wp-caption-text gallery-redirect'>\r\n\t <a href=https:\/\/www.gartenvip.de\/?attachment_id=14670 title='Click to view read more' class='icon readmore'><i class='fa fa-link'><\/i><\/a>\r\n\t<\/div><\/div><\/dd><\/dl><dl class='gallery-item'>\r\n<dt class='gallery-icon landscape'>\r\n<a rel='gallery-nr'><img loading=\"lazy\" decoding=\"async\" width=\"500\" height=\"500\" src=\"https:\/\/images-na.ssl-images-amazon.com\/images\/I\/519-GImYlUL.jpg\" class=\"attachment-full size-full\" alt=\"\" srcset=\"https:\/\/images-na.ssl-images-amazon.com\/images\/I\/519-GImYlUL.jpg 500w, https:\/\/images-na.ssl-images-amazon.com\/images\/I\/519-GImYlUL._SS150_.jpg 150w, https:\/\/images-na.ssl-images-amazon.com\/images\/I\/519-GImYlUL._SS300_.jpg 300w, https:\/\/images-na.ssl-images-amazon.com\/images\/I\/519-GImYlUL._SS768_.jpg 768w, https:\/\/images-na.ssl-images-amazon.com\/images\/I\/519-GImYlUL._SS1024_.jpg 1024w, https:\/\/images-na.ssl-images-amazon.com\/images\/I\/519-GImYlUL._SS1536_.jpg 1536w, https:\/\/images-na.ssl-images-amazon.com\/images\/I\/519-GImYlUL._SS2048_.jpg 2048w, https:\/\/images-na.ssl-images-amazon.com\/images\/I\/519-GImYlUL._SS145_.jpg 145w, https:\/\/images-na.ssl-images-amazon.com\/images\/I\/519-GImYlUL._SS1200_.jpg 1200w, https:\/\/images-na.ssl-images-amazon.com\/images\/I\/519-GImYlUL._SS50_.jpg 50w, https:\/\/images-na.ssl-images-amazon.com\/images\/I\/519-GImYlUL._SS604_.jpg 604w, https:\/\/images-na.ssl-images-amazon.com\/images\/I\/519-GImYlUL._SS281_.jpg 281w, https:\/\/images-na.ssl-images-amazon.com\/images\/I\/519-GImYlUL._SS799_.jpg 799w, https:\/\/images-na.ssl-images-amazon.com\/images\/I\/519-GImYlUL._SS250_.jpg 250w, https:\/\/images-na.ssl-images-amazon.com\/images\/I\/519-GImYlUL._SS450_.jpg 450w, https:\/\/images-na.ssl-images-amazon.com\/images\/I\/519-GImYlUL._SS220_.jpg 220w\" sizes=\"auto, (max-width: 500px) 100vw, 500px\" \/><\/a>\r\n<\/dt>\r\n<dd class='wp-caption-text gallery-caption'>\r\n<div class='gallery-caption-inner'> <div class='wp-caption-text gallery-title'>\r\n\tgartendekoparadiesde-Massive-Steinfigur-schmaler-Moench-Buddha-aus-Steinguss-frostfest-Grau\r\n\t<\/div><div class='wp-caption-text gallery-zoom no-text'>\r\n\t <a href=https:\/\/www.gartenvip.de\/?attachment_id=14671 title='Click to view Full Image' class='icon mustang-gallery'><i class='fa fa-plus'><\/i><\/a>\r\n\t<\/div><div class='wp-caption-text gallery-redirect'>\r\n\t <a href=https:\/\/www.gartenvip.de\/?attachment_id=14671 title='Click to view read more' class='icon readmore'><i class='fa fa-link'><\/i><\/a>\r\n\t<\/div><\/div><\/dd><\/dl>\r\n<\/div>\n\n<div class=\"celwidget aplus-module launchpad-company-logo aplus-standard\">\n<div class=\"a-section a-text-center launchpad-module launchpad-module-company-logo\"> <img decoding=\"async\" alt=\"Gartendeko aus Stein, Gartenfiguren, Pflanzgef\u00e4\u00dfe, Gartenm\u00f6bel, Buddhas, Steinlaternen, Gargoyles\" src=\"https:\/\/images-na.ssl-images-amazon.com\/images\/G\/01\/x-locale\/common\/grey-pixel.gif\" class=\"a-lazy-loaded\" data-src=\"https:\/\/m.media-amazon.com\/images\/S\/aplus-media\/sc\/fd4b9667-0d35-488b-b77e-41ee14883a27.__CR0,0,600,180_PT0_SX600_V1___.jpg\"><img decoding=\"async\" alt=\"Gartendeko aus Stein, Gartenfiguren, Pflanzgef\u00e4\u00dfe, Gartenm\u00f6bel, Buddhas, Steinlaternen, Gargoyles\" src=\"https:\/\/m.media-amazon.com\/images\/S\/aplus-media\/sc\/fd4b9667-0d35-488b-b77e-41ee14883a27.__CR0,0,600,180_PT0_SX600_V1___.jpg\"> <\/div><\/div>\n<div class=\"celwidget aplus-module module-12 aplus-standard\">\n<div data-a-expander-name=\"aplus-module-expander\" data-a-expander-collapsed-height=\"360\" class=\"a-expander-collapsed-height a-row a-expander-container a-expander-partial-collapse-container\">\n<div class=\"a-expander-content a-expander-partial-collapse-content\">\n<div class=\"aplus-module-wrapper apm-spacing apm-floatnone apm-fixed-width\">\n<div class=\"apm-sidemodule aplus-module-content\">\n<div class=\"apm-hero-image\"> <img decoding=\"async\" alt=\"Budda Stein-Buddha Feng-Shui Steinfigur Garten-Buddha aus Steinguss\" src=\"https:\/\/images-na.ssl-images-amazon.com\/images\/G\/01\/x-locale\/common\/grey-pixel.gif\" class=\"a-lazy-loaded\" data-src=\"https:\/\/m.media-amazon.com\/images\/S\/aplus-media\/sc\/97353f82-d4d2-482b-9192-86cfbe1908c2.__CR0,690,2542,786_PT0_SX970_V1___.jpg\"><img decoding=\"async\" alt=\"Budda Stein-Buddha Feng-Shui Steinfigur Garten-Buddha aus Steinguss\" src=\"https:\/\/m.media-amazon.com\/images\/S\/aplus-media\/sc\/97353f82-d4d2-482b-9192-86cfbe1908c2.__CR0,690,2542,786_PT0_SX970_V1___.jpg\"> <\/div><\/div><\/div>\n<div><\/div><\/div>\n<div class=\"a-expander-header a-expander-partial-collapse-header a-text-left\">\n<div class=\"a-expander-content-fade\"><\/div>\n<p><a href=\"void(0)\" data-action=\"a-expander-toggle\" class=\"a-declarative\" data-a-expander-toggle=\"{\"><i class=\"a-icon a-icon-extender-expand\"><\/i><span class=\"a-expander-prompt\">Mehr lesen<\/span><\/a><\/div><\/div><\/div>\n<div class=\"celwidget aplus-module basic-module-13-text aplus-standard\">\n<div class=\"a-section a-spacing-none aplus-module aplus-module-13 aplus-module-wrapper apm-fixed-width\"> <!-- Optional header --> <\/p>\n<div class=\"a-section a-spacing-none aplus-13-heading\">\n<h1 class=\"aplus-13-heading-text a-text-bold\"> Gestalten Sie Ihren Garten zu Ihrem Paradies! <\/h1>\n<\/p><\/div>\n<div class=\"a-section a-spacing-none aplus-module-section aplus-text-section\">\n<p class=\"description\"> Unser Shop bietet Ihnen ein gro\u00dfes und wundervolles Sortiment an Steinfiguren, Gartenfiguren und Statuen aller Art, Blumengef\u00e4\u00dfe &amp; Pflanzgef\u00e4\u00dfe, japanische Steinlaternen, Springbrunnen und viele Geschenkideen mehr. <\/p>\n<p class=\"description\"> Unsere Artikel werden aus hochwertigen und stabilen mineralischem Werkstoff (Wei\u00dfbeton, Steinguss) hergestellt und in m\u00fchevoller Handarbeit bearbeitet und patiniert. Der Steinguss ist 100 % frostsicher und witterungsbest\u00e4ndig. <\/p>\n<\/p><\/div><\/div><\/div>\n<div class=\"celwidget aplus-module module-2 aplus-standard\">\n<div data-a-expander-name=\"aplus-module-expander\" data-a-expander-collapsed-height=\"700\" class=\"a-expander-collapsed-height a-row a-expander-container a-expander-partial-collapse-container\">\n<div class=\"a-expander-content a-expander-partial-collapse-content\">\n<div class=\"aplus-module-wrapper apm-floatnone apm-fixed-width\">\n<div class=\"apm-sidemodule apm-spacing\">\n<div class=\"apm-sidemodule-imageleft\"> <img decoding=\"async\" alt=\"Beispiel Buddha\" src=\"https:\/\/images-na.ssl-images-amazon.com\/images\/G\/01\/x-locale\/common\/grey-pixel.gif\" class=\"a-lazy-loaded\" data-src=\"https:\/\/m.media-amazon.com\/images\/S\/aplus-media\/sc\/54a635ba-1249-473c-8443-b67ecf8b6bcc.__CR0,0,600,600_PT0_SX300_V1___.jpg\"><img decoding=\"async\" alt=\"Beispiel Buddha\" src=\"https:\/\/m.media-amazon.com\/images\/S\/aplus-media\/sc\/54a635ba-1249-473c-8443-b67ecf8b6bcc.__CR0,0,600,600_PT0_SX300_V1___.jpg\"> <\/div>\n<div class=\"apm-sidemodule-textright\">\n<h3 class=\"a-spacing-mini\"> Buddhas <\/h3>\n<p> Im Buddhismus wird ein Mensch als Buddha (w\u00f6rtlich \u201eErwachter\u201c) bezeichnet, der &#8222;Bodhi&#8220; (w\u00f6rtlich &#8222;Erwachen&#8220;) erfahren hat. Es ist au\u00dferdem der Ehrenname des indischen Religionsstifters Siddharte Gautama, welcher als Gr\u00fcnder des Buddhismus gilt. <\/p>\n<p> Wie alle anderen unserer Statuen werden auch die Buddhas von Hand hergestellt. Damit hat jeder Buddha seinen eigenen individuellen Farbton und Oberfl\u00e4chenstruktur. <\/p>\n<\/p><\/div><\/div><\/div>\n<div><\/div><\/div>\n<div class=\"a-expander-header a-expander-partial-collapse-header a-text-left\">\n<div class=\"a-expander-content-fade\"><\/div>\n<p><a href=\"void(0)\" data-action=\"a-expander-toggle\" class=\"a-declarative\" data-a-expander-toggle=\"{\"><i class=\"a-icon a-icon-extender-expand\"><\/i><span class=\"a-expander-prompt\">Mehr lesen<\/span><\/a><\/div><\/div><\/div>\n<div class=\"celwidget aplus-module module-9 aplus-standard\">\n<div data-a-expander-name=\"aplus-module-expander\" data-a-expander-collapsed-height=\"700\" class=\"a-expander-collapsed-height a-row a-expander-container a-expander-partial-collapse-container\">\n<div class=\"a-expander-content a-expander-partial-collapse-content\">\n<div class=\"aplus-module-wrapper apm-fixed-width\">\n<div class=\"apm-spacing apm-fixed-width\">\n<table class=\"apm-fixed-width apm-eventhirdcol-table\">\n<tbody>\n<tr>\n<th class=\"apm-center\">\n<div class=\"apm-eventhirdcol apm-floatleft\">\n<p> <img decoding=\"async\" alt=\"Buddha Stein-Buddha\" src=\"https:\/\/images-na.ssl-images-amazon.com\/images\/G\/01\/x-locale\/common\/grey-pixel.gif\" class=\"a-spacing-mini a-lazy-loaded\" data-src=\"https:\/\/m.media-amazon.com\/images\/S\/aplus-media\/sc\/7c283d5b-3e53-42ed-b7ce-c10f97821c00.__CR0,0,2753,2753_PT0_SX300_V1___.jpg\"><\/p>\n<p><img decoding=\"async\" alt=\"Buddha Stein-Buddha\" src=\"https:\/\/m.media-amazon.com\/images\/S\/aplus-media\/sc\/7c283d5b-3e53-42ed-b7ce-c10f97821c00.__CR0,0,2753,2753_PT0_SX300_V1___.jpg\"> <\/div>\n<\/th>\n<th class=\"apm-center\">\n<div class=\"apm-eventhirdcol apm-floatleft\">\n<p> <img decoding=\"async\" alt=\"Buddha vor Bambus Rohren\" src=\"https:\/\/images-na.ssl-images-amazon.com\/images\/G\/01\/x-locale\/common\/grey-pixel.gif\" class=\"a-spacing-mini a-lazy-loaded\" data-src=\"https:\/\/m.media-amazon.com\/images\/S\/aplus-media\/sc\/8043cc03-f5ff-4317-b6ac-b72a1f718e90.__CR1,0,1998,1998_PT0_SX300_V1___.jpg\"><\/p>\n<p><img decoding=\"async\" alt=\"Buddha vor Bambus Rohren\" src=\"https:\/\/m.media-amazon.com\/images\/S\/aplus-media\/sc\/8043cc03-f5ff-4317-b6ac-b72a1f718e90.__CR1,0,1998,1998_PT0_SX300_V1___.jpg\"> <\/div>\n<\/th>\n<th class=\"apm-center\">\n<div class=\"apm-eventhirdcol apm-floatleft\">\n<p> <img decoding=\"async\" alt=\"Garten mit Buddha\" src=\"https:\/\/images-na.ssl-images-amazon.com\/images\/G\/01\/x-locale\/common\/grey-pixel.gif\" class=\"a-spacing-mini a-lazy-loaded\" data-src=\"https:\/\/m.media-amazon.com\/images\/S\/aplus-media\/sc\/bc5e19a6-eafa-4958-aab8-bc0bf82ccdbc.__CR0,0,1999,1999_PT0_SX300_V1___.jpg\"><\/p>\n<p><img decoding=\"async\" alt=\"Garten mit Buddha\" src=\"https:\/\/m.media-amazon.com\/images\/S\/aplus-media\/sc\/bc5e19a6-eafa-4958-aab8-bc0bf82ccdbc.__CR0,0,1999,1999_PT0_SX300_V1___.jpg\"> <\/div>\n<\/th>\n<\/tr>\n<tr>\n<td class=\"apm-top\">\n<div class=\"apm-eventhirdcol apm-floatleft\">\n<h4 class=\"a-spacing-mini\"> Unsere Qualit\u00e4tsmerkmale <\/h4>\n<\/p>\n<ul class=\"a-unordered-list a-vertical\">\n<li><span class=\"a-list-item\">Hergestellt aus stabilen mineralischem Werkstoff<\/span><\/li>\n<li><span class=\"a-list-item\">Patinierung in aufwendiger Handarbeit<\/span><\/li>\n<li><span class=\"a-list-item\">100% frostsicher, winterfest und witterungsbest\u00e4ndig<\/span><\/li>\n<li><span class=\"a-list-item\">F\u00fcr langanhaltende Freude an einem sch\u00f6nen Garten<\/span><\/li>\n<\/ul>\n<\/p><\/div>\n<\/td>\n<td class=\"apm-top\">\n<div class=\"apm-eventhirdcol apm-floatleft\">\n<h4 class=\"a-spacing-mini\"> Unser Dekorationstipp <\/h4>\n<\/p>\n<ul class=\"a-unordered-list a-vertical\">\n<li><span class=\"a-list-item\">Ideal als Gartendekoration und f\u00fcr den Au\u00dfenbereich<\/span><\/li>\n<li><span class=\"a-list-item\">Auch als Wohnungsdekoration geeignet<\/span><\/li>\n<li><span class=\"a-list-item\">Besonders sch\u00f6n in der N\u00e4he von Br\u00fccken, Teichen oder Bachl\u00e4ufe (Unterstreicht die Spiegelungsf\u00e4higkeit des Wassers)<\/span><\/li>\n<\/ul>\n<\/p><\/div>\n<\/td>\n<td class=\"apm-top\">\n<div class=\"apm-eventhirdcol apm-floatleft\">\n<h4 class=\"a-spacing-mini\"> Unser Gartendekoparadies <\/h4>\n<\/p>\n<ul class=\"a-unordered-list a-vertical\">\n<li><span class=\"a-list-item\">Blumen- und Pflanzgef\u00e4\u00dfe<\/span><\/li>\n<li><span class=\"a-list-item\">Figuren und Statuen aller Art<\/span><\/li>\n<li><span class=\"a-list-item\">S\u00e4ulen und Sockel<\/span><\/li>\n<li><span class=\"a-list-item\">Steinlaternen<\/span><\/li>\n<\/ul>\n<\/p><\/div>\n<\/td>\n<\/tr>\n<\/tbody>\n<\/table>\n<\/div><\/div>\n<div><\/div><\/div>\n<div class=\"a-expander-header a-expander-partial-collapse-header a-text-left\">\n<div class=\"a-expander-content-fade\"><\/div>\n<p><a href=\"void(0)\" data-action=\"a-expander-toggle\" class=\"a-declarative\" data-a-expander-toggle=\"{\"><i class=\"a-icon a-icon-extender-expand\"><\/i><span class=\"a-expander-prompt\">Mehr lesen<\/span><\/a><\/div><\/div><\/div>\n<div class=\"celwidget aplus-module module-9 aplus-standard\">\n<div data-a-expander-name=\"aplus-module-expander\" data-a-expander-collapsed-height=\"700\" class=\"a-expander-collapsed-height a-row a-expander-container a-expander-partial-collapse-container\">\n<div class=\"a-expander-content a-expander-partial-collapse-content\">\n<div class=\"aplus-module-wrapper apm-fixed-width\">\n<div class=\"apm-spacing apm-fixed-width\">\n<h3 class=\"a-spacing-small\"> Entdecken Sie unsere Farbt\u00f6ne <\/h3>\n<table class=\"apm-fixed-width apm-eventhirdcol-table\">\n<tbody>\n<tr>\n<th class=\"apm-center\">\n<div class=\"apm-eventhirdcol apm-floatleft\">\n<p> <img decoding=\"async\" alt=\"Farbe Gold\" src=\"https:\/\/images-na.ssl-images-amazon.com\/images\/G\/01\/x-locale\/common\/grey-pixel.gif\" class=\"a-spacing-mini a-lazy-loaded\" data-src=\"https:\/\/m.media-amazon.com\/images\/S\/aplus-media\/sc\/b0bf2526-c519-443d-9850-82182d5d0526.__CR0,0,600,600_PT0_SX300_V1___.jpg\"><\/p>\n<p><img decoding=\"async\" alt=\"Farbe Gold\" src=\"https:\/\/m.media-amazon.com\/images\/S\/aplus-media\/sc\/b0bf2526-c519-443d-9850-82182d5d0526.__CR0,0,600,600_PT0_SX300_V1___.jpg\"> <\/div>\n<\/th>\n<th class=\"apm-center\">\n<div class=\"apm-eventhirdcol apm-floatleft\">\n<p> <img decoding=\"async\" alt=\"Farbe Grau\" src=\"https:\/\/images-na.ssl-images-amazon.com\/images\/G\/01\/x-locale\/common\/grey-pixel.gif\" class=\"a-spacing-mini a-lazy-loaded\" data-src=\"https:\/\/m.media-amazon.com\/images\/S\/aplus-media\/sc\/c8c8b902-5ae3-479d-b546-06a7771cdb03.__CR0,0,600,600_PT0_SX300_V1___.jpg\"><\/p>\n<p><img decoding=\"async\" alt=\"Farbe Grau\" src=\"https:\/\/m.media-amazon.com\/images\/S\/aplus-media\/sc\/c8c8b902-5ae3-479d-b546-06a7771cdb03.__CR0,0,600,600_PT0_SX300_V1___.jpg\"> <\/div>\n<\/th>\n<th class=\"apm-center\">\n<div class=\"apm-eventhirdcol apm-floatleft\">\n<p> <img decoding=\"async\" alt=\"Farbe Antik\" src=\"https:\/\/images-na.ssl-images-amazon.com\/images\/G\/01\/x-locale\/common\/grey-pixel.gif\" class=\"a-spacing-mini a-lazy-loaded\" data-src=\"https:\/\/m.media-amazon.com\/images\/S\/aplus-media\/sc\/1d45152f-1d7f-4497-b690-253e1fce716d.__CR0,0,600,600_PT0_SX300_V1___.jpg\"><\/p>\n<p><img decoding=\"async\" alt=\"Farbe Antik\" src=\"https:\/\/m.media-amazon.com\/images\/S\/aplus-media\/sc\/1d45152f-1d7f-4497-b690-253e1fce716d.__CR0,0,600,600_PT0_SX300_V1___.jpg\"> <\/div>\n<\/th>\n<\/tr>\n<tr>\n<td class=\"apm-top\">\n<div class=\"apm-eventhirdcol apm-floatleft\"> <\/div>\n<\/td>\n<td class=\"apm-top\">\n<div class=\"apm-eventhirdcol apm-floatleft\"> <\/div>\n<\/td>\n<td class=\"apm-top\">\n<div class=\"apm-eventhirdcol apm-floatleft\"> <\/div>\n<\/td>\n<\/tr>\n<\/tbody>\n<\/table>\n<\/div><\/div>\n<div><\/div><\/div>\n<div class=\"a-expander-header a-expander-partial-collapse-header a-text-left\">\n<div class=\"a-expander-content-fade\"><\/div>\n<p><a href=\"void(0)\" data-action=\"a-expander-toggle\" class=\"a-declarative\" data-a-expander-toggle=\"{\"><i class=\"a-icon a-icon-extender-expand\"><\/i><span class=\"a-expander-prompt\">Mehr lesen<\/span><\/a><\/div><\/div><\/div>\n<p>Gr\u00f6\u00dfe: 68 cm, Ma\u00dfe: 10 x 10 cm, Farbe: Grau, Gewicht: 8 kg, Werkstoff: Wei\u00dfbeton \/ Steinguss.<br \/>\nAlle Elemente werden aus hochklassigen, gegen s\u00e4mtliche Witterungsbedingungen (Frost, Regen, Sonne) best\u00e4ndigem Beton hergestellt. Frost- und wetterfest bis -30\u00b0C<br \/>\nDie Figuren, Statuen und Pflanzgef\u00e4\u00dfe eignen sich perfekt f\u00fcr die Dekoration Ihres Gartens \/ Aussenbereich, Ihrer Wohnung oder als Geschenk.<br \/>\ngartendekoparadies.de Markenqualit\u00e4t mit sehr hoher Kundenzufriedenheit.<br \/>\nAlle Elemente werden in aufwendiger Handarbeit hergestellt. Abweichungen in der Oberfl\u00e4chenstruktur und Farbgebung (Patina) sind daher m\u00f6glich.<br \/>\n<div class=\"main-cross-sell\" data-asin=\"B00T8F7KC4\">\n\n\t<div class=\"WooZone-cross-sell-loader\">\n\t\t<div>\n\t\t\t<div id=\"floatingBarsG\">\n\t\t\t\t<div class=\"blockG\" id=\"rotateG_01\"><\/div>\n\t\t\t\t<div class=\"blockG\" id=\"rotateG_02\"><\/div>\n\t\t\t\t<div class=\"blockG\" id=\"rotateG_03\"><\/div>\n\t\t\t\t<div class=\"blockG\" id=\"rotateG_04\"><\/div>\n\t\t\t\t<div class=\"blockG\" id=\"rotateG_05\"><\/div>\n\t\t\t\t<div class=\"blockG\" id=\"rotateG_06\"><\/div>\n\t\t\t\t<div class=\"blockG\" id=\"rotateG_07\"><\/div>\n\t\t\t\t<div class=\"blockG\" id=\"rotateG_08\"><\/div>\n\t\t\t<\/div>\n\t\t\t<div class=\"WooZone-cross-sell-loader-text\"><\/div>\n\t\t<\/div>\n\t<\/div>\n\n\t\t\n<\/div>\n<div style=\"clear:both;\"><\/div>\n","protected":false},"excerpt":{"rendered":"<p>Gr\u00f6\u00dfe: 68 cm, Ma\u00dfe: 10 x 10 cm, Farbe: Grau, Gewicht: 8 kg, Werkstoff: Wei\u00dfbeton \/ Steinguss.<br \/>\nAlle Elemente werden aus hochklassigen, gegen s\u00e4mtliche Witterungsbedingungen (Frost, Regen, Sonne) best\u00e4ndigem Beton hergestellt. Frost- und wetterfest bis -30\u00b0C<br \/>\nDie Figuren, Statuen und Pflanzgef\u00e4\u00dfe eignen sich perfekt f\u00fcr die Dekoration Ihres Gartens \/ Aussenbereich, Ihrer Wohnung oder als Geschenk.<\/p>\n","protected":false},"featured_media":14669,"comment_status":"open","ping_status":"closed","template":"","meta":[],"product_brand":[],"product_cat":[320],"product_tag":[],"class_list":{"0":"post-14668","1":"product","2":"type-product","3":"status-publish","4":"has-post-thumbnail","6":"product_cat-gartendeko","7":"pa_amazon-bestseller-rang-nr-56324-in-garten-siehe-top-100-in-garten-nr-351-in-gartenstatuen","8":"pa_auslaufartikel-produktion-dur-nein","9":"pa_brand-besuchen-sie-den-gartendekoparadies-de-store","10":"pa_durchschnittliche-kundenbewer-47-von-5-sternen-51-sternebewertungen-47-von-5-sternen","11":"pa_hersteller-gartendekoparadies-de","12":"pa_im-angebot-von-amazon-de-seit-10-januar-2015","13":"pa_materialart-steinguss-beton","14":"pa_produktabmessungen-10-x-10-x-68-cm-8-kilogramm","15":"pa_teilenummer-st101154","18":"first","19":"instock","20":"shipping-taxable","21":"purchasable","22":"product-type-simple"},"_links":{"self":[{"href":"https:\/\/www.gartenvip.de\/index.php?rest_route=\/wp\/v2\/product\/14668","targetHints":{"allow":["GET"]}}],"collection":[{"href":"https:\/\/www.gartenvip.de\/index.php?rest_route=\/wp\/v2\/product"}],"about":[{"href":"https:\/\/www.gartenvip.de\/index.php?rest_route=\/wp\/v2\/types\/product"}],"replies":[{"embeddable":true,"href":"https:\/\/www.gartenvip.de\/index.php?rest_route=%2Fwp%2Fv2%2Fcomments&post=14668"}],"wp:featuredmedia":[{"embeddable":true,"href":"https:\/\/www.gartenvip.de\/index.php?rest_route=\/wp\/v2\/media\/14669"}],"wp:attachment":[{"href":"https:\/\/www.gartenvip.de\/index.php?rest_route=%2Fwp%2Fv2%2Fmedia&parent=14668"}],"wp:term":[{"taxonomy":"product_brand","embeddable":true,"href":"https:\/\/www.gartenvip.de\/index.php?rest_route=%2Fwp%2Fv2%2Fproduct_brand&post=14668"},{"taxonomy":"product_cat","embeddable":true,"href":"https:\/\/www.gartenvip.de\/index.php?rest_route=%2Fwp%2Fv2%2Fproduct_cat&post=14668"},{"taxonomy":"product_tag","embeddable":true,"href":"https:\/\/www.gartenvip.de\/index.php?rest_route=%2Fwp%2Fv2%2Fproduct_tag&post=14668"}],"curies":[{"name":"wp","href":"https:\/\/api.w.org\/{rel}","templated":true}]}}