{"id":14733,"date":"2021-06-21T13:47:03","date_gmt":"2021-06-21T13:47:03","guid":{"rendered":"https:\/\/www.gartenvip.de\/?product=fenteer-kuenstliche-rabe-kraehe-waldvoegel-fuer-garten-balkon-5"},"modified":"2024-01-03T18:05:05","modified_gmt":"2024-01-03T17:05:05","slug":"fenteer-kuenstliche-rabe-kraehe-waldvoegel-fuer-garten-balkon-5","status":"publish","type":"product","link":"https:\/\/www.gartenvip.de\/?product=fenteer-kuenstliche-rabe-kraehe-waldvoegel-fuer-garten-balkon-5","title":{"rendered":"Fenteer K\u00fcnstliche Rabe Kr\u00e4he Waldv\u00f6gel f\u00fcr Garten Balkon &#8211; #5"},"content":{"rendered":"\n\t\t<div id='gallery-1' class='gallery galleryid-14733 gallery-columns-3 gallery-size-full'><dl class='gallery-item'>\r\n<dt class='gallery-icon landscape'>\r\n<a rel='gallery-nr'><img loading=\"lazy\" decoding=\"async\" width=\"500\" height=\"500\" src=\"https:\/\/images-na.ssl-images-amazon.com\/images\/I\/41xREOfaSBL.jpg\" class=\"attachment-full size-full\" alt=\"\" srcset=\"https:\/\/images-na.ssl-images-amazon.com\/images\/I\/41xREOfaSBL.jpg 500w, https:\/\/images-na.ssl-images-amazon.com\/images\/I\/41xREOfaSBL._SS150_.jpg 150w, https:\/\/images-na.ssl-images-amazon.com\/images\/I\/41xREOfaSBL._SS300_.jpg 300w, https:\/\/images-na.ssl-images-amazon.com\/images\/I\/41xREOfaSBL._SS768_.jpg 768w, https:\/\/images-na.ssl-images-amazon.com\/images\/I\/41xREOfaSBL._SS1024_.jpg 1024w, https:\/\/images-na.ssl-images-amazon.com\/images\/I\/41xREOfaSBL._SS1536_.jpg 1536w, https:\/\/images-na.ssl-images-amazon.com\/images\/I\/41xREOfaSBL._SS2048_.jpg 2048w, https:\/\/images-na.ssl-images-amazon.com\/images\/I\/41xREOfaSBL._SS145_.jpg 145w, https:\/\/images-na.ssl-images-amazon.com\/images\/I\/41xREOfaSBL._SS1200_.jpg 1200w, https:\/\/images-na.ssl-images-amazon.com\/images\/I\/41xREOfaSBL._SS50_.jpg 50w, https:\/\/images-na.ssl-images-amazon.com\/images\/I\/41xREOfaSBL._SS604_.jpg 604w, https:\/\/images-na.ssl-images-amazon.com\/images\/I\/41xREOfaSBL._SS281_.jpg 281w, https:\/\/images-na.ssl-images-amazon.com\/images\/I\/41xREOfaSBL._SS799_.jpg 799w, https:\/\/images-na.ssl-images-amazon.com\/images\/I\/41xREOfaSBL._SS250_.jpg 250w, https:\/\/images-na.ssl-images-amazon.com\/images\/I\/41xREOfaSBL._SS450_.jpg 450w, https:\/\/images-na.ssl-images-amazon.com\/images\/I\/41xREOfaSBL._SS220_.jpg 220w\" sizes=\"auto, (max-width: 500px) 100vw, 500px\" \/><\/a>\r\n<\/dt>\r\n<dd class='wp-caption-text gallery-caption'>\r\n<div class='gallery-caption-inner'> <div class='wp-caption-text gallery-title'>\r\n\tFenteer-Kuenstliche-Rabe-Kraehe-Waldvoegel-fuer-Garten-Balkon-5\r\n\t<\/div><div class='wp-caption-text gallery-zoom no-text'>\r\n\t <a href=https:\/\/www.gartenvip.de\/?attachment_id=14734 title='Click to view Full Image' class='icon mustang-gallery'><i class='fa fa-plus'><\/i><\/a>\r\n\t<\/div><div class='wp-caption-text gallery-redirect'>\r\n\t <a href=https:\/\/www.gartenvip.de\/?attachment_id=14734 title='Click to view read more' class='icon readmore'><i class='fa fa-link'><\/i><\/a>\r\n\t<\/div><\/div><\/dd><\/dl><dl class='gallery-item'>\r\n<dt class='gallery-icon landscape'>\r\n<a rel='gallery-nr'><img loading=\"lazy\" decoding=\"async\" width=\"500\" height=\"500\" src=\"https:\/\/images-na.ssl-images-amazon.com\/images\/I\/410mBr6qySL.jpg\" class=\"attachment-full size-full\" alt=\"\" srcset=\"https:\/\/images-na.ssl-images-amazon.com\/images\/I\/410mBr6qySL.jpg 500w, https:\/\/images-na.ssl-images-amazon.com\/images\/I\/410mBr6qySL._SS150_.jpg 150w, https:\/\/images-na.ssl-images-amazon.com\/images\/I\/410mBr6qySL._SS300_.jpg 300w, https:\/\/images-na.ssl-images-amazon.com\/images\/I\/410mBr6qySL._SS768_.jpg 768w, https:\/\/images-na.ssl-images-amazon.com\/images\/I\/410mBr6qySL._SS1024_.jpg 1024w, https:\/\/images-na.ssl-images-amazon.com\/images\/I\/410mBr6qySL._SS1536_.jpg 1536w, https:\/\/images-na.ssl-images-amazon.com\/images\/I\/410mBr6qySL._SS2048_.jpg 2048w, https:\/\/images-na.ssl-images-amazon.com\/images\/I\/410mBr6qySL._SS145_.jpg 145w, https:\/\/images-na.ssl-images-amazon.com\/images\/I\/410mBr6qySL._SS1200_.jpg 1200w, https:\/\/images-na.ssl-images-amazon.com\/images\/I\/410mBr6qySL._SS50_.jpg 50w, https:\/\/images-na.ssl-images-amazon.com\/images\/I\/410mBr6qySL._SS604_.jpg 604w, https:\/\/images-na.ssl-images-amazon.com\/images\/I\/410mBr6qySL._SS281_.jpg 281w, https:\/\/images-na.ssl-images-amazon.com\/images\/I\/410mBr6qySL._SS799_.jpg 799w, https:\/\/images-na.ssl-images-amazon.com\/images\/I\/410mBr6qySL._SS250_.jpg 250w, https:\/\/images-na.ssl-images-amazon.com\/images\/I\/410mBr6qySL._SS450_.jpg 450w, https:\/\/images-na.ssl-images-amazon.com\/images\/I\/410mBr6qySL._SS220_.jpg 220w\" sizes=\"auto, (max-width: 500px) 100vw, 500px\" \/><\/a>\r\n<\/dt>\r\n<dd class='wp-caption-text gallery-caption'>\r\n<div class='gallery-caption-inner'> <div class='wp-caption-text gallery-title'>\r\n\tFenteer-Kuenstliche-Rabe-Kraehe-Waldvoegel-fuer-Garten-Balkon-5\r\n\t<\/div><div class='wp-caption-text gallery-zoom no-text'>\r\n\t <a href=https:\/\/www.gartenvip.de\/?attachment_id=14735 title='Click to view Full Image' class='icon mustang-gallery'><i class='fa fa-plus'><\/i><\/a>\r\n\t<\/div><div class='wp-caption-text gallery-redirect'>\r\n\t <a href=https:\/\/www.gartenvip.de\/?attachment_id=14735 title='Click to view read more' class='icon readmore'><i class='fa fa-link'><\/i><\/a>\r\n\t<\/div><\/div><\/dd><\/dl><dl class='gallery-item'>\r\n<dt class='gallery-icon landscape'>\r\n<a rel='gallery-nr'><img loading=\"lazy\" decoding=\"async\" width=\"500\" height=\"500\" src=\"https:\/\/images-na.ssl-images-amazon.com\/images\/I\/41kWs0PXm7L.jpg\" class=\"attachment-full size-full\" alt=\"\" srcset=\"https:\/\/images-na.ssl-images-amazon.com\/images\/I\/41kWs0PXm7L.jpg 500w, https:\/\/images-na.ssl-images-amazon.com\/images\/I\/41kWs0PXm7L._SS150_.jpg 150w, https:\/\/images-na.ssl-images-amazon.com\/images\/I\/41kWs0PXm7L._SS300_.jpg 300w, https:\/\/images-na.ssl-images-amazon.com\/images\/I\/41kWs0PXm7L._SS768_.jpg 768w, https:\/\/images-na.ssl-images-amazon.com\/images\/I\/41kWs0PXm7L._SS1024_.jpg 1024w, https:\/\/images-na.ssl-images-amazon.com\/images\/I\/41kWs0PXm7L._SS1536_.jpg 1536w, https:\/\/images-na.ssl-images-amazon.com\/images\/I\/41kWs0PXm7L._SS2048_.jpg 2048w, https:\/\/images-na.ssl-images-amazon.com\/images\/I\/41kWs0PXm7L._SS145_.jpg 145w, https:\/\/images-na.ssl-images-amazon.com\/images\/I\/41kWs0PXm7L._SS1200_.jpg 1200w, https:\/\/images-na.ssl-images-amazon.com\/images\/I\/41kWs0PXm7L._SS50_.jpg 50w, https:\/\/images-na.ssl-images-amazon.com\/images\/I\/41kWs0PXm7L._SS604_.jpg 604w, https:\/\/images-na.ssl-images-amazon.com\/images\/I\/41kWs0PXm7L._SS281_.jpg 281w, https:\/\/images-na.ssl-images-amazon.com\/images\/I\/41kWs0PXm7L._SS799_.jpg 799w, https:\/\/images-na.ssl-images-amazon.com\/images\/I\/41kWs0PXm7L._SS250_.jpg 250w, https:\/\/images-na.ssl-images-amazon.com\/images\/I\/41kWs0PXm7L._SS450_.jpg 450w, https:\/\/images-na.ssl-images-amazon.com\/images\/I\/41kWs0PXm7L._SS220_.jpg 220w\" sizes=\"auto, (max-width: 500px) 100vw, 500px\" \/><\/a>\r\n<\/dt>\r\n<dd class='wp-caption-text gallery-caption'>\r\n<div class='gallery-caption-inner'> <div class='wp-caption-text gallery-title'>\r\n\tFenteer-Kuenstliche-Rabe-Kraehe-Waldvoegel-fuer-Garten-Balkon-5\r\n\t<\/div><div class='wp-caption-text gallery-zoom no-text'>\r\n\t <a href=https:\/\/www.gartenvip.de\/?attachment_id=14736 title='Click to view Full Image' class='icon mustang-gallery'><i class='fa fa-plus'><\/i><\/a>\r\n\t<\/div><div class='wp-caption-text gallery-redirect'>\r\n\t <a href=https:\/\/www.gartenvip.de\/?attachment_id=14736 title='Click to view read more' class='icon readmore'><i class='fa fa-link'><\/i><\/a>\r\n\t<\/div><\/div><\/dd><\/dl>\r\n<\/div>\n\n<div class=\"disclaim\"> Farbe:<strong>#5<\/strong> <\/div>\n<p> <!-- show up to 2 reviews by default --> <\/p>\n<p><b>Willkommen zu unserem Gesch\u00e4ft, wo alle Produkte hochwertigen und billig sind, werden Ihre Anforderung erf\u00fcllen!<\/b><\/p>\n<p><\/p>\n<p><b>Beschreibung:<\/b><\/p>\n<p> &#8211; Handarbeit gemacht, brandneu und hochwertig.<\/p>\n<p> &#8211; \u00c4u\u00dferst realistische, sehr detaillierte Vogelgartendekoration.<\/p>\n<p> &#8211; Hohe Farbqualit\u00e4t und lebensechte Form, sch\u00f6n und nat\u00fcrlich.<\/p>\n<p> &#8211; Gro\u00dfartig auf Kr\u00e4nzen, \u00c4sten, wo immer Sie einen Hauch von Vogel m\u00f6chten, kann auch als kleiner Anh\u00e4nger oder festliches Party-Geschenk verwendet werden.<\/p>\n<p> &#8211; Gro\u00dfe St\u00fctzen f\u00fcr Haus, Garten, Hof, Schaufenster, Fotografie, Weihnachtsfest und Halloween-Party ect.<\/p>\n<p><b>Spezifikation:<\/b><\/p>\n<p> &#8211; Material: K\u00fcnstliche Feder<\/p>\n<p> &#8211; Gr\u00f6\u00dfe 1 #: Rabe: L\u00e4nge: 16cm \/ 6.30inch; R\u00fcckenbreite: 5cm \/ 1.97inch; Stehh\u00f6he: 7.5cm \/ 2.95inch<\/p>\n<p> &#8211; Gr\u00f6\u00dfe 2 #: Rabe: L\u00e4nge: 30cm \/ 11,81inch; R\u00fcckenbreite: 8.5cm \/ 3.35inch; Stehh\u00f6he: 15cm \/ 5.91inch<\/p>\n<p> &#8211; Gr\u00f6\u00dfe 3 #: Elster: L\u00e4nge: 22cm \/ 8.66inch; R\u00fcckenbreite: 5cm \/ 1.97inch; Stehh\u00f6he: 11cm \/ 4.33inch<\/p>\n<p> &#8211; Gr\u00f6\u00dfe 4 #: Rabe: L\u00e4nge: 28cm \/ 11.02inch; R\u00fcckenbreite: 7.5cm \/ 2.95inch; Stehh\u00f6he: 12cm \/ 4.72inch<\/p>\n<p> &#8211; Gr\u00f6\u00dfe 5 #: Rabe: L\u00e4nge: 16cm \/ 6.30inch; R\u00fcckenbreite: 20cm \/ 7,87inch; Stehh\u00f6he: 7cm \/ 2,76inch<\/p>\n<p> &#8211; Hinweis: pls erlauben 1-2 cm fehler aufgrund der hand messung.<\/p>\n<p><b>Paket beinhaltet:<\/b><\/p>\n<p>1 St\u00fcck k\u00fcnstlicher Vogel<\/p>\n<\/p>\n<p>\u00c4u\u00dferst realistische, sehr detaillierte Vogelgartendekoration.<br \/>\nHohe Farbqualit\u00e4t und lebensechte Form, sch\u00f6n und nat\u00fcrlich.<br \/>\nGro\u00dfartig auf Kr\u00e4nzen, \u00c4sten, wo immer Sie einen Hauch von Vogel m\u00f6chten, kann auch als kleiner Anh\u00e4nger oder festliches Party-Geschenk verwendet werden.<br \/>\nGro\u00dfe St\u00fctzen f\u00fcr Haus, Garten, Hof, Schaufenster, Fotografie, Weihnachtsfest und Halloween-Party ect.<br \/>\nHandarbeit gemacht, brandneu und hochwertig.<br \/>\n<div class=\"main-cross-sell\" data-asin=\"B07FGFSV7X\">\n\n\t<div class=\"WooZone-cross-sell-loader\">\n\t\t<div>\n\t\t\t<div id=\"floatingBarsG\">\n\t\t\t\t<div class=\"blockG\" id=\"rotateG_01\"><\/div>\n\t\t\t\t<div class=\"blockG\" id=\"rotateG_02\"><\/div>\n\t\t\t\t<div class=\"blockG\" id=\"rotateG_03\"><\/div>\n\t\t\t\t<div class=\"blockG\" id=\"rotateG_04\"><\/div>\n\t\t\t\t<div class=\"blockG\" id=\"rotateG_05\"><\/div>\n\t\t\t\t<div class=\"blockG\" id=\"rotateG_06\"><\/div>\n\t\t\t\t<div class=\"blockG\" id=\"rotateG_07\"><\/div>\n\t\t\t\t<div class=\"blockG\" id=\"rotateG_08\"><\/div>\n\t\t\t<\/div>\n\t\t\t<div class=\"WooZone-cross-sell-loader-text\"><\/div>\n\t\t<\/div>\n\t<\/div>\n\n\t\t\n<\/div>\n<div style=\"clear:both;\"><\/div>\n","protected":false},"excerpt":{"rendered":"<p>\u00c4u\u00dferst realistische, sehr detaillierte Vogelgartendekoration.<br \/>\nHohe Farbqualit\u00e4t und lebensechte Form, sch\u00f6n und nat\u00fcrlich.<br \/>\nGro\u00dfartig auf Kr\u00e4nzen, \u00c4sten, wo immer Sie einen Hauch von Vogel m\u00f6chten, kann auch als kleiner Anh\u00e4nger oder festliches Party-Geschenk verwendet werden.<\/p>\n","protected":false},"featured_media":14734,"comment_status":"open","ping_status":"closed","template":"","meta":[],"product_brand":[],"product_cat":[320],"product_tag":[],"class_list":{"0":"post-14733","1":"product","2":"type-product","3":"status-publish","4":"has-post-thumbnail","6":"product_cat-gartendeko","7":"pa_amazon-bestseller-rang-nr-42200-in-garten-siehe-top-100-in-garten-nr-134-in-tierfiguren-tierstatuen","8":"pa_brand-marke-fenteer","9":"pa_durchschnittliche-kundenbewer-29-von-5-sternen-71-sternebewertungen-29-von-5-sternen","10":"pa_herstellerreferenz-8123","11":"pa_im-angebot-von-amazon-de-seit-21-juni-2018","14":"first","15":"instock","16":"shipping-taxable","17":"purchasable","18":"product-type-simple"},"_links":{"self":[{"href":"https:\/\/www.gartenvip.de\/index.php?rest_route=\/wp\/v2\/product\/14733","targetHints":{"allow":["GET"]}}],"collection":[{"href":"https:\/\/www.gartenvip.de\/index.php?rest_route=\/wp\/v2\/product"}],"about":[{"href":"https:\/\/www.gartenvip.de\/index.php?rest_route=\/wp\/v2\/types\/product"}],"replies":[{"embeddable":true,"href":"https:\/\/www.gartenvip.de\/index.php?rest_route=%2Fwp%2Fv2%2Fcomments&post=14733"}],"wp:featuredmedia":[{"embeddable":true,"href":"https:\/\/www.gartenvip.de\/index.php?rest_route=\/wp\/v2\/media\/14734"}],"wp:attachment":[{"href":"https:\/\/www.gartenvip.de\/index.php?rest_route=%2Fwp%2Fv2%2Fmedia&parent=14733"}],"wp:term":[{"taxonomy":"product_brand","embeddable":true,"href":"https:\/\/www.gartenvip.de\/index.php?rest_route=%2Fwp%2Fv2%2Fproduct_brand&post=14733"},{"taxonomy":"product_cat","embeddable":true,"href":"https:\/\/www.gartenvip.de\/index.php?rest_route=%2Fwp%2Fv2%2Fproduct_cat&post=14733"},{"taxonomy":"product_tag","embeddable":true,"href":"https:\/\/www.gartenvip.de\/index.php?rest_route=%2Fwp%2Fv2%2Fproduct_tag&post=14733"}],"curies":[{"name":"wp","href":"https:\/\/api.w.org\/{rel}","templated":true}]}}