{"id":9608,"date":"2021-06-20T10:46:04","date_gmt":"2021-06-20T10:46:04","guid":{"rendered":"https:\/\/www.gartenvip.de\/?product=us-pickel-metall-oliv-mit-holzstiel"},"modified":"2024-01-03T16:48:25","modified_gmt":"2024-01-03T15:48:25","slug":"us-pickel-metall-oliv-mit-holzstiel","status":"publish","type":"product","link":"https:\/\/www.gartenvip.de\/?product=us-pickel-metall-oliv-mit-holzstiel","title":{"rendered":"MFH US Army Spitzhacke \/ Hacke"},"content":{"rendered":"<p><!-- show up to 2 reviews by default --> <\/p>\n<p><strong>US Pickel, Metall, oliv, mit Holzstiel und H\u00fclle<\/strong><\/p>\n<p>US Pickel, Metall, oliv,<br \/> mit Holzstiel und H\u00fclle<br \/>bew\u00e4hrter und robuster US Pickel<br \/>Spitz- und Flachhacke<br \/>schnell zerlegbar<br \/>hochwertige Transporth\u00fclle<\/p>\n<p>mit Lochkoppel- und Klettbefestigung<br \/>und Schlaufe f\u00fcr G\u00fcrtelbefestigung<br \/>Hackenl\u00e4nge: ca. 31 cm<br \/>Stiell\u00e4nge: ca. 40 cm <\/p>\n<p>Replik des WW2 kleinen US Army Spitzhacke \/ Hacke<br \/>\nGro\u00dfes Werkzeug f\u00fcr Aufbrechen B\u00f6den und Lehm<br \/>\nF\u00fcr Aushebeln umst\u00e4ndlich Wurzeln, Baumst\u00fcmpfe oder Zaunpfosten<br \/>\nMaterial: Hartholz und Metall<br \/>\nL\u00e4nge: 40cm. Wiegen: 670g<br \/>\n<div class=\"main-cross-sell\" data-asin=\"B00753O0PQ\">\n\n\t<div class=\"WooZone-cross-sell-loader\">\n\t\t<div>\n\t\t\t<div id=\"floatingBarsG\">\n\t\t\t\t<div class=\"blockG\" id=\"rotateG_01\"><\/div>\n\t\t\t\t<div class=\"blockG\" id=\"rotateG_02\"><\/div>\n\t\t\t\t<div class=\"blockG\" id=\"rotateG_03\"><\/div>\n\t\t\t\t<div class=\"blockG\" id=\"rotateG_04\"><\/div>\n\t\t\t\t<div class=\"blockG\" id=\"rotateG_05\"><\/div>\n\t\t\t\t<div class=\"blockG\" id=\"rotateG_06\"><\/div>\n\t\t\t\t<div class=\"blockG\" id=\"rotateG_07\"><\/div>\n\t\t\t\t<div class=\"blockG\" id=\"rotateG_08\"><\/div>\n\t\t\t<\/div>\n\t\t\t<div class=\"WooZone-cross-sell-loader-text\"><\/div>\n\t\t<\/div>\n\t<\/div>\n\n\t\t\n<\/div>\n<div style=\"clear:both;\"><\/div>\n","protected":false},"excerpt":{"rendered":"<p>Replik des WW2 kleinen US Army Spitzhacke \/ Hacke<br \/>\nGro\u00dfes Werkzeug f\u00fcr Aufbrechen B\u00f6den und Lehm<br \/>\nF\u00fcr Aushebeln umst\u00e4ndlich Wurzeln, Baumst\u00fcmpfe oder Zaunpfosten<\/p>\n","protected":false},"featured_media":9609,"comment_status":"open","ping_status":"closed","template":"","meta":[],"product_brand":[],"product_cat":[78],"product_tag":[],"class_list":{"0":"post-9608","1":"product","2":"type-product","3":"status-publish","4":"has-post-thumbnail","6":"product_cat-kleingeraete","7":"pa_amazon-bestseller-rang-nr-71081-in-garten-siehe-top-100-in-garten-nr-19-in-spitzhacken","8":"pa_artikelgewicht-1000-g","9":"pa_brand-marke-mfh","10":"pa_durchschnittliche-kundenbewer-43-von-5-sternen-18-sternebewertungen-43-von-5-sternen","11":"pa_hersteller-mfh","12":"pa_herstellerreferenz-799","13":"pa_im-angebot-von-amazon-de-seit-3-februar-2012","14":"pa_stueckzahl-96","15":"pa_verpackungsabmessungen-41-2-x-10-6-x-5-cm-999-99-gramm","16":"pa_zusammenbau-noetig-nein","19":"first","20":"instock","21":"shipping-taxable","22":"purchasable","23":"product-type-simple"},"_links":{"self":[{"href":"https:\/\/www.gartenvip.de\/index.php?rest_route=\/wp\/v2\/product\/9608","targetHints":{"allow":["GET"]}}],"collection":[{"href":"https:\/\/www.gartenvip.de\/index.php?rest_route=\/wp\/v2\/product"}],"about":[{"href":"https:\/\/www.gartenvip.de\/index.php?rest_route=\/wp\/v2\/types\/product"}],"replies":[{"embeddable":true,"href":"https:\/\/www.gartenvip.de\/index.php?rest_route=%2Fwp%2Fv2%2Fcomments&post=9608"}],"wp:featuredmedia":[{"embeddable":true,"href":"https:\/\/www.gartenvip.de\/index.php?rest_route=\/wp\/v2\/media\/9609"}],"wp:attachment":[{"href":"https:\/\/www.gartenvip.de\/index.php?rest_route=%2Fwp%2Fv2%2Fmedia&parent=9608"}],"wp:term":[{"taxonomy":"product_brand","embeddable":true,"href":"https:\/\/www.gartenvip.de\/index.php?rest_route=%2Fwp%2Fv2%2Fproduct_brand&post=9608"},{"taxonomy":"product_cat","embeddable":true,"href":"https:\/\/www.gartenvip.de\/index.php?rest_route=%2Fwp%2Fv2%2Fproduct_cat&post=9608"},{"taxonomy":"product_tag","embeddable":true,"href":"https:\/\/www.gartenvip.de\/index.php?rest_route=%2Fwp%2Fv2%2Fproduct_tag&post=9608"}],"curies":[{"name":"wp","href":"https:\/\/api.w.org\/{rel}","templated":true}]}}