{"id":9971,"date":"2021-06-20T10:54:26","date_gmt":"2021-06-20T10:54:26","guid":{"rendered":"https:\/\/www.gartenvip.de\/?product=schnellkomposter-380-liter-kompostierer-thermokomposter"},"modified":"2024-01-03T16:56:09","modified_gmt":"2024-01-03T15:56:09","slug":"schnellkomposter-380-liter-kompostierer-thermokomposter","status":"publish","type":"product","link":"https:\/\/www.gartenvip.de\/?product=schnellkomposter-380-liter-kompostierer-thermokomposter","title":{"rendered":"Schnellkomposter 380 Liter Kompostierer Thermokomposter"},"content":{"rendered":"<p><!-- show up to 2 reviews by default --> <\/p>\n<p>Ihr neuer Schnellkomposter 380 Liter &#8211; eine tolle Idee. Produzieren Sie Ihre eigene, humusreiche Erde und lassen Sie Ihrem gr\u00fcnen Daumen freien Lauf. Durch die spezielle Bauweise und der dunklen Farbe entsteht im Innern eine h\u00f6here Temperatur als bei anderen, herk\u00f6mmlichen Kompostern. Die W\u00e4rme wiederum beg\u00fcnstigt eine schnellere bakterielle Zersetzung und Sie haben so bessere Ergebnisse. <br \/> Einfach auf ein passendes Fleckchen Boden stellen &#8211; f\u00fcllen &#8211; fertig.<\/p>\n<p>Details: <br \/> Witterungsbest\u00e4ndig<br \/> Leicht aufzustellen (wird zerlegt geliefert)<br \/> Hohe W\u00e4rmeentwicklung im Innern, dadurch besserer Humus<br \/> F\u00fcr Garten- und K\u00fcchenabf\u00e4lle<br \/> Leichtes Bef\u00fcllen von oben<br \/> 2 Klappen zur Humus Entnahme unten<br \/> Deckel klappbar<br \/> Material: Kunststoff<br \/> Fassungsverm\u00f6gen: 380 Liter<br \/> Farbe: Schwarz<br \/> Ma\u00dfe LxBxH: 72x72x83 cm<br \/> Gewicht: ca. 5,43 kg<\/p>\n<\/p>\n<p>\u25ba Fassungsverm\u00f6gen: 380 Liter<br \/>\n\u25ba Hohe W\u00e4rmeentwicklung im Innern, dadurch besserer Humus<br \/>\n\u25ba Wetterbest\u00e4ndig bis: -45 \u00b0C | +55\u00b0C<br \/>\n\u25ba Leichtes Bef\u00fcllen von oben<br \/>\n\u25ba 2 Klappen zur Humus Entnahme unten<br \/>\n<div class=\"main-cross-sell\" data-asin=\"B00MA5UOJK\">\n\n\t<div class=\"WooZone-cross-sell-loader\">\n\t\t<div>\n\t\t\t<div id=\"floatingBarsG\">\n\t\t\t\t<div class=\"blockG\" id=\"rotateG_01\"><\/div>\n\t\t\t\t<div class=\"blockG\" id=\"rotateG_02\"><\/div>\n\t\t\t\t<div class=\"blockG\" id=\"rotateG_03\"><\/div>\n\t\t\t\t<div class=\"blockG\" id=\"rotateG_04\"><\/div>\n\t\t\t\t<div class=\"blockG\" id=\"rotateG_05\"><\/div>\n\t\t\t\t<div class=\"blockG\" id=\"rotateG_06\"><\/div>\n\t\t\t\t<div class=\"blockG\" id=\"rotateG_07\"><\/div>\n\t\t\t\t<div class=\"blockG\" id=\"rotateG_08\"><\/div>\n\t\t\t<\/div>\n\t\t\t<div class=\"WooZone-cross-sell-loader-text\"><\/div>\n\t\t<\/div>\n\t<\/div>\n\n\t\t\n<\/div>\n<div style=\"clear:both;\"><\/div>\n","protected":false},"excerpt":{"rendered":"<p>\u25ba Fassungsverm\u00f6gen: 380 Liter<br \/>\n\u25ba Hohe W\u00e4rmeentwicklung im Innern, dadurch besserer Humus<br \/>\n\u25ba Wetterbest\u00e4ndig bis: -45 \u00b0C | +55\u00b0C<\/p>\n","protected":false},"featured_media":9972,"comment_status":"open","ping_status":"closed","template":"","meta":[],"product_brand":[],"product_cat":[42],"product_tag":[],"class_list":{"0":"post-9971","1":"product","2":"type-product","3":"status-publish","4":"has-post-thumbnail","6":"product_cat-kompost","7":"pa_amazon-bestseller-rang-nr-8774-in-garten-siehe-top-100-in-garten-nr-6-in-komposte","8":"pa_auslaufartikel-produktion-dur-nein","9":"pa_brand-marke-hergestellt-fuer-dema","10":"pa_durchschnittliche-kundenbewer-38-von-5-sternen-382-sternebewertungen-38-von-5-sternen","11":"pa_hersteller-hergestellt-fuer-dema","12":"pa_im-angebot-von-amazon-de-seit-30-juli-2014","13":"pa_produktabmessungen-0-01-x-0-01-x-0-01-cm-10-gramm","14":"pa_schirmmaterial-kunststoff","15":"pa_teilenummer-1369","16":"pa_volumen-380-liter","19":"first","20":"instock","21":"shipping-taxable","22":"purchasable","23":"product-type-simple"},"_links":{"self":[{"href":"https:\/\/www.gartenvip.de\/index.php?rest_route=\/wp\/v2\/product\/9971","targetHints":{"allow":["GET"]}}],"collection":[{"href":"https:\/\/www.gartenvip.de\/index.php?rest_route=\/wp\/v2\/product"}],"about":[{"href":"https:\/\/www.gartenvip.de\/index.php?rest_route=\/wp\/v2\/types\/product"}],"replies":[{"embeddable":true,"href":"https:\/\/www.gartenvip.de\/index.php?rest_route=%2Fwp%2Fv2%2Fcomments&post=9971"}],"wp:featuredmedia":[{"embeddable":true,"href":"https:\/\/www.gartenvip.de\/index.php?rest_route=\/wp\/v2\/media\/9972"}],"wp:attachment":[{"href":"https:\/\/www.gartenvip.de\/index.php?rest_route=%2Fwp%2Fv2%2Fmedia&parent=9971"}],"wp:term":[{"taxonomy":"product_brand","embeddable":true,"href":"https:\/\/www.gartenvip.de\/index.php?rest_route=%2Fwp%2Fv2%2Fproduct_brand&post=9971"},{"taxonomy":"product_cat","embeddable":true,"href":"https:\/\/www.gartenvip.de\/index.php?rest_route=%2Fwp%2Fv2%2Fproduct_cat&post=9971"},{"taxonomy":"product_tag","embeddable":true,"href":"https:\/\/www.gartenvip.de\/index.php?rest_route=%2Fwp%2Fv2%2Fproduct_tag&post=9971"}],"curies":[{"name":"wp","href":"https:\/\/api.w.org\/{rel}","templated":true}]}}